{"id":874,"date":"2022-12-08T15:41:39","date_gmt":"2022-12-08T14:41:39","guid":{"rendered":"https:\/\/lamaggese.fr\/?page_id=874"},"modified":"2025-09-16T10:20:03","modified_gmt":"2025-09-16T08:20:03","slug":"la-collective-darles","status":"publish","type":"page","link":"https:\/\/lamaggese.fr\/index.php\/la-collective-darles\/","title":{"rendered":"Le ch\u0153ur de Madi\u00e8res"},"content":{"rendered":"\n<hr class=\"wp-block-separator has-css-opacity\"\/>\n\n\n\n<p>Des journ\u00e9es d\u00e9couverte du Chant de la tradition orale italienne, chants de luttes<\/p>\n\n\n\n<p><\/p>\n\n\n\n<p>La Compagnie Maggese organise des journ\u00e9es&nbsp;d\u00e9couverte du Chant de la tradition orale italienne, pour parler de&nbsp;<strong>PAIX<\/strong>, de&nbsp;<strong>JUSTICE<\/strong>, d\u2019<strong>\u00c9GALIT\u00c9<\/strong>, de&nbsp;<strong>BONHEUR<\/strong>, de&nbsp;<strong>PARTAGE<\/strong>, pour r\u00eaver en chantant d\u2019un monde meilleurs, pour le rendre meilleur !!<\/p>\n\n\n\n<p>Venez chanter, partager, chanter et discuter et chanter encore les chants qui ont fait la colonne sonore des italiens dans leurs luttes, leur victoires, leur doutes et leurs joies.<\/p>\n\n\n\n<p><strong>Anna Andreotti vous invite \u00e0 des journ\u00e9es de d\u00e9couverte du chant de lutte italien :<\/strong><\/p>\n\n\n\n<p>de 10h\/13h et 14h\/16h<\/p>\n\n\n\n<blockquote class=\"wp-block-quote is-layout-flow wp-block-quote-is-layout-flow\">\n<blockquote class=\"wp-block-quote is-layout-flow wp-block-quote-is-layout-flow\">\n<figure class=\"wp-block-table\"><table><tbody><tr><td><strong>Reprise en octobre !<\/strong><br><br>6 octobre, 9 d\u00e9cembre, 25 janvier, 11 f\u00e9vrier, 7 mars,\u00a018 avril, 24 mai &amp; 21 juin<\/td><\/tr><\/tbody><\/table><\/figure>\n<\/blockquote>\n\n\n\n<p><strong>+ d\u2019infos :&nbsp;<\/strong><\/p>\n<\/blockquote>\n\n\n\n<p><strong>R\u00c9SERVATION OBLIGATOIRE<\/strong><\/p>\n\n\n\n<p>10 personnes minimum<\/p>\n\n\n\n<p><strong>lamaggese@neuf.fr \/\/ 06.01.80.43.27<\/strong><\/p>\n\n\n\n<p>Lieu : dans nos maisons ! <\/p>\n","protected":false},"excerpt":{"rendered":"<p>Des journ\u00e9es d\u00e9couverte du Chant de la tradition orale italienne, chants de luttes La Compagnie Maggese organise des journ\u00e9es&nbsp;d\u00e9couverte du Chant de la tradition orale italienne, pour parler de&nbsp;PAIX, de&nbsp;JUSTICE, d\u2019\u00c9GALIT\u00c9, de&nbsp;BONHEUR, de&nbsp;PARTAGE, pour r\u00eaver en chantant d\u2019un monde meilleurs, pour le rendre meilleur !! Venez chanter, partager, chanter et discuter et chanter encore les &hellip; <\/p>\n<p class=\"link-more\"><a href=\"https:\/\/lamaggese.fr\/index.php\/la-collective-darles\/\" class=\"more-link\">Continuer la lecture<span class=\"screen-reader-text\"> de &laquo;&nbsp;Le ch\u0153ur de Madi\u00e8res&nbsp;&raquo;<\/span><\/a><\/p>\n","protected":false},"author":1,"featured_media":0,"parent":0,"menu_order":0,"comment_status":"closed","ping_status":"closed","template":"","meta":{"footnotes":""},"class_list":["post-874","page","type-page","status-publish","hentry"],"_links":{"self":[{"href":"https:\/\/lamaggese.fr\/index.php\/wp-json\/wp\/v2\/pages\/874","targetHints":{"allow":["GET"]}}],"collection":[{"href":"https:\/\/lamaggese.fr\/index.php\/wp-json\/wp\/v2\/pages"}],"about":[{"href":"https:\/\/lamaggese.fr\/index.php\/wp-json\/wp\/v2\/types\/page"}],"author":[{"embeddable":true,"href":"https:\/\/lamaggese.fr\/index.php\/wp-json\/wp\/v2\/users\/1"}],"replies":[{"embeddable":true,"href":"https:\/\/lamaggese.fr\/index.php\/wp-json\/wp\/v2\/comments?post=874"}],"version-history":[{"count":7,"href":"https:\/\/lamaggese.fr\/index.php\/wp-json\/wp\/v2\/pages\/874\/revisions"}],"predecessor-version":[{"id":1708,"href":"https:\/\/lamaggese.fr\/index.php\/wp-json\/wp\/v2\/pages\/874\/revisions\/1708"}],"wp:attachment":[{"href":"https:\/\/lamaggese.fr\/index.php\/wp-json\/wp\/v2\/media?parent=874"}],"curies":[{"name":"wp","href":"https:\/\/api.w.org\/{rel}","templated":true}]}}