{"id":77,"date":"2017-01-16T15:25:22","date_gmt":"2017-01-16T14:25:22","guid":{"rendered":"http:\/\/lamaggese.fr\/?page_id=77"},"modified":"2017-01-16T15:25:22","modified_gmt":"2017-01-16T14:25:22","slug":"vera-que-di-di-lune","status":"publish","type":"page","link":"https:\/\/lamaggese.fr\/index.php\/vera-que-di-di-lune\/","title":{"rendered":"Ver\u00e0 que di di lune"},"content":{"rendered":"<h6><\/h6>\n<p><em>D\u2019Anna Andreotti<\/em><\/p>\n<p>A la fin de celui ci, entre les miettes de pain et les verres vides, elles \u00e9changent leurs souvenirs d\u2019enfance, mi-tristes, mi-heureuses de se rem\u00e9morer ces moments. Les chansons, comptines se m\u00ealent spontan\u00e9ment au discours pour nous pr\u00e9senter une tranche de vie, o\u00f9 l\u2019on retrouve des sentiments partag\u00e9s par tous.<\/p>\n<p>L\u2019auteur \u00e9limine tous les conflits, tous les supports habituels de la dramaturgie pour ne laisser la place qu\u2019\u00e0 la diff\u00e9rence d\u2019\u00eatre, et cr\u00e9e ainsi une atmosph\u00e8re, une familiarit\u00e9 singuli\u00e8re entre ces deux femmes.<\/p>\n<p>A<\/p>\n<p>Moi, par contre Maria, je r\u00eavais de courir tellement vite<br \/>\nque je n\u2019aurais plus touch\u00e9 terre. Je continue de faire<br \/>\nce r\u00eave mais en plus compliqu\u00e9 : je cours sur l\u2019eau<br \/>\net je ne me mouille m\u00eame pas les pieds ! Comme J\u00e9sus !<\/p>\n<p>B<\/p>\n<p>Courir, oui, mais\u2026 rester en l\u2019air aussi longtemps<br \/>\nque possible. Je me vois encore dans la goutti\u00e8re,<br \/>\nla ville \u00e0 mes pieds, la t\u00f4le chaude sous mes genoux<br \/>\nl\u2019ivresse de la balan\u00e7oire et l\u2019espoir<br \/>\nde faire un jour le tour complet, puis deux, puis trois<br \/>\nLa terre et le ciel se seraient confondus\u2026<br \/>\nMais la pesanteur a vaincu !<\/p>\n","protected":false},"excerpt":{"rendered":"<p>D\u2019Anna Andreotti A la fin de celui ci, entre les miettes de pain et les verres vides, elles \u00e9changent leurs souvenirs d\u2019enfance, mi-tristes, mi-heureuses de se rem\u00e9morer ces moments. Les chansons, comptines se m\u00ealent spontan\u00e9ment au discours pour nous pr\u00e9senter une tranche de vie, o\u00f9 l\u2019on retrouve des sentiments partag\u00e9s par tous. L\u2019auteur \u00e9limine tous &hellip; <\/p>\n<p class=\"link-more\"><a href=\"https:\/\/lamaggese.fr\/index.php\/vera-que-di-di-lune\/\" class=\"more-link\">Continuer la lecture<span class=\"screen-reader-text\"> de &laquo;&nbsp;Ver\u00e0 que di di lune&nbsp;&raquo;<\/span><\/a><\/p>\n","protected":false},"author":1,"featured_media":0,"parent":0,"menu_order":0,"comment_status":"closed","ping_status":"closed","template":"","meta":{"footnotes":""},"class_list":["post-77","page","type-page","status-publish","hentry"],"_links":{"self":[{"href":"https:\/\/lamaggese.fr\/index.php\/wp-json\/wp\/v2\/pages\/77","targetHints":{"allow":["GET"]}}],"collection":[{"href":"https:\/\/lamaggese.fr\/index.php\/wp-json\/wp\/v2\/pages"}],"about":[{"href":"https:\/\/lamaggese.fr\/index.php\/wp-json\/wp\/v2\/types\/page"}],"author":[{"embeddable":true,"href":"https:\/\/lamaggese.fr\/index.php\/wp-json\/wp\/v2\/users\/1"}],"replies":[{"embeddable":true,"href":"https:\/\/lamaggese.fr\/index.php\/wp-json\/wp\/v2\/comments?post=77"}],"version-history":[{"count":1,"href":"https:\/\/lamaggese.fr\/index.php\/wp-json\/wp\/v2\/pages\/77\/revisions"}],"predecessor-version":[{"id":78,"href":"https:\/\/lamaggese.fr\/index.php\/wp-json\/wp\/v2\/pages\/77\/revisions\/78"}],"wp:attachment":[{"href":"https:\/\/lamaggese.fr\/index.php\/wp-json\/wp\/v2\/media?parent=77"}],"curies":[{"name":"wp","href":"https:\/\/api.w.org\/{rel}","templated":true}]}}