{"id":73,"date":"2017-01-16T15:24:30","date_gmt":"2017-01-16T14:24:30","guid":{"rendered":"http:\/\/lamaggese.fr\/?page_id=73"},"modified":"2017-01-16T15:24:30","modified_gmt":"2017-01-16T14:24:30","slug":"per-lina","status":"publish","type":"page","link":"https:\/\/lamaggese.fr\/index.php\/per-lina\/","title":{"rendered":"Per-lina !"},"content":{"rendered":"<h6><\/h6>\n<p><em>Cr\u00e9ation dirig\u00e9e par Anna ANDREOTTI<\/em><\/p>\n<p>Cr\u00e9\u00e9e \u00e0 partir d\u2019improvisations d\u2019abord en Italie puis en France, Per-lina ! se destine au jeune public. Plut\u00f4t que de voir les chansons d\u2019enfance et les comptines avec des yeux d\u2019adultes blas\u00e9s et indiff\u00e9rents, la metteuse en sc\u00e8ne et les com\u00e9diens ont effectu\u00e9 un v\u00e9ritable travail sur les textes de ces chansons en prenant le soin de les entendre et de les lire comme de vrais textes. A partir de comptines et chansons populaires, ils ont \u00e9labor\u00e9 une petite com\u00e9die musicale o\u00f9 le chant, le geste et la musique animent les personnages : un ange gourmand avec sa citrouille et ses deux biscuits rebelles<\/p>\n<p>Le parti pris de ce spectacle est d\u2019inverser les r\u00f4les : les enfants vivent tout le temps dans un monde de grands, alors pour une fois, les grands vont vivre dans un monde de petits ! ! C\u2019est ainsi que les com\u00e9diens se retrouvent \u00e0 jouer dans une boite de 1,50 m de c\u00f4t\u00e9, un biscuit g\u00e9ant qui accueille cette folle histoire. Le tout est rythm\u00e9 au son d\u2019instruments \u00e9tranges, alors qu\u2019un ange tente de pr\u00e9senter ce qu\u2019il pr\u00e9tend \u00eatre un chef d\u2019\u0153uvre..<\/p>\n","protected":false},"excerpt":{"rendered":"<p>Cr\u00e9ation dirig\u00e9e par Anna ANDREOTTI Cr\u00e9\u00e9e \u00e0 partir d\u2019improvisations d\u2019abord en Italie puis en France, Per-lina ! se destine au jeune public. Plut\u00f4t que de voir les chansons d\u2019enfance et les comptines avec des yeux d\u2019adultes blas\u00e9s et indiff\u00e9rents, la metteuse en sc\u00e8ne et les com\u00e9diens ont effectu\u00e9 un v\u00e9ritable travail sur les textes de &hellip; <\/p>\n<p class=\"link-more\"><a href=\"https:\/\/lamaggese.fr\/index.php\/per-lina\/\" class=\"more-link\">Continuer la lecture<span class=\"screen-reader-text\"> de &laquo;&nbsp;Per-lina !&nbsp;&raquo;<\/span><\/a><\/p>\n","protected":false},"author":1,"featured_media":0,"parent":0,"menu_order":0,"comment_status":"closed","ping_status":"closed","template":"","meta":{"footnotes":""},"class_list":["post-73","page","type-page","status-publish","hentry"],"_links":{"self":[{"href":"https:\/\/lamaggese.fr\/index.php\/wp-json\/wp\/v2\/pages\/73","targetHints":{"allow":["GET"]}}],"collection":[{"href":"https:\/\/lamaggese.fr\/index.php\/wp-json\/wp\/v2\/pages"}],"about":[{"href":"https:\/\/lamaggese.fr\/index.php\/wp-json\/wp\/v2\/types\/page"}],"author":[{"embeddable":true,"href":"https:\/\/lamaggese.fr\/index.php\/wp-json\/wp\/v2\/users\/1"}],"replies":[{"embeddable":true,"href":"https:\/\/lamaggese.fr\/index.php\/wp-json\/wp\/v2\/comments?post=73"}],"version-history":[{"count":1,"href":"https:\/\/lamaggese.fr\/index.php\/wp-json\/wp\/v2\/pages\/73\/revisions"}],"predecessor-version":[{"id":74,"href":"https:\/\/lamaggese.fr\/index.php\/wp-json\/wp\/v2\/pages\/73\/revisions\/74"}],"wp:attachment":[{"href":"https:\/\/lamaggese.fr\/index.php\/wp-json\/wp\/v2\/media?parent=73"}],"curies":[{"name":"wp","href":"https:\/\/api.w.org\/{rel}","templated":true}]}}