{"id":71,"date":"2017-01-16T15:24:05","date_gmt":"2017-01-16T14:24:05","guid":{"rendered":"http:\/\/lamaggese.fr\/?page_id=71"},"modified":"2017-01-16T15:24:05","modified_gmt":"2017-01-16T14:24:05","slug":"monologue-pour-un-abre","status":"publish","type":"page","link":"https:\/\/lamaggese.fr\/index.php\/monologue-pour-un-abre\/","title":{"rendered":"Monologue pour un abre"},"content":{"rendered":"<article id=\"post-28\" class=\"post-28 page type-page status-publish hentry\">\n<div class=\"entry-content\">\n<h6><\/h6>\n<p><em>extrait de THEATRE DECOMPOSE ou L\u2019HOMME-POUBELLE de Matei Visniec<\/em><\/p>\n<p>Un jour, un homme, bien sous tout rapport, regarde par la fen\u00eatre et voit\u2026 un cheval blanc\u2026 Et plus sa vie avance, plus ce cheval prend d\u2019importance, jusqu\u2019\u00e0 l\u2019emporter\u2026<br \/>\nQui est l\u2019homme au cheval ? Est-ce moi, est-ce vous ? Pourquoi un jour, la vie bascule dans un monde absurde et incompr\u00e9hensible ?<\/p>\n<p>Ce qui est touchant dans ce texte, c\u2019est justement cette proximit\u00e9 avec chacun de nous, cette vie quotidienne \u00e0 g\u00e9rer, cette communication avec les autres.Visniec nous donne la possibilit\u00e9 de rompre cette routine, de sortir du labyrinthe en saisissant un \u00e9v\u00e9nement extraordinaire : un espace nous est ouvert, une autre dimension nous est offerte. Une rencontre avec un cheval blanc.<\/p>\n<p>Historien et philosophe de formation, Visniec vit \u00e0 Paris depuis 1987 et travaille en tant que journaliste \u00e0 Radio France Internationale. Il obtient la nationalit\u00e9 fran\u00e7aise en 1993. Auteur de po\u00e9sies, romans sc\u00e9narios de films et de pi\u00e8ces de th\u00e9\u00e2tre, il est r\u00e9compens\u00e9 par de nombreux prix tant en Roumanie (son pays d\u2019origine) qu\u2019en France, avec notamment le prix de la SACD en 1994, celui du th\u00e9\u00e2tre vivant de RFI en 93 et 95 et le prix off d\u2019Avignon en 1996<\/p>\n<\/div>\n<footer class=\"entry-meta\"><\/footer>\n<\/article>\n<div id=\"comments\"><\/div>\n","protected":false},"excerpt":{"rendered":"<p>extrait de THEATRE DECOMPOSE ou L\u2019HOMME-POUBELLE de Matei Visniec Un jour, un homme, bien sous tout rapport, regarde par la fen\u00eatre et voit\u2026 un cheval blanc\u2026 Et plus sa vie avance, plus ce cheval prend d\u2019importance, jusqu\u2019\u00e0 l\u2019emporter\u2026 Qui est l\u2019homme au cheval ? Est-ce moi, est-ce vous ? Pourquoi un jour, la vie bascule &hellip; <\/p>\n<p class=\"link-more\"><a href=\"https:\/\/lamaggese.fr\/index.php\/monologue-pour-un-abre\/\" class=\"more-link\">Continuer la lecture<span class=\"screen-reader-text\"> de &laquo;&nbsp;Monologue pour un abre&nbsp;&raquo;<\/span><\/a><\/p>\n","protected":false},"author":1,"featured_media":0,"parent":0,"menu_order":0,"comment_status":"closed","ping_status":"closed","template":"","meta":{"footnotes":""},"class_list":["post-71","page","type-page","status-publish","hentry"],"_links":{"self":[{"href":"https:\/\/lamaggese.fr\/index.php\/wp-json\/wp\/v2\/pages\/71","targetHints":{"allow":["GET"]}}],"collection":[{"href":"https:\/\/lamaggese.fr\/index.php\/wp-json\/wp\/v2\/pages"}],"about":[{"href":"https:\/\/lamaggese.fr\/index.php\/wp-json\/wp\/v2\/types\/page"}],"author":[{"embeddable":true,"href":"https:\/\/lamaggese.fr\/index.php\/wp-json\/wp\/v2\/users\/1"}],"replies":[{"embeddable":true,"href":"https:\/\/lamaggese.fr\/index.php\/wp-json\/wp\/v2\/comments?post=71"}],"version-history":[{"count":1,"href":"https:\/\/lamaggese.fr\/index.php\/wp-json\/wp\/v2\/pages\/71\/revisions"}],"predecessor-version":[{"id":72,"href":"https:\/\/lamaggese.fr\/index.php\/wp-json\/wp\/v2\/pages\/71\/revisions\/72"}],"wp:attachment":[{"href":"https:\/\/lamaggese.fr\/index.php\/wp-json\/wp\/v2\/media?parent=71"}],"curies":[{"name":"wp","href":"https:\/\/api.w.org\/{rel}","templated":true}]}}