{"id":62,"date":"2017-01-16T15:19:55","date_gmt":"2017-01-16T14:19:55","guid":{"rendered":"http:\/\/lamaggese.fr\/?page_id=62"},"modified":"2017-01-16T15:19:55","modified_gmt":"2017-01-16T14:19:55","slug":"etc-etc","status":"publish","type":"page","link":"https:\/\/lamaggese.fr\/index.php\/etc-etc\/","title":{"rendered":"Etc, etc.."},"content":{"rendered":"<h6><\/h6>\n<p><em>D\u2019Emmanuel Perez Romero et Alain Fayard<br \/>\nMise en sc\u00e8ne : Emmanuel Perez Romero<\/em><\/p>\n<p>Un personnage se bat contre sa difficult\u00e9 de vivre, construite autour de tous ces petits tracas, toutes ces petites r\u00e8gles que l\u2019on s\u2019impose et qui pourrissent le quotidien.<\/p>\n<p>Et l\u2019on rit\u2026 Car ce texte est tout sauf un apitoiement, une descente aux enfers. A suivre cet homme, on se retrouve au fur et \u00e0 mesure, dans nos travers, nos blocages et nos envies r\u00e9fr\u00e9n\u00e9es\u2026<\/p>\n<blockquote><p>\u00a0\u00bb C\u2019est un spectacle sur la libert\u00e9.<br \/>\nOu plut\u00f4t sur l\u2019intol\u00e9rance.<br \/>\nOu plut\u00f4t sur ma voisine qui joue du piano apr\u00e8s 22 heures.<br \/>\nC\u2019est vrai qu\u2019elle est jolie,<br \/>\nm\u00eame si ma concierge n\u2019aime pas ses lectures.<br \/>\nM\u00eame si je comprends pas le livre qu\u2019elle m\u2019a pr\u00eat\u00e9.<br \/>\nEn tout cas, il faudrait que je lui rende<br \/>\n\u00e7a me donnerait une occasion de lui parler.<br \/>\nParce que du sel, j\u2019en ai d\u00e9j\u00e0. Ce serait idiot d\u2019aller lui en demander \u00ab<\/p><\/blockquote>\n","protected":false},"excerpt":{"rendered":"<p>D\u2019Emmanuel Perez Romero et Alain Fayard Mise en sc\u00e8ne : Emmanuel Perez Romero Un personnage se bat contre sa difficult\u00e9 de vivre, construite autour de tous ces petits tracas, toutes ces petites r\u00e8gles que l\u2019on s\u2019impose et qui pourrissent le quotidien. Et l\u2019on rit\u2026 Car ce texte est tout sauf un apitoiement, une descente aux &hellip; <\/p>\n<p class=\"link-more\"><a href=\"https:\/\/lamaggese.fr\/index.php\/etc-etc\/\" class=\"more-link\">Continuer la lecture<span class=\"screen-reader-text\"> de &laquo;&nbsp;Etc, etc..&nbsp;&raquo;<\/span><\/a><\/p>\n","protected":false},"author":1,"featured_media":0,"parent":0,"menu_order":0,"comment_status":"closed","ping_status":"closed","template":"","meta":{"footnotes":""},"class_list":["post-62","page","type-page","status-publish","hentry"],"_links":{"self":[{"href":"https:\/\/lamaggese.fr\/index.php\/wp-json\/wp\/v2\/pages\/62","targetHints":{"allow":["GET"]}}],"collection":[{"href":"https:\/\/lamaggese.fr\/index.php\/wp-json\/wp\/v2\/pages"}],"about":[{"href":"https:\/\/lamaggese.fr\/index.php\/wp-json\/wp\/v2\/types\/page"}],"author":[{"embeddable":true,"href":"https:\/\/lamaggese.fr\/index.php\/wp-json\/wp\/v2\/users\/1"}],"replies":[{"embeddable":true,"href":"https:\/\/lamaggese.fr\/index.php\/wp-json\/wp\/v2\/comments?post=62"}],"version-history":[{"count":1,"href":"https:\/\/lamaggese.fr\/index.php\/wp-json\/wp\/v2\/pages\/62\/revisions"}],"predecessor-version":[{"id":63,"href":"https:\/\/lamaggese.fr\/index.php\/wp-json\/wp\/v2\/pages\/62\/revisions\/63"}],"wp:attachment":[{"href":"https:\/\/lamaggese.fr\/index.php\/wp-json\/wp\/v2\/media?parent=62"}],"curies":[{"name":"wp","href":"https:\/\/api.w.org\/{rel}","templated":true}]}}