{"id":60,"date":"2017-01-16T15:14:14","date_gmt":"2017-01-16T14:14:14","guid":{"rendered":"http:\/\/lamaggese.fr\/?page_id=60"},"modified":"2017-01-16T15:14:14","modified_gmt":"2017-01-16T14:14:14","slug":"charivari","status":"publish","type":"page","link":"https:\/\/lamaggese.fr\/index.php\/charivari\/","title":{"rendered":"Charivari"},"content":{"rendered":"<h6><\/h6>\n<p><em>Anna ANDREOTTi, H\u00e9l\u00e8ne C\u0152UR, Chantal LAXENAIRE Sc\u00e9nographie Evelyne BOINOUT mise en sc\u00e8ne sous le regard d\u2019Elisabeth GILLY<\/em><\/p>\n<p>Le groupe s\u2019attache \u00e0 restituer les particularit\u00e9s propres aux mani\u00e8res traditionnelles de chanter : timbres, volumes, ornementations, accentuations. Le travail d\u2019\u00e9laboration du spectacle s\u2019appuie sur une \u00e9coute attentive des enregistrements originaux.<\/p>\n<p>CHARIVARI est un voyage proche de la terre, des joies et des tristesses, un fil au long de la vie, un vagabondage du Portugal \u00e0 la Mac\u00e9doine.<\/p>\n<p>Ces chants populaires, m\u00eame s\u2019ils viennent de r\u00e9gions diff\u00e9rentes ont ceci en commun qu\u2019ils sont anim\u00e9s d\u2019un \u00e9lan profond et n\u00e9cessaire. Ils accompagnent rituellement chaque instant de la vie : donner le sommeil \u00e0 un enfant, c\u00e9l\u00e9brer l\u2019\u00eatre aim\u00e9,accompagner le d\u00e9part vers un pays\u00a0 lointain ou vers la mort.<\/p>\n<p>C\u2019est cet \u00e9lan vital exprim\u00e9 par des voix fortes et des vibrations qui peuvent para\u00eetre \u00e9tranges aux oreilles citadines que nous souhaitons partager avec un jeune public, dans le cadre d\u2019ateliers au sein des classes ou lors de spectacles.<\/p>\n","protected":false},"excerpt":{"rendered":"<p>Anna ANDREOTTi, H\u00e9l\u00e8ne C\u0152UR, Chantal LAXENAIRE Sc\u00e9nographie Evelyne BOINOUT mise en sc\u00e8ne sous le regard d\u2019Elisabeth GILLY Le groupe s\u2019attache \u00e0 restituer les particularit\u00e9s propres aux mani\u00e8res traditionnelles de chanter : timbres, volumes, ornementations, accentuations. Le travail d\u2019\u00e9laboration du spectacle s\u2019appuie sur une \u00e9coute attentive des enregistrements originaux. CHARIVARI est un voyage proche de la &hellip; <\/p>\n<p class=\"link-more\"><a href=\"https:\/\/lamaggese.fr\/index.php\/charivari\/\" class=\"more-link\">Continuer la lecture<span class=\"screen-reader-text\"> de &laquo;&nbsp;Charivari&nbsp;&raquo;<\/span><\/a><\/p>\n","protected":false},"author":1,"featured_media":0,"parent":0,"menu_order":0,"comment_status":"closed","ping_status":"closed","template":"","meta":{"footnotes":""},"class_list":["post-60","page","type-page","status-publish","hentry"],"_links":{"self":[{"href":"https:\/\/lamaggese.fr\/index.php\/wp-json\/wp\/v2\/pages\/60","targetHints":{"allow":["GET"]}}],"collection":[{"href":"https:\/\/lamaggese.fr\/index.php\/wp-json\/wp\/v2\/pages"}],"about":[{"href":"https:\/\/lamaggese.fr\/index.php\/wp-json\/wp\/v2\/types\/page"}],"author":[{"embeddable":true,"href":"https:\/\/lamaggese.fr\/index.php\/wp-json\/wp\/v2\/users\/1"}],"replies":[{"embeddable":true,"href":"https:\/\/lamaggese.fr\/index.php\/wp-json\/wp\/v2\/comments?post=60"}],"version-history":[{"count":1,"href":"https:\/\/lamaggese.fr\/index.php\/wp-json\/wp\/v2\/pages\/60\/revisions"}],"predecessor-version":[{"id":61,"href":"https:\/\/lamaggese.fr\/index.php\/wp-json\/wp\/v2\/pages\/60\/revisions\/61"}],"wp:attachment":[{"href":"https:\/\/lamaggese.fr\/index.php\/wp-json\/wp\/v2\/media?parent=60"}],"curies":[{"name":"wp","href":"https:\/\/api.w.org\/{rel}","templated":true}]}}