{"id":58,"date":"2017-01-16T15:13:48","date_gmt":"2017-01-16T14:13:48","guid":{"rendered":"http:\/\/lamaggese.fr\/?page_id=58"},"modified":"2017-01-16T15:13:48","modified_gmt":"2017-01-16T14:13:48","slug":"cest-laube-de-nouveau","status":"publish","type":"page","link":"https:\/\/lamaggese.fr\/index.php\/cest-laube-de-nouveau\/","title":{"rendered":"C\u2019est l\u2019aube de nouveau"},"content":{"rendered":"<h6><\/h6>\n<p><em>Spectacle musical et chor\u00e9graphique autour de l\u2019\u0153uvre po\u00e9tique de<br \/>\nDino Campana et Sibilla Aleramo<br \/>\nAnna Andreotti: chant, texte, danse<br \/>\nRoberto Graiff: chant, texte, danse<br \/>\nIsabelle Morelli: guitare, piano, percussions<\/em><\/p>\n<p>Pendant que l\u2019Italie sombrait dans le premier conflit mondial, entre<br \/>\nles ann\u00e9es 1914-1918, deux po\u00e8tes se rencontr\u00e8rent: Dino Campana (po\u00e8te<br \/>\nvisionnaire et tr\u00e8s musical, auteur des \u00ab\u00a0Chants Orphiques\u00a0\u00bb) et Sibilla<br \/>\nAleramo (\u00e9crivain tr\u00e8s engag\u00e9e pour le respect de droits de la femme,<br \/>\nauteur de \u00ab\u00a0Une femme\u00a0\u00bb).<\/p>\n<p>De leur rencontre naquit un amour extr\u00eame, une passion meurtri\u00e8re, qui<br \/>\npr\u00e9cipita Dino dans le lieu de son \u00ab\u00a0exile int\u00e9rieur\u00a0\u00bb, jusqu\u2019\u00e0<br \/>\nl\u2019internement a l\u2019h\u00f4pital psychiatrique, et laissa Sibilla exsangue.<\/p>\n<p>Puisque l\u2019essence de la po\u00e9sie est peut-\u00eatre aussi celle de laisser des<br \/>\ntraces, les deux po\u00e8tes ont laiss\u00e9 derri\u00e8re eux des po\u00e8mes, des<br \/>\nlettres, des textes, qui ont servi a Isabelle Morelli pour composer 14<br \/>\nchansons originales, interpr\u00e9t\u00e9es par Anna Andreotti et Roberto Graiff.<\/p>\n<p>Dans ce spectacle de th\u00e9\u00e2tre musical, qui s\u2019interroge sur le rapport<br \/>\nentre langue, po\u00e9sie et musique, les textes (en fran\u00e7ais) et les<br \/>\nchansons (en italien) s\u2019alternent, se suivent ou se r\u00e9pondent. Les<br \/>\ncompositions originales de Isabelle Morelli exaltent la musicalit\u00e9 de<br \/>\nl\u2019oeuvre po\u00e9tique de Dino Campana et de la prose de Sibilla Aleramo.<\/p>\n","protected":false},"excerpt":{"rendered":"<p>Spectacle musical et chor\u00e9graphique autour de l\u2019\u0153uvre po\u00e9tique de Dino Campana et Sibilla Aleramo Anna Andreotti: chant, texte, danse Roberto Graiff: chant, texte, danse Isabelle Morelli: guitare, piano, percussions Pendant que l\u2019Italie sombrait dans le premier conflit mondial, entre les ann\u00e9es 1914-1918, deux po\u00e8tes se rencontr\u00e8rent: Dino Campana (po\u00e8te visionnaire et tr\u00e8s musical, auteur des &hellip; <\/p>\n<p class=\"link-more\"><a href=\"https:\/\/lamaggese.fr\/index.php\/cest-laube-de-nouveau\/\" class=\"more-link\">Continuer la lecture<span class=\"screen-reader-text\"> de &laquo;&nbsp;C\u2019est l\u2019aube de nouveau&nbsp;&raquo;<\/span><\/a><\/p>\n","protected":false},"author":1,"featured_media":0,"parent":0,"menu_order":0,"comment_status":"closed","ping_status":"closed","template":"","meta":{"footnotes":""},"class_list":["post-58","page","type-page","status-publish","hentry"],"_links":{"self":[{"href":"https:\/\/lamaggese.fr\/index.php\/wp-json\/wp\/v2\/pages\/58","targetHints":{"allow":["GET"]}}],"collection":[{"href":"https:\/\/lamaggese.fr\/index.php\/wp-json\/wp\/v2\/pages"}],"about":[{"href":"https:\/\/lamaggese.fr\/index.php\/wp-json\/wp\/v2\/types\/page"}],"author":[{"embeddable":true,"href":"https:\/\/lamaggese.fr\/index.php\/wp-json\/wp\/v2\/users\/1"}],"replies":[{"embeddable":true,"href":"https:\/\/lamaggese.fr\/index.php\/wp-json\/wp\/v2\/comments?post=58"}],"version-history":[{"count":1,"href":"https:\/\/lamaggese.fr\/index.php\/wp-json\/wp\/v2\/pages\/58\/revisions"}],"predecessor-version":[{"id":59,"href":"https:\/\/lamaggese.fr\/index.php\/wp-json\/wp\/v2\/pages\/58\/revisions\/59"}],"wp:attachment":[{"href":"https:\/\/lamaggese.fr\/index.php\/wp-json\/wp\/v2\/media?parent=58"}],"curies":[{"name":"wp","href":"https:\/\/api.w.org\/{rel}","templated":true}]}}