{"id":55,"date":"2017-01-16T15:13:03","date_gmt":"2017-01-16T14:13:03","guid":{"rendered":"http:\/\/lamaggese.fr\/?page_id=55"},"modified":"2017-01-16T15:13:03","modified_gmt":"2017-01-16T14:13:03","slug":"concert","status":"publish","type":"page","link":"https:\/\/lamaggese.fr\/index.php\/concert\/","title":{"rendered":"Concert"},"content":{"rendered":"<p><img loading=\"lazy\" decoding=\"async\" class=\"aligncenter size-full wp-image-56\" src=\"http:\/\/lamaggese.fr\/wp-content\/uploads\/2017\/01\/7.png\" alt=\"\" width=\"1005\" height=\"352\" srcset=\"https:\/\/lamaggese.fr\/wp-content\/uploads\/2017\/01\/7.png 1005w, https:\/\/lamaggese.fr\/wp-content\/uploads\/2017\/01\/7-300x105.png 300w, https:\/\/lamaggese.fr\/wp-content\/uploads\/2017\/01\/7-768x269.png 768w\" sizes=\"auto, (max-width: 767px) 89vw, (max-width: 1000px) 54vw, (max-width: 1071px) 543px, 580px\" \/><\/p>\n<p>Ce long voyage de recherche a commenc\u00e9 \u00e0 deux, un t\u00e9moin-chanteur et moi-m\u00eame avec un micro. Petit \u00e0 petit, cela a pris de l\u2019ampleur, et les chanteurs sont devenus cinq, dix, quinze\u2026 Et plus de cinquante chants ont \u00e9t\u00e9 recueillis dans mon enregistreur\u2026<\/p>\n<p>Pourquoi garder ces cadeaux pour moi, ces moments rares o\u00f9 la m\u00e9moire nous livre un chant,\u00a0 une \u00e9motion, celle de la vie d\u2019un peuple, italien, pi\u00e9montais, ou frioulan, calabrais, des Pouilles, Toscan, de V\u00e9n\u00e9tie etc.\u00a0?<\/p>\n<p>C\u2019est ainsi qu\u2019un ch\u0153ur est venu \u00e0 ma rencontre et s\u2019est r\u00e9appropri\u00e9 les chants, dans l\u2019effort\u00a0 le plus rigoureux possible de fid\u00e9lit\u00e9 pour en comprendre l\u2019\u00e2me, l\u2019\u00e2me d\u2019un peuple qui naquit baign\u00e9 dans ces sonorit\u00e9 et qui \u00e9choua ici en France en qu\u00eate de pain, justice, libert\u00e9.<\/p>\n","protected":false},"excerpt":{"rendered":"<p>Ce long voyage de recherche a commenc\u00e9 \u00e0 deux, un t\u00e9moin-chanteur et moi-m\u00eame avec un micro. Petit \u00e0 petit, cela a pris de l\u2019ampleur, et les chanteurs sont devenus cinq, dix, quinze\u2026 Et plus de cinquante chants ont \u00e9t\u00e9 recueillis dans mon enregistreur\u2026 Pourquoi garder ces cadeaux pour moi, ces moments rares o\u00f9 la m\u00e9moire &hellip; <\/p>\n<p class=\"link-more\"><a href=\"https:\/\/lamaggese.fr\/index.php\/concert\/\" class=\"more-link\">Continuer la lecture<span class=\"screen-reader-text\"> de &laquo;&nbsp;Concert&nbsp;&raquo;<\/span><\/a><\/p>\n","protected":false},"author":1,"featured_media":0,"parent":0,"menu_order":0,"comment_status":"closed","ping_status":"closed","template":"","meta":{"footnotes":""},"class_list":["post-55","page","type-page","status-publish","hentry"],"_links":{"self":[{"href":"https:\/\/lamaggese.fr\/index.php\/wp-json\/wp\/v2\/pages\/55","targetHints":{"allow":["GET"]}}],"collection":[{"href":"https:\/\/lamaggese.fr\/index.php\/wp-json\/wp\/v2\/pages"}],"about":[{"href":"https:\/\/lamaggese.fr\/index.php\/wp-json\/wp\/v2\/types\/page"}],"author":[{"embeddable":true,"href":"https:\/\/lamaggese.fr\/index.php\/wp-json\/wp\/v2\/users\/1"}],"replies":[{"embeddable":true,"href":"https:\/\/lamaggese.fr\/index.php\/wp-json\/wp\/v2\/comments?post=55"}],"version-history":[{"count":1,"href":"https:\/\/lamaggese.fr\/index.php\/wp-json\/wp\/v2\/pages\/55\/revisions"}],"predecessor-version":[{"id":57,"href":"https:\/\/lamaggese.fr\/index.php\/wp-json\/wp\/v2\/pages\/55\/revisions\/57"}],"wp:attachment":[{"href":"https:\/\/lamaggese.fr\/index.php\/wp-json\/wp\/v2\/media?parent=55"}],"curies":[{"name":"wp","href":"https:\/\/api.w.org\/{rel}","templated":true}]}}