{"id":45,"date":"2017-01-16T15:04:41","date_gmt":"2017-01-16T14:04:41","guid":{"rendered":"http:\/\/lamaggese.fr\/?page_id=45"},"modified":"2026-01-05T09:26:12","modified_gmt":"2026-01-05T08:26:12","slug":"sur-les-traces-de-limmigration-italienne","status":"publish","type":"page","link":"https:\/\/lamaggese.fr\/index.php\/sur-les-traces-de-limmigration-italienne\/","title":{"rendered":"Sur les traces de l\u2019immigration italienne"},"content":{"rendered":"<p style=\"text-align: left;\" align=\"center\"><img loading=\"lazy\" decoding=\"async\" class=\"aligncenter size-full wp-image-46\" src=\"http:\/\/lamaggese.fr\/wp-content\/uploads\/2017\/01\/59953_299237080209915_1692184726_n.jpg\" alt=\"\" width=\"637\" height=\"273\" srcset=\"https:\/\/lamaggese.fr\/wp-content\/uploads\/2017\/01\/59953_299237080209915_1692184726_n.jpg 637w, https:\/\/lamaggese.fr\/wp-content\/uploads\/2017\/01\/59953_299237080209915_1692184726_n-300x129.jpg 300w\" sizes=\"auto, (max-width: 637px) 100vw, 637px\" \/><\/p>\n<p style=\"text-align: left;\" align=\"center\">A partir de janvier 2010, Anna Andreotti commence le collectage des t\u00e9moignages et des chants.\u00a0La photographe Veronica Mecchia fait\u00a0 le portraits des t\u00e9moins, de leurs maisons et de leurs jardins.\u00a0Le mat\u00e9riau musical\u00a0 est ensuite retransmis\u00a0 \u00e0 un\u00a0 ch\u0153ur\u00a0 qui retravaille et s\u2019approprie le r\u00e9pertoire.\u00a0Avec les chants,\u00a0 la parole est aussi progressivement retranscrite\u00a0 et adapt\u00e9e pour la sc\u00e8ne sous forme \u00a0de dialogues imaginaires entre les diff\u00e9rents t\u00e9moins. Les chants rythment et compl\u00e8tent les r\u00e9cits.<\/p>\n<p style=\"text-align: left;\" align=\"center\"><em>Sur les traces de l\u2019immigration italienne<\/em>, c\u2019est la transmission de nos m\u00e9moires,\u00a0 les chants de l\u2019enfance, de l\u2019exil, du travail.\u00a0C\u2019est la restitution des r\u00e9cits de vie, dits et chant\u00e9s, des joies et des douleurs partag\u00e9es avec le public .\u00a0<em>Sur les traces de l\u2019immigration italienne<\/em> n\u2019est pas un spectacle au sens traditionnel du terme\u00a0; \u00a0il nous fait revivre les \u00e9motions d\u2019une rencontre avec une culture d\u2019\u00e9migrants si proche finalement de la fran\u00e7aise.\u00a0Ces t\u00e9moignages et ces chants r\u00e9sonnent, par leur authenticit\u00e9, comme un appel puissant \u00e0 ne pas perdre notre histoire.<\/p>\n<p style=\"text-align: left;\" align=\"center\">Ce projet est d\u00e9di\u00e9 \u00e0 la recherche de traces enfouies dans la m\u00e9moire des <span style=\"font-weight: 400;\">italien<\/span><span style=\"font-weight: 400;\">\u00b7<\/span><span style=\"font-weight: 400;\">ne<\/span><span style=\"font-weight: 400;\">\u00b7<\/span><span style=\"font-weight: 400;\">s <\/span> et de leurs h\u00f4tes les <span style=\"font-weight: 400;\">fran\u00e7ais<\/span><span style=\"font-weight: 400;\">\u00b7<\/span><span style=\"font-weight: 400;\">e<\/span><span style=\"font-weight: 400;\">\u00b7<\/span><span style=\"font-weight: 400;\">s <\/span>: traces physiques sur le territoire, traces \u00e9motionnelles, de coutumes et,\u00a0 tout\u00a0 particuli\u00e8rement, traces musicales. Le voyage a d\u00e9marr\u00e9, nous en sommes au 12\u00e8me \u00e9pisode\u2026<\/p>\n<p><iframe loading=\"lazy\" src=\"https:\/\/www.youtube.com\/embed\/hldGSPrTTqE\" width=\"800\" height=\"315\" frameborder=\"0\" allowfullscreen=\"allowfullscreen\"><\/iframe><\/p>\n<p style=\"text-align: left;\"><strong>Contact :\u00a0<\/strong><\/p>\n<p style=\"text-align: left;\">Anna Andreotti :\u00a0responsable artistique du projet\u00a006 01 80 43 27 \/ <a href=\"mailto:lamaggese@neuf.fr\">lamaggese@neuf.fr<\/a> \/ <a href=\"mailto:andreotti.anna@neuf.fr\">andreotti.anna@neuf.fr<\/a><\/p>\n<p style=\"text-align: left;\">Coproduction Cie Arsenal Fragile \/ La Maggese<\/p>\n\n\n<div data-wp-interactive=\"core\/file\" class=\"wp-block-file\"><object data-wp-bind--hidden=\"!state.hasPdfPreview\" hidden class=\"wp-block-file__embed\" data=\"https:\/\/lamaggese.fr\/wp-content\/uploads\/2026\/01\/Sur-les-traces-de-limmigration-italienne_Dossier-artistique.pdf\" type=\"application\/pdf\" style=\"width:100%;height:600px\" aria-label=\"Contenu embarqu\u00e9 Sur-les-traces-de-limmigration-italienne_Dossier-artistique.\"><\/object><a id=\"wp-block-file--media-29ce0285-8393-4bae-9f81-31bb6b442cc5\" href=\"https:\/\/lamaggese.fr\/wp-content\/uploads\/2026\/01\/Sur-les-traces-de-limmigration-italienne_Dossier-artistique.pdf\">Sur-les-traces-de-limmigration-italienne_Dossier-artistique<\/a><a href=\"https:\/\/lamaggese.fr\/wp-content\/uploads\/2026\/01\/Sur-les-traces-de-limmigration-italienne_Dossier-artistique.pdf\" class=\"wp-block-file__button wp-element-button\" download aria-describedby=\"wp-block-file--media-29ce0285-8393-4bae-9f81-31bb6b442cc5\">T\u00e9l\u00e9charger<\/a><\/div>\n","protected":false},"excerpt":{"rendered":"<p>A partir de janvier 2010, Anna Andreotti commence le collectage des t\u00e9moignages et des chants.\u00a0La photographe Veronica Mecchia fait\u00a0 le portraits des t\u00e9moins, de leurs maisons et de leurs jardins.\u00a0Le mat\u00e9riau musical\u00a0 est ensuite retransmis\u00a0 \u00e0 un\u00a0 ch\u0153ur\u00a0 qui retravaille et s\u2019approprie le r\u00e9pertoire.\u00a0Avec les chants,\u00a0 la parole est aussi progressivement retranscrite\u00a0 et adapt\u00e9e pour &hellip; <\/p>\n<p class=\"link-more\"><a href=\"https:\/\/lamaggese.fr\/index.php\/sur-les-traces-de-limmigration-italienne\/\" class=\"more-link\">Continuer la lecture<span class=\"screen-reader-text\"> de &laquo;&nbsp;Sur les traces de l\u2019immigration italienne&nbsp;&raquo;<\/span><\/a><\/p>\n","protected":false},"author":1,"featured_media":0,"parent":0,"menu_order":0,"comment_status":"closed","ping_status":"closed","template":"","meta":{"footnotes":""},"class_list":["post-45","page","type-page","status-publish","hentry"],"_links":{"self":[{"href":"https:\/\/lamaggese.fr\/index.php\/wp-json\/wp\/v2\/pages\/45","targetHints":{"allow":["GET"]}}],"collection":[{"href":"https:\/\/lamaggese.fr\/index.php\/wp-json\/wp\/v2\/pages"}],"about":[{"href":"https:\/\/lamaggese.fr\/index.php\/wp-json\/wp\/v2\/types\/page"}],"author":[{"embeddable":true,"href":"https:\/\/lamaggese.fr\/index.php\/wp-json\/wp\/v2\/users\/1"}],"replies":[{"embeddable":true,"href":"https:\/\/lamaggese.fr\/index.php\/wp-json\/wp\/v2\/comments?post=45"}],"version-history":[{"count":8,"href":"https:\/\/lamaggese.fr\/index.php\/wp-json\/wp\/v2\/pages\/45\/revisions"}],"predecessor-version":[{"id":1777,"href":"https:\/\/lamaggese.fr\/index.php\/wp-json\/wp\/v2\/pages\/45\/revisions\/1777"}],"wp:attachment":[{"href":"https:\/\/lamaggese.fr\/index.php\/wp-json\/wp\/v2\/media?parent=45"}],"curies":[{"name":"wp","href":"https:\/\/api.w.org\/{rel}","templated":true}]}}