{"id":431,"date":"2022-03-18T11:34:29","date_gmt":"2022-03-18T10:34:29","guid":{"rendered":"https:\/\/lamaggese.fr\/?page_id=431"},"modified":"2025-01-30T16:30:59","modified_gmt":"2025-01-30T15:30:59","slug":"formations-actuelles","status":"publish","type":"page","link":"https:\/\/lamaggese.fr\/index.php\/formations-actuelles\/","title":{"rendered":"Rencontres 2024"},"content":{"rendered":"\n<p><\/p>\n\n\n\n<p class=\"has-text-align-center\"><strong>17\u00e8me<\/strong> <strong>Rencontre de chants traditionnels italiens <\/strong><\/p>\n\n\n\n<p class=\"has-text-align-center\"><strong>d<span><i>u 29 d\u00e9cembre  au 5 janvier<\/i><\/span><em> 2024  \u00e0 Clauzetto (en Italie)<\/em><\/strong><\/p>\n\n\n\n<figure class=\"wp-block-embed is-type-video is-provider-youtube wp-block-embed-youtube wp-embed-aspect-4-3 wp-has-aspect-ratio\"><div class=\"wp-block-embed__wrapper\">\n<iframe loading=\"lazy\" title=\"17\u00e8me Rencontre de chants traditionnels italiens du Frioul\" width=\"525\" height=\"394\" src=\"https:\/\/www.youtube.com\/embed\/1dCzl5NBAFs?feature=oembed\" frameborder=\"0\" allow=\"accelerometer; autoplay; clipboard-write; encrypted-media; gyroscope; picture-in-picture; web-share\" referrerpolicy=\"strict-origin-when-cross-origin\" allowfullscreen><\/iframe>\n<\/div><\/figure>\n\n\n\n<figure class=\"wp-block-gallery aligncenter has-nested-images columns-default is-cropped wp-block-gallery-1 is-layout-flex wp-block-gallery-is-layout-flex\">\n<figure class=\"wp-block-image size-full\"><img loading=\"lazy\" decoding=\"async\" width=\"605\" height=\"683\" data-id=\"1253\" src=\"https:\/\/lamaggese.fr\/wp-content\/uploads\/2023\/11\/unnamed-2.png\" alt=\"\" class=\"wp-image-1253\" srcset=\"https:\/\/lamaggese.fr\/wp-content\/uploads\/2023\/11\/unnamed-2.png 605w, https:\/\/lamaggese.fr\/wp-content\/uploads\/2023\/11\/unnamed-2-266x300.png 266w\" sizes=\"auto, (max-width: 605px) 100vw, 605px\" \/><\/figure>\n\n\n\n<figure class=\"wp-block-image size-full\"><img loading=\"lazy\" decoding=\"async\" width=\"1024\" height=\"768\" data-id=\"1289\" src=\"https:\/\/lamaggese.fr\/wp-content\/uploads\/2024\/01\/WhatsApp-Image-2024-01-01-at-23.05.38.jpeg\" alt=\"\" class=\"wp-image-1289\" srcset=\"https:\/\/lamaggese.fr\/wp-content\/uploads\/2024\/01\/WhatsApp-Image-2024-01-01-at-23.05.38.jpeg 1024w, https:\/\/lamaggese.fr\/wp-content\/uploads\/2024\/01\/WhatsApp-Image-2024-01-01-at-23.05.38-300x225.jpeg 300w, https:\/\/lamaggese.fr\/wp-content\/uploads\/2024\/01\/WhatsApp-Image-2024-01-01-at-23.05.38-768x576.jpeg 768w\" sizes=\"auto, (max-width: 767px) 89vw, (max-width: 1000px) 54vw, (max-width: 1071px) 543px, 580px\" \/><\/figure>\n\n\n\n<figure class=\"wp-block-image size-full\"><img loading=\"lazy\" decoding=\"async\" width=\"1024\" height=\"768\" data-id=\"1288\" src=\"https:\/\/lamaggese.fr\/wp-content\/uploads\/2024\/01\/WhatsApp-Image-2024-01-06-at-13.30.39-6.jpeg\" alt=\"\" class=\"wp-image-1288\" srcset=\"https:\/\/lamaggese.fr\/wp-content\/uploads\/2024\/01\/WhatsApp-Image-2024-01-06-at-13.30.39-6.jpeg 1024w, https:\/\/lamaggese.fr\/wp-content\/uploads\/2024\/01\/WhatsApp-Image-2024-01-06-at-13.30.39-6-300x225.jpeg 300w, https:\/\/lamaggese.fr\/wp-content\/uploads\/2024\/01\/WhatsApp-Image-2024-01-06-at-13.30.39-6-768x576.jpeg 768w\" sizes=\"auto, (max-width: 767px) 89vw, (max-width: 1000px) 54vw, (max-width: 1071px) 543px, 580px\" \/><\/figure>\n<\/figure>\n\n\n\n<hr class=\"wp-block-separator has-text-color has-vivid-red-color has-alpha-channel-opacity has-vivid-red-background-color has-background is-style-wide\"\/>\n\n\n\n<p class=\"has-text-align-center\"><strong>18\u00e8me<\/strong> <strong>Rencontre de chants traditionnels italiens &#8211; Semaine Sainte<\/strong><\/p>\n\n\n\n<p class=\"has-text-align-center\"><strong> <strong>du 25 au 31 mars<\/strong><\/strong> <strong><span><i>\u00e0 Lauro <strong>en Irpinia (Campanie)<\/strong> au sud de l&rsquo;Italie<\/i><\/span><\/strong><\/p>\n\n\n\n<figure class=\"wp-block-embed is-type-video is-provider-youtube wp-block-embed-youtube wp-embed-aspect-16-9 wp-has-aspect-ratio\"><div class=\"wp-block-embed__wrapper\">\n<iframe loading=\"lazy\" title=\"18\u00e8me Rencontre de chants traditionnels italiens \u00e0 Lauro\" width=\"525\" height=\"295\" src=\"https:\/\/www.youtube.com\/embed\/nLtJzPnTY5g?feature=oembed\" frameborder=\"0\" allow=\"accelerometer; autoplay; clipboard-write; encrypted-media; gyroscope; picture-in-picture; web-share\" referrerpolicy=\"strict-origin-when-cross-origin\" allowfullscreen><\/iframe>\n<\/div><\/figure>\n\n\n\n<figure class=\"wp-block-gallery has-nested-images columns-default is-cropped wp-block-gallery-2 is-layout-flex wp-block-gallery-is-layout-flex\">\n<figure class=\"wp-block-image size-large\"><img loading=\"lazy\" decoding=\"async\" width=\"445\" height=\"675\" data-id=\"1384\" src=\"https:\/\/lamaggese.fr\/wp-content\/uploads\/2024\/04\/Capture-decran-2024-04-02-a-16.49.44.png\" alt=\"\" class=\"wp-image-1384\" srcset=\"https:\/\/lamaggese.fr\/wp-content\/uploads\/2024\/04\/Capture-decran-2024-04-02-a-16.49.44.png 445w, https:\/\/lamaggese.fr\/wp-content\/uploads\/2024\/04\/Capture-decran-2024-04-02-a-16.49.44-198x300.png 198w\" sizes=\"auto, (max-width: 445px) 100vw, 445px\" \/><\/figure>\n\n\n\n<figure class=\"wp-block-image size-large\"><img loading=\"lazy\" decoding=\"async\" width=\"444\" height=\"675\" data-id=\"1386\" src=\"https:\/\/lamaggese.fr\/wp-content\/uploads\/2024\/04\/Capture-decran-2024-04-02-a-16.49.57.png\" alt=\"\" class=\"wp-image-1386\" srcset=\"https:\/\/lamaggese.fr\/wp-content\/uploads\/2024\/04\/Capture-decran-2024-04-02-a-16.49.57.png 444w, https:\/\/lamaggese.fr\/wp-content\/uploads\/2024\/04\/Capture-decran-2024-04-02-a-16.49.57-197x300.png 197w\" sizes=\"auto, (max-width: 444px) 100vw, 444px\" \/><\/figure>\n\n\n\n<figure class=\"wp-block-image size-large\"><img loading=\"lazy\" decoding=\"async\" width=\"1023\" height=\"677\" data-id=\"1395\" src=\"https:\/\/lamaggese.fr\/wp-content\/uploads\/2024\/04\/Capture-decran-2024-04-02-a-16.50.53.png\" alt=\"\" class=\"wp-image-1395\" srcset=\"https:\/\/lamaggese.fr\/wp-content\/uploads\/2024\/04\/Capture-decran-2024-04-02-a-16.50.53.png 1023w, https:\/\/lamaggese.fr\/wp-content\/uploads\/2024\/04\/Capture-decran-2024-04-02-a-16.50.53-300x199.png 300w, https:\/\/lamaggese.fr\/wp-content\/uploads\/2024\/04\/Capture-decran-2024-04-02-a-16.50.53-768x508.png 768w\" sizes=\"auto, (max-width: 767px) 89vw, (max-width: 1000px) 54vw, (max-width: 1071px) 543px, 580px\" \/><\/figure>\n<\/figure>\n\n\n\n<hr class=\"wp-block-separator has-text-color has-vivid-red-color has-css-opacity has-vivid-red-background-color has-background is-style-wide\"\/>\n\n\n\n<p class=\"has-text-align-center\"><strong>19\u00e8me<\/strong> <strong>Rencontre de chant traditionnel italien avec Anna Andreotti <\/strong><\/p>\n\n\n\n<p class=\"has-text-align-center\"><strong>Du 15 au 20 juillet 2024 \u00e0 Madi\u00e8res dans les C\u00e9vennes<\/strong><\/p>\n\n\n\n<figure class=\"wp-block-embed is-type-video is-provider-youtube wp-block-embed-youtube wp-embed-aspect-16-9 wp-has-aspect-ratio\"><div class=\"wp-block-embed__wrapper\">\n<iframe loading=\"lazy\" title=\"19\u00e8me Rencontre de chants traditionnels italiens \u00e0 Madi\u00e8res\" width=\"525\" height=\"295\" src=\"https:\/\/www.youtube.com\/embed\/Nov52gQAK5g?feature=oembed\" frameborder=\"0\" allow=\"accelerometer; autoplay; clipboard-write; encrypted-media; gyroscope; picture-in-picture; web-share\" referrerpolicy=\"strict-origin-when-cross-origin\" allowfullscreen><\/iframe>\n<\/div><\/figure>\n\n\n\n<figure class=\"wp-block-gallery has-nested-images columns-default is-cropped wp-block-gallery-3 is-layout-flex wp-block-gallery-is-layout-flex\">\n<figure class=\"wp-block-image size-full\"><img loading=\"lazy\" decoding=\"async\" width=\"2560\" height=\"1707\" data-id=\"1493\" src=\"https:\/\/lamaggese.fr\/wp-content\/uploads\/2024\/10\/IMGP3674-scaled.jpg\" alt=\"\" class=\"wp-image-1493\" srcset=\"https:\/\/lamaggese.fr\/wp-content\/uploads\/2024\/10\/IMGP3674-scaled.jpg 2560w, https:\/\/lamaggese.fr\/wp-content\/uploads\/2024\/10\/IMGP3674-300x200.jpg 300w, https:\/\/lamaggese.fr\/wp-content\/uploads\/2024\/10\/IMGP3674-1024x683.jpg 1024w, https:\/\/lamaggese.fr\/wp-content\/uploads\/2024\/10\/IMGP3674-768x512.jpg 768w, https:\/\/lamaggese.fr\/wp-content\/uploads\/2024\/10\/IMGP3674-1536x1024.jpg 1536w, https:\/\/lamaggese.fr\/wp-content\/uploads\/2024\/10\/IMGP3674-2048x1365.jpg 2048w\" sizes=\"auto, (max-width: 767px) 89vw, (max-width: 1000px) 54vw, (max-width: 1071px) 543px, 580px\" \/><\/figure>\n\n\n\n<figure class=\"wp-block-image size-large\"><img loading=\"lazy\" decoding=\"async\" width=\"1024\" height=\"683\" data-id=\"1498\" src=\"https:\/\/lamaggese.fr\/wp-content\/uploads\/2024\/10\/IMGP3885-1024x683.jpg\" alt=\"\" class=\"wp-image-1498\" srcset=\"https:\/\/lamaggese.fr\/wp-content\/uploads\/2024\/10\/IMGP3885-1024x683.jpg 1024w, https:\/\/lamaggese.fr\/wp-content\/uploads\/2024\/10\/IMGP3885-300x200.jpg 300w, https:\/\/lamaggese.fr\/wp-content\/uploads\/2024\/10\/IMGP3885-768x512.jpg 768w, https:\/\/lamaggese.fr\/wp-content\/uploads\/2024\/10\/IMGP3885-1536x1024.jpg 1536w, https:\/\/lamaggese.fr\/wp-content\/uploads\/2024\/10\/IMGP3885-2048x1365.jpg 2048w\" sizes=\"auto, (max-width: 767px) 89vw, (max-width: 1000px) 54vw, (max-width: 1071px) 543px, 580px\" \/><\/figure>\n\n\n\n<figure class=\"wp-block-image size-large\"><img loading=\"lazy\" decoding=\"async\" width=\"1024\" height=\"683\" data-id=\"1496\" src=\"https:\/\/lamaggese.fr\/wp-content\/uploads\/2024\/10\/IMGP3785-1-1024x683.jpg\" alt=\"\" class=\"wp-image-1496\" srcset=\"https:\/\/lamaggese.fr\/wp-content\/uploads\/2024\/10\/IMGP3785-1-1024x683.jpg 1024w, https:\/\/lamaggese.fr\/wp-content\/uploads\/2024\/10\/IMGP3785-1-300x200.jpg 300w, https:\/\/lamaggese.fr\/wp-content\/uploads\/2024\/10\/IMGP3785-1-768x512.jpg 768w, https:\/\/lamaggese.fr\/wp-content\/uploads\/2024\/10\/IMGP3785-1-1536x1024.jpg 1536w, https:\/\/lamaggese.fr\/wp-content\/uploads\/2024\/10\/IMGP3785-1-2048x1365.jpg 2048w\" sizes=\"auto, (max-width: 767px) 89vw, (max-width: 1000px) 54vw, (max-width: 1071px) 543px, 580px\" \/><\/figure>\n<\/figure>\n","protected":false},"excerpt":{"rendered":"<p>17\u00e8me Rencontre de chants traditionnels italiens du 29 d\u00e9cembre au 5 janvier 2024 \u00e0 Clauzetto (en Italie) 18\u00e8me Rencontre de chants traditionnels italiens &#8211; Semaine Sainte du 25 au 31 mars \u00e0 Lauro en Irpinia (Campanie) au sud de l&rsquo;Italie 19\u00e8me Rencontre de chant traditionnel italien avec Anna Andreotti Du 15 au 20 juillet 2024 &hellip; <\/p>\n<p class=\"link-more\"><a href=\"https:\/\/lamaggese.fr\/index.php\/formations-actuelles\/\" class=\"more-link\">Continuer la lecture<span class=\"screen-reader-text\"> de &laquo;&nbsp;Rencontres 2024&nbsp;&raquo;<\/span><\/a><\/p>\n","protected":false},"author":1,"featured_media":0,"parent":0,"menu_order":0,"comment_status":"closed","ping_status":"closed","template":"","meta":{"footnotes":""},"class_list":["post-431","page","type-page","status-publish","hentry"],"_links":{"self":[{"href":"https:\/\/lamaggese.fr\/index.php\/wp-json\/wp\/v2\/pages\/431","targetHints":{"allow":["GET"]}}],"collection":[{"href":"https:\/\/lamaggese.fr\/index.php\/wp-json\/wp\/v2\/pages"}],"about":[{"href":"https:\/\/lamaggese.fr\/index.php\/wp-json\/wp\/v2\/types\/page"}],"author":[{"embeddable":true,"href":"https:\/\/lamaggese.fr\/index.php\/wp-json\/wp\/v2\/users\/1"}],"replies":[{"embeddable":true,"href":"https:\/\/lamaggese.fr\/index.php\/wp-json\/wp\/v2\/comments?post=431"}],"version-history":[{"count":43,"href":"https:\/\/lamaggese.fr\/index.php\/wp-json\/wp\/v2\/pages\/431\/revisions"}],"predecessor-version":[{"id":1621,"href":"https:\/\/lamaggese.fr\/index.php\/wp-json\/wp\/v2\/pages\/431\/revisions\/1621"}],"wp:attachment":[{"href":"https:\/\/lamaggese.fr\/index.php\/wp-json\/wp\/v2\/media?parent=431"}],"curies":[{"name":"wp","href":"https:\/\/api.w.org\/{rel}","templated":true}]}}