{"id":429,"date":"2022-03-18T11:34:29","date_gmt":"2022-03-18T10:34:29","guid":{"rendered":"https:\/\/lamaggese.fr\/?page_id=429"},"modified":"2024-11-05T15:15:23","modified_gmt":"2024-11-05T14:15:23","slug":"historiques-des-formations","status":"publish","type":"page","link":"https:\/\/lamaggese.fr\/index.php\/historiques-des-formations\/","title":{"rendered":"Formations &#038; Ateliers"},"content":{"rendered":"\n<hr class=\"wp-block-separator has-css-opacity\"\/>\n\n\n\n<p><a href=\"https:\/\/lamaggese.fr\/index.php\/le-choeur-de-lemigration\/\" data-type=\"link\" data-id=\"https:\/\/lamaggese.fr\/index.php\/le-choeur-de-lemigration\/\">LE CHOEUR DE L&rsquo;\u00c9MIGRATION<\/a><\/p>\n\n\n\n<p><a href=\"https:\/\/lamaggese.fr\/index.php\/ateliers-de-chant-a-polimnia\/\" data-type=\"URL\" data-id=\"https:\/\/lamaggese.fr\/index.php\/ateliers-de-chant-a-polimnia\/\">ATELIERS DE CHANT \u00c0 POLIMNIA<\/a><\/p>\n\n\n\n<p><a href=\"https:\/\/lamaggese.fr\/index.php\/la-collective-darles\/\" data-type=\"link\" data-id=\"https:\/\/lamaggese.fr\/index.php\/la-collective-darles\/\">LE CHOEUR DE MADI\u00c8RES<\/a><\/p>\n\n\n\n<p><a href=\"https:\/\/lamaggese.fr\/index.php\/les-chorales-du-mardi\/\" data-type=\"URL\" data-id=\"https:\/\/lamaggese.fr\/index.php\/les-chorales-du-mardi\/\">LES CHORALES DU MARDI<\/a><\/p>\n\n\n\n<p><a href=\"https:\/\/lamaggese.fr\/index.php\/oriamo\/\">ORIAMU<\/a><\/p>\n","protected":false},"excerpt":{"rendered":"<p>LE CHOEUR DE L&rsquo;\u00c9MIGRATION ATELIERS DE CHANT \u00c0 POLIMNIA LE CHOEUR DE MADI\u00c8RES LES CHORALES DU MARDI ORIAMU<\/p>\n","protected":false},"author":1,"featured_media":0,"parent":0,"menu_order":0,"comment_status":"closed","ping_status":"closed","template":"","meta":{"footnotes":""},"class_list":["post-429","page","type-page","status-publish","hentry"],"_links":{"self":[{"href":"https:\/\/lamaggese.fr\/index.php\/wp-json\/wp\/v2\/pages\/429","targetHints":{"allow":["GET"]}}],"collection":[{"href":"https:\/\/lamaggese.fr\/index.php\/wp-json\/wp\/v2\/pages"}],"about":[{"href":"https:\/\/lamaggese.fr\/index.php\/wp-json\/wp\/v2\/types\/page"}],"author":[{"embeddable":true,"href":"https:\/\/lamaggese.fr\/index.php\/wp-json\/wp\/v2\/users\/1"}],"replies":[{"embeddable":true,"href":"https:\/\/lamaggese.fr\/index.php\/wp-json\/wp\/v2\/comments?post=429"}],"version-history":[{"count":10,"href":"https:\/\/lamaggese.fr\/index.php\/wp-json\/wp\/v2\/pages\/429\/revisions"}],"predecessor-version":[{"id":1547,"href":"https:\/\/lamaggese.fr\/index.php\/wp-json\/wp\/v2\/pages\/429\/revisions\/1547"}],"wp:attachment":[{"href":"https:\/\/lamaggese.fr\/index.php\/wp-json\/wp\/v2\/media?parent=429"}],"curies":[{"name":"wp","href":"https:\/\/api.w.org\/{rel}","templated":true}]}}