{"id":42,"date":"2017-01-16T15:00:09","date_gmt":"2017-01-16T14:00:09","guid":{"rendered":"http:\/\/lamaggese.fr\/?page_id=42"},"modified":"2024-11-04T15:51:58","modified_gmt":"2024-11-04T14:51:58","slug":"passio","status":"publish","type":"page","link":"https:\/\/lamaggese.fr\/index.php\/passio\/","title":{"rendered":"Passio"},"content":{"rendered":"<div class=\"wp-block-image\">\n<figure class=\"aligncenter size-full is-resized\"><img loading=\"lazy\" decoding=\"async\" width=\"1170\" height=\"864\" src=\"https:\/\/lamaggese.fr\/wp-content\/uploads\/2024\/11\/IMG_4396.jpg\" alt=\"\" class=\"wp-image-1528\" style=\"width:524px;height:auto\" srcset=\"https:\/\/lamaggese.fr\/wp-content\/uploads\/2024\/11\/IMG_4396.jpg 1170w, https:\/\/lamaggese.fr\/wp-content\/uploads\/2024\/11\/IMG_4396-300x222.jpg 300w, https:\/\/lamaggese.fr\/wp-content\/uploads\/2024\/11\/IMG_4396-1024x756.jpg 1024w, https:\/\/lamaggese.fr\/wp-content\/uploads\/2024\/11\/IMG_4396-768x567.jpg 768w\" sizes=\"auto, (max-width: 767px) 89vw, (max-width: 1000px) 54vw, (max-width: 1071px) 543px, 580px\" \/><\/figure>\n<\/div>\n\n\n<hr class=\"wp-block-separator has-css-opacity\"\/>\n\n\n<p>Avec :<\/p>\n<ul>\n<li><em>Anna ANDREOTTI<\/em><\/li>\n<li><em>Anne DE BROCA<\/em><\/li>\n<li><em>Jo\u00eblle FAYE<\/em><\/li>\n<li><em>Jos\u00e9phine LAZZARINO<\/em><\/li>\n<li><em>Margherita TREFOLONI\u00a0<\/em><\/li>\n<\/ul>\n<p><strong>Passio est un\u00a0quintette\u00a0 f\u00e9minin qui interpr\u00e8te a cappella les chants traditionnels de la semaine sainte en Italie.<\/strong><\/p>\n<p><img loading=\"lazy\" decoding=\"async\" class=\"alignleft wp-image-43 size-medium\" src=\"http:\/\/lamaggese.fr\/wp-content\/uploads\/2017\/01\/P1290301_filtered-211x300.jpg\" width=\"211\" height=\"300\" srcset=\"https:\/\/lamaggese.fr\/wp-content\/uploads\/2017\/01\/P1290301_filtered-211x300.jpg 211w, https:\/\/lamaggese.fr\/wp-content\/uploads\/2017\/01\/P1290301_filtered.jpg 404w\" sizes=\"auto, (max-width: 211px) 100vw, 211px\" \/>Cinq voix de femmes a cappella, communiquent l\u2019\u00e9motion et les vibrations des chants rituels de la semaine sainte de diff\u00e9rentes r\u00e9gions d\u2019Italie. Ces chants de tradition orale ont \u00e9t\u00e9 entendus sur place par le groupe Passio lors de voyages d\u2019\u00e9tudes avec Giovanna Marini. Ils t\u00e9moignent d\u2019une ferveur et d\u2019une po\u00e9sie populaire toujours vivantes. Ils sont encore chant\u00e9s, pendant la semaine sainte, par des confr\u00e9ries d\u2019hommes ou de femmes et ont \u00e9t\u00e9 transmis de g\u00e9n\u00e9rations en g\u00e9n\u00e9rations. Les cinq femmes du groupe Passio ont choisi de les r\u00e9interpr\u00e9ter, enfin de partager leurs richesses vocales, musicales et po\u00e9tiques avec le public<\/p>\n<div class=\"wp-playlist wp-audio-playlist wp-playlist-light\">\n\t\t\t<div class=\"wp-playlist-current-item\"><\/div>\n\t\t<audio controls=\"controls\" preload=\"none\" width=\"503\"\n\t\t\t><\/audio>\n\t<div class=\"wp-playlist-next\"><\/div>\n\t<div class=\"wp-playlist-prev\"><\/div>\n\t<noscript>\n\t<ol>\n\t\t<li><a href='https:\/\/lamaggese.fr\/wp-content\/uploads\/2018\/02\/01_Stabat-Mater_Orosei-Passio.wav'>01_Stabat Mater_Orosei-Passio<\/a><\/li><li><a href='https:\/\/lamaggese.fr\/wp-content\/uploads\/2018\/02\/09_Kyrie_Responde-Passio.wav'>09_Kyrie_Responde-Passio<\/a><\/li><li><a href='https:\/\/lamaggese.fr\/wp-content\/uploads\/2018\/02\/11_Desolato-Passio.wav'>11_Desolato-Passio<\/a><\/li>\t<\/ol>\n\t<\/noscript>\n\t<script type=\"application\/json\" class=\"wp-playlist-script\">{\"type\":\"audio\",\"tracklist\":true,\"tracknumbers\":true,\"images\":true,\"artists\":true,\"tracks\":[{\"src\":\"https:\/\/lamaggese.fr\/wp-content\/uploads\/2018\/02\/01_Stabat-Mater_Orosei-Passio.wav\",\"type\":\"audio\/wav\",\"title\":\"01_Stabat Mater_Orosei-Passio\",\"caption\":\"\",\"description\":\"\\u003Ci\\u003E01_Stabat Mater_Orosei-Passio\\u003C\/i\\u003E.\",\"meta\":{\"length_formatted\":\"4:22\"},\"image\":{\"src\":\"https:\/\/lamaggese.fr\/wp-includes\/images\/media\/audio.svg\",\"width\":48,\"height\":64},\"thumb\":{\"src\":\"https:\/\/lamaggese.fr\/wp-includes\/images\/media\/audio.svg\",\"width\":48,\"height\":64}},{\"src\":\"https:\/\/lamaggese.fr\/wp-content\/uploads\/2018\/02\/09_Kyrie_Responde-Passio.wav\",\"type\":\"audio\/wav\",\"title\":\"09_Kyrie_Responde-Passio\",\"caption\":\"\",\"description\":\"\\u003Ci\\u003E09_Kyrie_Responde-Passio\\u003C\/i\\u003E.\",\"meta\":{\"length_formatted\":\"4:38\"},\"image\":{\"src\":\"https:\/\/lamaggese.fr\/wp-includes\/images\/media\/audio.svg\",\"width\":48,\"height\":64},\"thumb\":{\"src\":\"https:\/\/lamaggese.fr\/wp-includes\/images\/media\/audio.svg\",\"width\":48,\"height\":64}},{\"src\":\"https:\/\/lamaggese.fr\/wp-content\/uploads\/2018\/02\/11_Desolato-Passio.wav\",\"type\":\"audio\/wav\",\"title\":\"11_Desolato-Passio\",\"caption\":\"\",\"description\":\"\\u003Ci\\u003E11_Desolato-Passio\\u003C\/i\\u003E.\",\"meta\":{\"length_formatted\":\"3:44\"},\"image\":{\"src\":\"https:\/\/lamaggese.fr\/wp-includes\/images\/media\/audio.svg\",\"width\":48,\"height\":64},\"thumb\":{\"src\":\"https:\/\/lamaggese.fr\/wp-includes\/images\/media\/audio.svg\",\"width\":48,\"height\":64}}]}<\/script>\n<\/div>\n\t\n<p>Les cinq chanteuses du groupe ont suivi les cours d\u2019ethnomusicologie appliqu\u00e9e de Giovanna Marini \u00e0 l\u2019Universit\u00e9 Paris VIII. A cette occasion, elles ont effectu\u00e9 de nombreux voyages d\u2019\u00e9tudes qui leur ont donn\u00e9 la volont\u00e9 de r\u00e9interpr\u00e9ter ces chants, et ce afin de faire conna\u00eetre la chaleur et l\u2019\u00e9motion qui les caract\u00e9risent. Tous les ans, elles retournent en Italie s\u2019impr\u00e9gner \u00e0 nouveau de cette force et d\u00e9couvrir de nouveaux chants, pour ensuite les retravailler, se les r\u00e9approprier.<\/p>\n<p>Passio a enregistr\u00e9 un CD pour Al sur et tourn\u00e9 2 films \u00ab Della Passione di Cristo \u00bb pour Mezzo et un film th\u00e9matique sur leur travail fait par le r\u00e9alisateur Alain Guillon elles ont chant\u00e9 en France, Italie, Isra\u00ebl.<\/p>\n<p><span style=\"font-size: revert;\">Discographie : <\/span><span style=\"font-size: revert;\">Passio, disque Al Sur, Next Music\/Musisoft, CDAL 268 MD 852 Il canto dell\u2019anima Il sacro nella tradizione orale italiana Folk Note, FN&#8212; 006\/RMR&#8212;547, 2018<\/span><\/p>\n<div class=\"page\" title=\"Page 1\">\n<div class=\"layoutArea\">\n<div class=\"column\">\n<p>Filmographie : Passio, un film documentaire d\u2019Alain Guillon avec Giovanna Marini et le groupe Passio.<\/p>\n<\/div>\n<\/div>\n<div class=\"layoutArea\">\n<div class=\"column\">\n<p>Participation de Passio dans \u00ab L\u2019Exercice de l\u2019Etat \u00bb de Pierre Schoeller. Captation d\u2019un concert de Passio : \u00ab Della Passione di Cristo \u00bb\u00a0diffus\u00e9 sur Mezzo.<\/p>\n<\/p>\n<\/div>\n<\/div>\n<\/div>\n\n\n<figure class=\"wp-block-embed is-type-video is-provider-youtube wp-block-embed-youtube wp-embed-aspect-4-3 wp-has-aspect-ratio\"><div class=\"wp-block-embed__wrapper\">\n<iframe loading=\"lazy\" title=\"Le groupe PASSIO\" width=\"525\" height=\"394\" src=\"https:\/\/www.youtube.com\/embed\/ag8irlaiDtw?start=33&#038;feature=oembed\" frameborder=\"0\" allow=\"accelerometer; autoplay; clipboard-write; encrypted-media; gyroscope; picture-in-picture; web-share\" referrerpolicy=\"strict-origin-when-cross-origin\" allowfullscreen><\/iframe>\n<\/div><figcaption class=\"wp-element-caption\">Le film Passio<\/figcaption><\/figure>\n\n\n\n<figure class=\"wp-block-embed is-type-video is-provider-youtube wp-block-embed-youtube wp-embed-aspect-4-3 wp-has-aspect-ratio\"><div class=\"wp-block-embed__wrapper\">\n<iframe loading=\"lazy\" title=\"Le groupe Passio, extrait du chant &quot;Liberame&quot; (Sardaigne)\" width=\"525\" height=\"394\" src=\"https:\/\/www.youtube.com\/embed\/RQzyJv9k59g?start=2&#038;feature=oembed\" frameborder=\"0\" allow=\"accelerometer; autoplay; clipboard-write; encrypted-media; gyroscope; picture-in-picture; web-share\" referrerpolicy=\"strict-origin-when-cross-origin\" allowfullscreen><\/iframe>\n<\/div><figcaption class=\"wp-element-caption\">Lib\u00e9r\u00e2mes &#8211; Passio<\/figcaption><\/figure>\n\n\n\n<figure class=\"wp-block-embed is-type-video is-provider-youtube wp-block-embed-youtube wp-embed-aspect-16-9 wp-has-aspect-ratio\"><div class=\"wp-block-embed__wrapper\">\n<iframe loading=\"lazy\" title=\"PASSIO Desolato\" width=\"525\" height=\"295\" src=\"https:\/\/www.youtube.com\/embed\/XQp-OUQ4UxE?feature=oembed\" frameborder=\"0\" allow=\"accelerometer; autoplay; clipboard-write; encrypted-media; gyroscope; picture-in-picture; web-share\" referrerpolicy=\"strict-origin-when-cross-origin\" allowfullscreen><\/iframe>\n<\/div><figcaption class=\"wp-element-caption\">Desolato &#8211; Passio<\/figcaption><\/figure>\n\n\n\n<div data-wp-interactive=\"core\/file\" class=\"wp-block-file\"><object data-wp-bind--hidden=\"!state.hasPdfPreview\" hidden class=\"wp-block-file__embed\" data=\"https:\/\/lamaggese.fr\/wp-content\/uploads\/2022\/12\/dossier-Passio.pdf\" type=\"application\/pdf\" style=\"width:100%;height:600px\" aria-label=\"Contenu embarqu\u00e9 dossier-Passio.\"><\/object><a id=\"wp-block-file--media-2980ff0f-9eff-48e8-ab81-e2aa87d5993e\" href=\"https:\/\/lamaggese.fr\/wp-content\/uploads\/2022\/12\/dossier-Passio.pdf\">dossier-Passio<\/a><a href=\"https:\/\/lamaggese.fr\/wp-content\/uploads\/2022\/12\/dossier-Passio.pdf\" class=\"wp-block-file__button wp-element-button\" download aria-describedby=\"wp-block-file--media-2980ff0f-9eff-48e8-ab81-e2aa87d5993e\">T\u00e9l\u00e9charger<\/a><\/div>\n\n\n\n<p><\/p>\n","protected":false},"excerpt":{"rendered":"<p>Avec : Anna ANDREOTTI Anne DE BROCA Jo\u00eblle FAYE Jos\u00e9phine LAZZARINO Margherita TREFOLONI\u00a0 Passio est un\u00a0quintette\u00a0 f\u00e9minin qui interpr\u00e8te a cappella les chants traditionnels de la semaine sainte en Italie. Cinq voix de femmes a cappella, communiquent l\u2019\u00e9motion et les vibrations des chants rituels de la semaine sainte de diff\u00e9rentes r\u00e9gions d\u2019Italie. Ces chants de &hellip; <\/p>\n<p class=\"link-more\"><a href=\"https:\/\/lamaggese.fr\/index.php\/passio\/\" class=\"more-link\">Continuer la lecture<span class=\"screen-reader-text\"> de &laquo;&nbsp;Passio&nbsp;&raquo;<\/span><\/a><\/p>\n","protected":false},"author":1,"featured_media":0,"parent":0,"menu_order":0,"comment_status":"closed","ping_status":"closed","template":"","meta":{"footnotes":""},"class_list":["post-42","page","type-page","status-publish","hentry"],"_links":{"self":[{"href":"https:\/\/lamaggese.fr\/index.php\/wp-json\/wp\/v2\/pages\/42","targetHints":{"allow":["GET"]}}],"collection":[{"href":"https:\/\/lamaggese.fr\/index.php\/wp-json\/wp\/v2\/pages"}],"about":[{"href":"https:\/\/lamaggese.fr\/index.php\/wp-json\/wp\/v2\/types\/page"}],"author":[{"embeddable":true,"href":"https:\/\/lamaggese.fr\/index.php\/wp-json\/wp\/v2\/users\/1"}],"replies":[{"embeddable":true,"href":"https:\/\/lamaggese.fr\/index.php\/wp-json\/wp\/v2\/comments?post=42"}],"version-history":[{"count":6,"href":"https:\/\/lamaggese.fr\/index.php\/wp-json\/wp\/v2\/pages\/42\/revisions"}],"predecessor-version":[{"id":1530,"href":"https:\/\/lamaggese.fr\/index.php\/wp-json\/wp\/v2\/pages\/42\/revisions\/1530"}],"wp:attachment":[{"href":"https:\/\/lamaggese.fr\/index.php\/wp-json\/wp\/v2\/media?parent=42"}],"curies":[{"name":"wp","href":"https:\/\/api.w.org\/{rel}","templated":true}]}}