{"id":40,"date":"2017-01-16T14:58:06","date_gmt":"2017-01-16T13:58:06","guid":{"rendered":"http:\/\/lamaggese.fr\/?page_id=40"},"modified":"2017-01-16T14:58:06","modified_gmt":"2017-01-16T13:58:06","slug":"puisque-tu-es-une-fille","status":"publish","type":"page","link":"https:\/\/lamaggese.fr\/index.php\/puisque-tu-es-une-fille\/","title":{"rendered":"Puisque tu es une fille"},"content":{"rendered":"<h6><\/h6>\n<p><em>textes : Gis\u00e8le Halimi et Amelle Kared<br \/>\navec : Marie Levy et Val\u00e9rie Coue Sibiril<br \/>\nmusique : Antoine Morineau<br \/>\nmise en sc\u00e8ne : Anna Andreotti<br \/>\nd\u00e9cor : Cl\u00e9ri<br \/>\nr\u00e9gie g\u00e9n\u00e9rale : Fr\u00e9d\u00e9rique Gillmann<\/em><\/p>\n<p>\u00ab Puisque tu es une fille \u00bb c\u2019est quoi ?<\/p>\n<p>On est parti d\u2019une simple question \u00abY a-t-il un sens \u00e0 parler du f\u00e9minisme aujourd\u2019hui ? \u00bb<br \/>\nAvant on avait Gis\u00e8le Halimi, Simone de Beauvoir, Simone Veil, etc.\u2026mais aujourd\u2019hui ? Tout est r\u00e9solu ? Et si on allait \u00e0 la rencontre d\u2019une des ces femmes pour qui tout a \u00e9t\u00e9 r\u00e9solu ?<br \/>\nUn dialogue entre une f\u00e9ministe d\u2019hier et une femme d\u2019aujourd\u2019hui, entre une femme qui a quitt\u00e9 la Tunisie au prix des tous ses efforts pour poursuivre ses \u00e9tudes dans les ann\u00e9es 40\u00a0 et une jeune fille de l\u2019immigration qui a v\u00e9cu en banlieue parisienne, qui s\u2019est battue, elle aussi seule et envers tous, pour poursuivre ses \u00e9tudes, mais aujourd\u2019hui dans les ann\u00e9es 90\/2005. De l\u00e0, est n\u00e9e l\u2019id\u00e9e d\u2019une lecture spectacle o\u00f9 deux univers se rencontrent, dialoguent et se r\u00e9pondent, \u00e0 la recherche de la solution commune. Un questionnement sur les relations hommes \/ femmes, sur le respect de soi, mais aussi des traditions. Un questionnement profond\u00e9ment\u00a0 n\u00e9cessaire et urgent dans une France qui est oblig\u00e9e de r\u00e9clamer le droit \u00e0 une \u00e9ducation la\u00efque. Deux com\u00e9diennes se parlent, se d\u00e9livrent s\u2019insurgent face aux injustices. Un musicien accompagne et rythme le r\u00e9cit. Un lieu de grande intimit\u00e9 et de grande \u00e9coute. Un espace n\u00e9cessaire duquel peut surgir un vrai d\u00e9bat.<\/p>\n<blockquote>\n<div id=\"wb_Text5\">\u00ab\u00a0Je suis d\u2019une g\u00e9n\u00e9ration qui a grandi s\u00fbre d\u2019arriver apr\u00e8s la bataille en terrain conquis. Enfant j\u2019ai vu ma grand-m\u00e8re aller voter pour me donner plus tard le droit \u00e0 l\u2019IVG et au divorce, ma grand-m\u00e8re qui \u00e9tait n\u00e9e en 1896\u2026. Plus tard, j\u2019ai commenc\u00e9 \u00e0 voir la difficult\u00e9, les injustices et les douleurs. Un jour chez un bouquiniste je suis tomb\u00e9e sur une v\u00e9ritable collection de livres f\u00e9ministes brad\u00e9s \u00e0 quelques francs, c\u2019\u00e9tait en 2000, le vendeur \u00e9tait ravi de me livrer tout \u00e7a, moi, j\u2019ai par contre senti la n\u00e9cessit\u00e9 br\u00fblante de ces lectures. Dans le lot il y avait \u00ab La cause des femmes \u00bb de Gis\u00e8le Halimi. Quand le pass\u00e9 est trop pr\u00e8s on ne le conna\u00eet pas et souvent on le renie, l\u00e0 j\u2019ai plong\u00e9, ce pass\u00e9 \u00e9tait encore tellement mon pr\u00e9sent. L\u2019envie de le faire entendre \u00e9tait forte, mais comment. La vie de Gis\u00e8le Halimi m\u2019avait parl\u00e9e d\u2019autant plus qu\u2019elle me rappelait les combat acharn\u00e9s d\u2019une jeune amie (aujourd\u2019hui dans notre France r\u00e9publicaine et la\u00efque) pour payer ses \u00e9tudes de droit envers et contre tous \u2026.Depuis, bien cinq\u00a0 ann\u00e9es sont pass\u00e9es, j\u2019ai pass\u00e9 des livres d\u2019Halimi \u00e0 Amelle Kared, ma jeune amie, et elle m\u2019en a pass\u00e9 d\u2019autres, on en a parl\u00e9.\u00a0 Puis un jours Amelle me montre une \u00e9bauche de texte, on est dans un caf\u00e9 bruyant, on est l\u00e0 pour se voir, elle pour me pr\u00e9senter sa petite fille et son ami\u2026c\u2019est une sorte de d\u00e9claration d\u2019\u00e9tat, \u00e9tat de femme jeune, intelligente, libre et m\u00e8re\u2026.j\u2019ai voulu les faire se rencontrer, la mythique Gis\u00e8le et la jeune Amelle,\u00a0 j\u2019ai voulu qu\u2019elle se parlent, que ces deux femmes nous\u00a0 parlent \u2026j\u2019ai pens\u00e9 que c\u2019\u00e9tait important pour nous, que c\u2019\u00e9tait urgent. On l\u2019a construit ensemble avec Amelle pas \u00e0 pas, et ce n\u2019est pas fini, on ne sait pas si c\u2019est du th\u00e9\u00e2tre, de la vie ou simplement de la militance\u2026mais on en a besoin.\u00a0\u00bb<br \/>\nAnna Andreotti<\/div>\n<\/blockquote>\n","protected":false},"excerpt":{"rendered":"<p>textes : Gis\u00e8le Halimi et Amelle Kared avec : Marie Levy et Val\u00e9rie Coue Sibiril musique : Antoine Morineau mise en sc\u00e8ne : Anna Andreotti d\u00e9cor : Cl\u00e9ri r\u00e9gie g\u00e9n\u00e9rale : Fr\u00e9d\u00e9rique Gillmann \u00ab Puisque tu es une fille \u00bb c\u2019est quoi ? On est parti d\u2019une simple question \u00abY a-t-il un sens \u00e0 parler &hellip; <\/p>\n<p class=\"link-more\"><a href=\"https:\/\/lamaggese.fr\/index.php\/puisque-tu-es-une-fille\/\" class=\"more-link\">Continuer la lecture<span class=\"screen-reader-text\"> de &laquo;&nbsp;Puisque tu es une fille&nbsp;&raquo;<\/span><\/a><\/p>\n","protected":false},"author":1,"featured_media":0,"parent":0,"menu_order":0,"comment_status":"closed","ping_status":"closed","template":"","meta":{"footnotes":""},"class_list":["post-40","page","type-page","status-publish","hentry"],"_links":{"self":[{"href":"https:\/\/lamaggese.fr\/index.php\/wp-json\/wp\/v2\/pages\/40","targetHints":{"allow":["GET"]}}],"collection":[{"href":"https:\/\/lamaggese.fr\/index.php\/wp-json\/wp\/v2\/pages"}],"about":[{"href":"https:\/\/lamaggese.fr\/index.php\/wp-json\/wp\/v2\/types\/page"}],"author":[{"embeddable":true,"href":"https:\/\/lamaggese.fr\/index.php\/wp-json\/wp\/v2\/users\/1"}],"replies":[{"embeddable":true,"href":"https:\/\/lamaggese.fr\/index.php\/wp-json\/wp\/v2\/comments?post=40"}],"version-history":[{"count":1,"href":"https:\/\/lamaggese.fr\/index.php\/wp-json\/wp\/v2\/pages\/40\/revisions"}],"predecessor-version":[{"id":41,"href":"https:\/\/lamaggese.fr\/index.php\/wp-json\/wp\/v2\/pages\/40\/revisions\/41"}],"wp:attachment":[{"href":"https:\/\/lamaggese.fr\/index.php\/wp-json\/wp\/v2\/media?parent=40"}],"curies":[{"name":"wp","href":"https:\/\/api.w.org\/{rel}","templated":true}]}}