{"id":358,"date":"2021-07-15T23:13:33","date_gmt":"2021-07-15T21:13:33","guid":{"rendered":"https:\/\/lamaggese.fr\/?page_id=358"},"modified":"2022-12-08T15:06:16","modified_gmt":"2022-12-08T14:06:16","slug":"ama-chi-ti-ama-chants-et-poemes-damour-dune-italie-qui-nous-manque","status":"publish","type":"page","link":"https:\/\/lamaggese.fr\/index.php\/ama-chi-ti-ama-chants-et-poemes-damour-dune-italie-qui-nous-manque\/","title":{"rendered":"Ama chi ti ama &#8211; Chants et po\u00e8mes d&rsquo;amour d&rsquo;une Italie amoureuse"},"content":{"rendered":"\n<p><\/p>\n\n\n\n<hr class=\"wp-block-separator\"\/>\n\n\n\n<p><strong>Note d\u2019intention<\/strong><\/p>\n\n\n\n<p class=\"has-text-color\" style=\"color:#7ab956\">\u00ab C\u2019est de la po\u00e9sie sous toutes ses formes, de la po\u00e9sie et de l\u2019Amour nous sommes parties&#8230;\u00bb<\/p>\n\n\n\n<div class=\"wp-block-image\"><figure class=\"aligncenter size-large\"><img loading=\"lazy\" decoding=\"async\" width=\"1024\" height=\"683\" src=\"https:\/\/lamaggese.fr\/wp-content\/uploads\/2022\/12\/P1004063-1024x683.jpg\" alt=\"\" class=\"wp-image-853\" srcset=\"https:\/\/lamaggese.fr\/wp-content\/uploads\/2022\/12\/P1004063-1024x683.jpg 1024w, https:\/\/lamaggese.fr\/wp-content\/uploads\/2022\/12\/P1004063-300x200.jpg 300w, https:\/\/lamaggese.fr\/wp-content\/uploads\/2022\/12\/P1004063-768x512.jpg 768w, https:\/\/lamaggese.fr\/wp-content\/uploads\/2022\/12\/P1004063-1536x1024.jpg 1536w, https:\/\/lamaggese.fr\/wp-content\/uploads\/2022\/12\/P1004063-2048x1365.jpg 2048w\" sizes=\"auto, (max-width: 767px) 89vw, (max-width: 1000px) 54vw, (max-width: 1071px) 543px, 580px\" \/><\/figure><\/div>\n\n\n\n<p class=\"has-text-color\" style=\"color:#5f810e\">\u00c0 travers des chants de tradition orale et des po\u00e8mes d\u2019amour italiens, deux femmes, recouvrant tour \u00e0 tour&nbsp;le r\u00f4le de m\u00e8res, amantes, \u00e9pouses, petites filles ou adolescentes vous invitent \u00e0 la d\u00e9couverte d\u2019une parole&nbsp;franche, libre et passionn\u00e9e.<\/p>\n\n\n\n<p class=\"has-text-color\" style=\"color:#5f810e\">Parler d\u2019amour chanter l\u2019amour !&nbsp;<strong><em>Il suffirait d\u2019un jour de soleil&nbsp;<\/em><\/strong>avec ses voix vibrantes de toscanes met en sc\u00e8ne le rapport entre le chant italien de tradition orale et la po\u00e9sie, \u00e0 travers le prisme de l\u2019amour.<\/p>\n\n\n\n<p class=\"has-text-color\" style=\"color:#5f810e\">\u00abNous essayons d\u2019approcher de plus en plus de nos jours pour retrouver les traces du chant dans la po\u00e9sie et les traces de la po\u00e9sie dans le chant.<\/p>\n\n\n\n<p class=\"has-text-color\" style=\"color:#5f810e\">Le duo de voix italiennes traverse les \u00e2ges de l\u2019amour, les joies intenses, les grandes douleurs, les passions, les amourettes, la naissance du d\u00e9sir, la naissance de l\u2019amour, la vie, la mort. Envelopp\u00e9es dans un lit \u201cimmense prairie abstraite aux saisons compt\u00e9es\u201d, comme l\u2019appelle la po\u00e9tesse Armanda Guiducci, Anna<br>et Margherita nous conduisent dans un univers visionnaire et puissant o\u00f9 le mot Amour r\u00e8gne toujours, pourchassant le mot qui chante et le chant qui parle, Ce n\u2019est pas par hasard que elles ont choisi les chants et les po\u00e8mes d\u2019une Italie qui aime. Dans notre soci\u00e9t\u00e9, le manque d\u2019amour autour duquel les chants et les po\u00e8mes tournent incessamment, est devenu le mal du si\u00e8cle.<\/p>\n\n\n\n<p class=\"has-text-color\" style=\"color:#5f810e\">Nous avons plong\u00e9 dans cette histoire sans nous l\u2019avouer par peur d\u2019\u00eatre tax\u00e9es d\u2019ing\u00e9nuit\u00e9. Maintenant ce manque d\u2019amour est devenu notre souffrance actuelle, r\u00e9elle, physique. Dans ce contexte o\u00f9 on a de plus en plus de mal \u00e0 nous rencontrer v\u00e9ritablement, nous croyons encore plus que chanter, parler, chanter encore et susurrer, d\u00e9clamer et fredonner l\u2019amour soit n\u00e9cessaire ! \u00bb<\/p>\n\n\n\n<figure class=\"wp-block-image size-large\"><img loading=\"lazy\" decoding=\"async\" width=\"1024\" height=\"768\" src=\"https:\/\/lamaggese.fr\/wp-content\/uploads\/2022\/12\/A-1024x768.jpeg\" alt=\"\" class=\"wp-image-854\" srcset=\"https:\/\/lamaggese.fr\/wp-content\/uploads\/2022\/12\/A-1024x768.jpeg 1024w, https:\/\/lamaggese.fr\/wp-content\/uploads\/2022\/12\/A-300x225.jpeg 300w, https:\/\/lamaggese.fr\/wp-content\/uploads\/2022\/12\/A-768x576.jpeg 768w, https:\/\/lamaggese.fr\/wp-content\/uploads\/2022\/12\/A-1536x1152.jpeg 1536w, https:\/\/lamaggese.fr\/wp-content\/uploads\/2022\/12\/A-2048x1536.jpeg 2048w\" sizes=\"auto, (max-width: 767px) 89vw, (max-width: 1000px) 54vw, (max-width: 1071px) 543px, 580px\" \/><\/figure>\n\n\n\n<p>La soci\u00e9t\u00e9 moderne explique Roland Barthes \u00ab ne prend pas en charge le sentiment amoureux, ce qui fait que, si on a affaire \u00e0 un sujet amoureux qui a une certaine teinture de culture intellectuelle, et bien ce sujet-l\u00e0, s\u2019il lui advient de tomber amoureux, va se trouver extr\u00eamement solitaire.<\/p>\n\n\n\n<p>Comme il souffre, il essaiera de s\u2019appuyer sur un langage, une th\u00e9orie qui le prenne en charge, et, dans\u00a0l\u2019\u00e9poque actuelle, il ne trouvera rien. S\u2019il s\u2019agissait d\u2019affirmer une perversion, il trouvera un langage th\u00e9orique qui l\u2019aidera \u00e0 se comprendre et \u00e0 s\u2019affirmer ; mais s\u2019il lui advient d\u2019\u00eatre amoureux comme au temps de\u00a0Werther, \u00e0 ce moment-l\u00e0, personne autour de lui ne lui r\u00e9pond sauf justement cette culture populaire [&#8230;] un sujet amoureux aura beaucoup de mal \u00e0 vaincre le tabou de la \u2018sentimentalit\u00e9\u2019 alors que celui de la sexualit\u00e9 aujourd\u2019hui se transgresse tr\u00e8s facilement \u00bb<\/p>\n\n\n\n<p><strong>C\u2019est cela \u00ab Ama chi ti Ama \u00bb : Aime qui t\u2019Aime&#8230; une v\u00e9ritable approche \u00abintime\u00bb de la culture italienne.<\/strong><\/p>\n\n\n\n<figure class=\"wp-block-embed is-type-video is-provider-youtube wp-block-embed-youtube wp-embed-aspect-16-9 wp-has-aspect-ratio\"><div class=\"wp-block-embed__wrapper\">\n<iframe loading=\"lazy\" title=\"Ama chi ti ama - chants et po\u00e8mes d&#039;une Italie amoureuse\" width=\"525\" height=\"295\" src=\"https:\/\/www.youtube.com\/embed\/ctVHcIX_OGw?feature=oembed\" frameborder=\"0\" allow=\"accelerometer; autoplay; clipboard-write; encrypted-media; gyroscope; picture-in-picture; web-share\" referrerpolicy=\"strict-origin-when-cross-origin\" allowfullscreen><\/iframe>\n<\/div><figcaption>teaser version courte <\/figcaption><\/figure>\n\n\n\n<hr class=\"wp-block-separator\"\/>\n\n\n\n<div data-wp-interactive=\"core\/file\" class=\"wp-block-file\"><object data-wp-bind--hidden=\"!state.hasPdfPreview\" hidden class=\"wp-block-file__embed\" data=\"https:\/\/lamaggese.fr\/wp-content\/uploads\/2021\/10\/Ama-chi-ti-ama-290921.pdf\" type=\"application\/pdf\" style=\"width:100%;height:600px\" aria-label=\"Contenu embarqu\u00e9 Contenu embarqu\u00e9 Ama-chi-ti-ama-290921..\"><\/object><a id=\"wp-block-file--media-290c7a35-332d-4984-8531-5a9018b4a8ee\" href=\"https:\/\/lamaggese.fr\/wp-content\/uploads\/2021\/10\/Ama-chi-ti-ama-290921.pdf\">Ama-chi-ti-ama-290921<\/a><a href=\"https:\/\/lamaggese.fr\/wp-content\/uploads\/2021\/10\/Ama-chi-ti-ama-290921.pdf\" class=\"wp-block-file__button\" download aria-describedby=\"wp-block-file--media-290c7a35-332d-4984-8531-5a9018b4a8ee\">T\u00e9l\u00e9charger<\/a><\/div>\n","protected":false},"excerpt":{"rendered":"<p>Note d\u2019intention \u00ab C\u2019est de la po\u00e9sie sous toutes ses formes, de la po\u00e9sie et de l\u2019Amour nous sommes parties&#8230;\u00bb \u00c0 travers des chants de tradition orale et des po\u00e8mes d\u2019amour italiens, deux femmes, recouvrant tour \u00e0 tour&nbsp;le r\u00f4le de m\u00e8res, amantes, \u00e9pouses, petites filles ou adolescentes vous invitent \u00e0 la d\u00e9couverte d\u2019une parole&nbsp;franche, libre &hellip; <\/p>\n<p class=\"link-more\"><a href=\"https:\/\/lamaggese.fr\/index.php\/ama-chi-ti-ama-chants-et-poemes-damour-dune-italie-qui-nous-manque\/\" class=\"more-link\">Continuer la lecture<span class=\"screen-reader-text\"> de &laquo;&nbsp;Ama chi ti ama &#8211; Chants et po\u00e8mes d&rsquo;amour d&rsquo;une Italie amoureuse&nbsp;&raquo;<\/span><\/a><\/p>\n","protected":false},"author":1,"featured_media":0,"parent":0,"menu_order":0,"comment_status":"closed","ping_status":"closed","template":"","meta":{"footnotes":""},"class_list":["post-358","page","type-page","status-publish","hentry"],"_links":{"self":[{"href":"https:\/\/lamaggese.fr\/index.php\/wp-json\/wp\/v2\/pages\/358","targetHints":{"allow":["GET"]}}],"collection":[{"href":"https:\/\/lamaggese.fr\/index.php\/wp-json\/wp\/v2\/pages"}],"about":[{"href":"https:\/\/lamaggese.fr\/index.php\/wp-json\/wp\/v2\/types\/page"}],"author":[{"embeddable":true,"href":"https:\/\/lamaggese.fr\/index.php\/wp-json\/wp\/v2\/users\/1"}],"replies":[{"embeddable":true,"href":"https:\/\/lamaggese.fr\/index.php\/wp-json\/wp\/v2\/comments?post=358"}],"version-history":[{"count":11,"href":"https:\/\/lamaggese.fr\/index.php\/wp-json\/wp\/v2\/pages\/358\/revisions"}],"predecessor-version":[{"id":855,"href":"https:\/\/lamaggese.fr\/index.php\/wp-json\/wp\/v2\/pages\/358\/revisions\/855"}],"wp:attachment":[{"href":"https:\/\/lamaggese.fr\/index.php\/wp-json\/wp\/v2\/media?parent=358"}],"curies":[{"name":"wp","href":"https:\/\/api.w.org\/{rel}","templated":true}]}}