{"id":34,"date":"2017-01-16T14:43:32","date_gmt":"2017-01-16T13:43:32","guid":{"rendered":"http:\/\/lamaggese.fr\/?page_id=34"},"modified":"2017-01-16T14:43:32","modified_gmt":"2017-01-16T13:43:32","slug":"lamer-poeme-sans-larmes","status":"publish","type":"page","link":"https:\/\/lamaggese.fr\/index.php\/lamer-poeme-sans-larmes\/","title":{"rendered":"L\u2019amer po\u00e8me sans larmes"},"content":{"rendered":"<p>Avec :<\/p>\n<ul>\n<li>Anna Andreotti<\/li>\n<li>Ugo Perez ( guitare )<\/li>\n<li>Yvan Guis ( guitare )<\/li>\n<\/ul>\n<p>Texte extrait du t\u00e9moignage de Savena Antiocha, artiste peintre et m\u00e9re de Roberto Antiocha, policier, tu\u00e9 \u00e0 l\u2019age de 23 ans par la mafia<\/p>\n<p>&nbsp;<\/p>\n<p><img loading=\"lazy\" decoding=\"async\" class=\"alignleft size-medium wp-image-35\" src=\"http:\/\/lamaggese.fr\/wp-content\/uploads\/2017\/01\/carte_02-copie-300x212-300x212.jpg\" alt=\"\" width=\"300\" height=\"212\" \/>Le t\u00e9moignage de Saveria Antiochia est comme un cri muet<\/p>\n<p>Il a des racines qui poussent en toi, un fils\u201d\u2026\u00a0\u00bb<\/p>\n<p>Saveria est la m\u00e8re\/terre \u00e0 qui on a arrach\u00e9 le fils\/racine dans la violence d\u2019\u2019une rafale de Kalachnikov un 6 Ao\u00fbt 1985 \u00e0 Palermo<\/p>\n<p>\u00ab\u00a0Quand on te tue ton fils on tire aussi sur toi. On m\u2019avait tir\u00e9e dessus au Kalachnikov, ce jour-l\u00e0\u00a0\u00bb.<\/p>\n<p>\u00ab\u00a0Au-del\u00e0 d\u2019une d\u00e9nonciation de la Mafia et de ses rouages monstrueux et impitoyables, Saveria Antiochia nous plonge dans un questionnement plus profond,celui de l\u2019\u00e9ducation au monde,\u00a0 du civisme face au pouvoir, qu\u2019il soit\u00a0mafieux ou\u00a0institutionnel.\u00a0\u00bb<\/p>\n","protected":false},"excerpt":{"rendered":"<p>Avec : Anna Andreotti Ugo Perez ( guitare ) Yvan Guis ( guitare ) Texte extrait du t\u00e9moignage de Savena Antiocha, artiste peintre et m\u00e9re de Roberto Antiocha, policier, tu\u00e9 \u00e0 l\u2019age de 23 ans par la mafia &nbsp; Le t\u00e9moignage de Saveria Antiochia est comme un cri muet Il a des racines qui poussent &hellip; <\/p>\n<p class=\"link-more\"><a href=\"https:\/\/lamaggese.fr\/index.php\/lamer-poeme-sans-larmes\/\" class=\"more-link\">Continuer la lecture<span class=\"screen-reader-text\"> de &laquo;&nbsp;L\u2019amer po\u00e8me sans larmes&nbsp;&raquo;<\/span><\/a><\/p>\n","protected":false},"author":1,"featured_media":0,"parent":0,"menu_order":0,"comment_status":"closed","ping_status":"closed","template":"","meta":{"footnotes":""},"class_list":["post-34","page","type-page","status-publish","hentry"],"_links":{"self":[{"href":"https:\/\/lamaggese.fr\/index.php\/wp-json\/wp\/v2\/pages\/34","targetHints":{"allow":["GET"]}}],"collection":[{"href":"https:\/\/lamaggese.fr\/index.php\/wp-json\/wp\/v2\/pages"}],"about":[{"href":"https:\/\/lamaggese.fr\/index.php\/wp-json\/wp\/v2\/types\/page"}],"author":[{"embeddable":true,"href":"https:\/\/lamaggese.fr\/index.php\/wp-json\/wp\/v2\/users\/1"}],"replies":[{"embeddable":true,"href":"https:\/\/lamaggese.fr\/index.php\/wp-json\/wp\/v2\/comments?post=34"}],"version-history":[{"count":1,"href":"https:\/\/lamaggese.fr\/index.php\/wp-json\/wp\/v2\/pages\/34\/revisions"}],"predecessor-version":[{"id":36,"href":"https:\/\/lamaggese.fr\/index.php\/wp-json\/wp\/v2\/pages\/34\/revisions\/36"}],"wp:attachment":[{"href":"https:\/\/lamaggese.fr\/index.php\/wp-json\/wp\/v2\/media?parent=34"}],"curies":[{"name":"wp","href":"https:\/\/api.w.org\/{rel}","templated":true}]}}