{"id":30,"date":"2017-01-16T14:13:06","date_gmt":"2017-01-16T13:13:06","guid":{"rendered":"http:\/\/lamaggese.fr\/?page_id=30"},"modified":"2017-01-16T14:13:06","modified_gmt":"2017-01-16T13:13:06","slug":"amour-me-amour","status":"publish","type":"page","link":"https:\/\/lamaggese.fr\/index.php\/amour-me-amour\/","title":{"rendered":"Am\u00f2ur me Am\u00f2ur"},"content":{"rendered":"<h6><em>chansons et po\u00e8mes de Pier Paolo Pasolini<\/em><\/h6>\n<p><em>Chant : ANNA ANDREOTTI Guitare : Enrique Espejo<br \/>\nAccord\u00e9on : Patrick Le Bihan , Mise en sc\u00e8ne : Jean pierre Mouleres<\/em><\/p>\n<p>Am\u00f2ur me Am\u00f2ur commence un conte, avec douceur, la douceur am\u00e8re de tant de g\u00e2chis et avec le go\u00fbt du sang \u00e2pre dans la bouche semblable \u00e0 celui que nous a laiss\u00e9 la mort du po\u00e8te Pier Paolo Pasolini.Anna Andreotti nous conduit \u00e0 la d\u00e9couverte du po\u00e8te, de l\u2019homme, du cin\u00e9aste, du passion\u00e9 de la vie qu\u2019\u00e9tait Pasolini, vie dans sa plus superbe contradiction.<\/p>\n<p>Un artiste qui n\u2019a jamais recul\u00e9 face aux d\u00e9fis et qui a utilis\u00e9 tous les moyens d\u2019expression de la po\u00e9sie \u00e0 la peinture, du cin\u00e9ma au th\u00e9\u00e2tre en passant par le journalisme, jusqu\u2019\u00e0 la chanson telle \u00e9tait l\u2019urgence de sa parole. Dans ses chansons il nous parle des humili\u00e9s, des offens\u00e9s.<\/p>\n<p>Une petite foule d\u2019\u00e2mes en r\u00e9volte se pr\u00e9sente : la prostitu\u00e9e ivre qui croit \u00eatre \u00e0 nouveau vierge (\u00abMi sento tutta verginit\u00e0\u00bb hurle t-elle \u00e0 ses clients) ; les jeunes sans pass\u00e9 qui \u00e9tranglent un fou, comme un enfant \u00e9craserait une fourmi, et le br\u00fblent au bord de mer ; l\u2019adolescente prise par amour dans les griffes d\u2019un prox\u00e9n\u00e8te. \u00ab Amore e Basta ! \u00bb.<\/p>\n<p>L\u2019\u00eatre seul dans sa mis\u00e9rable chambre qui implore : \u00ab \u00e9coute-moi si tu existes J\u00e9sus Christ ! \u00bb, \u00ab Mamma Roma \u00bb et les \u00e9tonnants personnages qui jalonnent le g\u00e9n\u00e9rique d\u2019Uccellacci Uccellini mis en musique par le grand Morricone\u2026.<\/p>\n<p>Anna Andreotti nous pr\u00e9sente Pasolini avec simplicit\u00e9, \u00e9vidence. Il nous revient dans son \u00e9clatante intelligence, vibrante sensibilit\u00e9, pure douleur. Du chant \u00e0 la parole, Anna laisse voyager dans sa voix, le verbe du po\u00e8te. Une chanteuse- com\u00e9dienne au service d\u2019un po\u00e8te, porte-parole du message visionnaire de Pasolini face \u00e0 l\u2019appauvrissement et au nivellement culturel actuel.<\/p>\n","protected":false},"excerpt":{"rendered":"<p>chansons et po\u00e8mes de Pier Paolo Pasolini Chant : ANNA ANDREOTTI Guitare : Enrique Espejo Accord\u00e9on : Patrick Le Bihan , Mise en sc\u00e8ne : Jean pierre Mouleres Am\u00f2ur me Am\u00f2ur commence un conte, avec douceur, la douceur am\u00e8re de tant de g\u00e2chis et avec le go\u00fbt du sang \u00e2pre dans la bouche semblable \u00e0 &hellip; <\/p>\n<p class=\"link-more\"><a href=\"https:\/\/lamaggese.fr\/index.php\/amour-me-amour\/\" class=\"more-link\">Continuer la lecture<span class=\"screen-reader-text\"> de &laquo;&nbsp;Am\u00f2ur me Am\u00f2ur&nbsp;&raquo;<\/span><\/a><\/p>\n","protected":false},"author":1,"featured_media":0,"parent":0,"menu_order":0,"comment_status":"closed","ping_status":"closed","template":"","meta":{"footnotes":""},"class_list":["post-30","page","type-page","status-publish","hentry"],"_links":{"self":[{"href":"https:\/\/lamaggese.fr\/index.php\/wp-json\/wp\/v2\/pages\/30","targetHints":{"allow":["GET"]}}],"collection":[{"href":"https:\/\/lamaggese.fr\/index.php\/wp-json\/wp\/v2\/pages"}],"about":[{"href":"https:\/\/lamaggese.fr\/index.php\/wp-json\/wp\/v2\/types\/page"}],"author":[{"embeddable":true,"href":"https:\/\/lamaggese.fr\/index.php\/wp-json\/wp\/v2\/users\/1"}],"replies":[{"embeddable":true,"href":"https:\/\/lamaggese.fr\/index.php\/wp-json\/wp\/v2\/comments?post=30"}],"version-history":[{"count":1,"href":"https:\/\/lamaggese.fr\/index.php\/wp-json\/wp\/v2\/pages\/30\/revisions"}],"predecessor-version":[{"id":31,"href":"https:\/\/lamaggese.fr\/index.php\/wp-json\/wp\/v2\/pages\/30\/revisions\/31"}],"wp:attachment":[{"href":"https:\/\/lamaggese.fr\/index.php\/wp-json\/wp\/v2\/media?parent=30"}],"curies":[{"name":"wp","href":"https:\/\/api.w.org\/{rel}","templated":true}]}}