{"id":26,"date":"2017-01-16T14:08:31","date_gmt":"2017-01-16T13:08:31","guid":{"rendered":"http:\/\/lamaggese.fr\/?page_id=26"},"modified":"2022-12-08T16:01:01","modified_gmt":"2022-12-08T15:01:01","slug":"chants-de-rage-et-de-revolte","status":"publish","type":"page","link":"https:\/\/lamaggese.fr\/index.php\/chants-de-rage-et-de-revolte\/","title":{"rendered":"Chants de rage et de r\u00e9volte"},"content":{"rendered":"<p><img loading=\"lazy\" decoding=\"async\" class=\"alignleft wp-image-27 \" src=\"http:\/\/lamaggese.fr\/wp-content\/uploads\/2017\/01\/visuel-2012-ok.jpg\" width=\"252\" height=\"556\" srcset=\"https:\/\/lamaggese.fr\/wp-content\/uploads\/2017\/01\/visuel-2012-ok.jpg 270w, https:\/\/lamaggese.fr\/wp-content\/uploads\/2017\/01\/visuel-2012-ok-136x300.jpg 136w\" sizes=\"auto, (max-width: 252px) 100vw, 252px\" \/>\u2013 chanter des chants traditionnels, italiens parce que ces chants aux sonorit\u00e9s \u00e2pres et aux magnifiques polyphonies nous parlent directement\u2026 ils nous racontent des luttes fondamentales : celles des femmes pour am\u00e9liorer leur condition, de vie, de travail, celles des hommes pour revendiquer des droits, celles de tous les individus pour conqu\u00e9rir dignement la libert\u00e9\u2026<\/p>\n<p>\u2013 faire conna\u00eetre ce patrimoine, c\u2019est donner des racines \u00e0 nos r\u00e9voltes d\u2019aujourd\u2019hui, c\u2019est se souvenir que d\u2019autres se sont battus avant nous.<\/p>\n<p>\u2013 aller chanter dans des lieux militants, c\u2019est soutenir ceux qui luttent toujours pour l\u2019accueil des immigr\u00e9s, pour la d\u00e9fense des acquis sociaux, pour la paix dans les pays en guerre\u2026<\/p>\n<p>\u00a0<\/p>\n<p>Depuis dix ans, CHANTS DE RAGE ET DE R\u00c9VOLTE, dirig\u00e9 par Anna Andreotti, com\u00e9dienne et chanteuse, \u00e9l\u00e8ve de Giovanna Marini, se r\u00e9unit deux fois par mois pour mettre en forme ses cris de rage (politiques, quotidiens, sociaux) \u00e0 travers l\u2019apprentissage des chants traditionnels : chants de r\u00e9volte, chants de gr\u00e8ve, de travail, lamentations, chants d\u2019espoir, chants \u00e0 pleurer et chants \u00e0 rire!!<\/p>\n<blockquote>\n<p>\u00abJe chante parce que l\u2019orage n\u2019est pas assez fort pour couvrir mon chant, et que, quoi que demain l\u2019on fasse, on pourra m\u2019\u00f4ter cette vie, mais on n\u2019\u00e9teindra pas mon chant.\u00bb<br \/>Louis Aragon,<br \/>Les yeux d\u2019Elsa<\/p>\n<\/blockquote>\n\n\n<hr class=\"wp-block-separator\"\/>\n\n\n\n<figure class=\"wp-block-embed is-type-video is-provider-youtube wp-block-embed-youtube wp-embed-aspect-16-9 wp-has-aspect-ratio\"><div class=\"wp-block-embed__wrapper\">\n<iframe loading=\"lazy\" title=\"Chants de Rage et de R\u00e9volte - &quot;Il lavoro \u00e8 poco&quot; - Guinguettes du Monde- Corbeil-Essones 03\/07\/2021\" width=\"525\" height=\"295\" src=\"https:\/\/www.youtube.com\/embed\/AF3y382ldmI?feature=oembed\" frameborder=\"0\" allow=\"accelerometer; autoplay; clipboard-write; encrypted-media; gyroscope; picture-in-picture; web-share\" referrerpolicy=\"strict-origin-when-cross-origin\" allowfullscreen><\/iframe>\n<\/div><\/figure>\n\n\n\n<figure class=\"wp-block-embed is-type-video is-provider-youtube wp-block-embed-youtube wp-embed-aspect-16-9 wp-has-aspect-ratio\"><div class=\"wp-block-embed__wrapper\">\n<iframe loading=\"lazy\" title=\"Chants de rage et de r\u00e9voltes\" width=\"525\" height=\"295\" src=\"https:\/\/www.youtube.com\/embed\/OKtmvC_q7Ug?start=30&#038;feature=oembed\" frameborder=\"0\" allow=\"accelerometer; autoplay; clipboard-write; encrypted-media; gyroscope; picture-in-picture; web-share\" referrerpolicy=\"strict-origin-when-cross-origin\" allowfullscreen><\/iframe>\n<\/div><\/figure>\n","protected":false},"excerpt":{"rendered":"<p>\u2013 chanter des chants traditionnels, italiens parce que ces chants aux sonorit\u00e9s \u00e2pres et aux magnifiques polyphonies nous parlent directement\u2026 ils nous racontent des luttes fondamentales : celles des femmes pour am\u00e9liorer leur condition, de vie, de travail, celles des hommes pour revendiquer des droits, celles de tous les individus pour conqu\u00e9rir dignement la libert\u00e9\u2026 &hellip; <\/p>\n<p class=\"link-more\"><a href=\"https:\/\/lamaggese.fr\/index.php\/chants-de-rage-et-de-revolte\/\" class=\"more-link\">Continuer la lecture<span class=\"screen-reader-text\"> de &laquo;&nbsp;Chants de rage et de r\u00e9volte&nbsp;&raquo;<\/span><\/a><\/p>\n","protected":false},"author":1,"featured_media":0,"parent":0,"menu_order":0,"comment_status":"closed","ping_status":"closed","template":"","meta":{"footnotes":""},"class_list":["post-26","page","type-page","status-publish","hentry"],"_links":{"self":[{"href":"https:\/\/lamaggese.fr\/index.php\/wp-json\/wp\/v2\/pages\/26","targetHints":{"allow":["GET"]}}],"collection":[{"href":"https:\/\/lamaggese.fr\/index.php\/wp-json\/wp\/v2\/pages"}],"about":[{"href":"https:\/\/lamaggese.fr\/index.php\/wp-json\/wp\/v2\/types\/page"}],"author":[{"embeddable":true,"href":"https:\/\/lamaggese.fr\/index.php\/wp-json\/wp\/v2\/users\/1"}],"replies":[{"embeddable":true,"href":"https:\/\/lamaggese.fr\/index.php\/wp-json\/wp\/v2\/comments?post=26"}],"version-history":[{"count":3,"href":"https:\/\/lamaggese.fr\/index.php\/wp-json\/wp\/v2\/pages\/26\/revisions"}],"predecessor-version":[{"id":883,"href":"https:\/\/lamaggese.fr\/index.php\/wp-json\/wp\/v2\/pages\/26\/revisions\/883"}],"wp:attachment":[{"href":"https:\/\/lamaggese.fr\/index.php\/wp-json\/wp\/v2\/media?parent=26"}],"curies":[{"name":"wp","href":"https:\/\/api.w.org\/{rel}","templated":true}]}}