{"id":243,"date":"2018-02-10T15:30:29","date_gmt":"2018-02-10T14:30:29","guid":{"rendered":"http:\/\/lamaggese.fr\/?page_id=243"},"modified":"2018-02-10T15:32:59","modified_gmt":"2018-02-10T14:32:59","slug":"le-plomb-dans-laile","status":"publish","type":"page","link":"https:\/\/lamaggese.fr\/index.php\/sur-les-traces-de-limmigration-italienne\/le-plomb-dans-laile\/","title":{"rendered":"\u00ab\u00a0Le plomb dans l&rsquo;aile\u00a0\u00bb"},"content":{"rendered":"<p>&nbsp;<\/p>\n<hr \/>\n<p>Cette ann\u00e9e et la prochaine, nous suivrons plut\u00f4t une perspective historique : sur la vague de l&rsquo;anniversaire de 68, nous proposons 2 spectacles-concerts :\u00a0<b>\u00ab\u00a0Le long voyage de l&rsquo;Id\u00e9al\u00a0\u00bb<\/b>\u00a0sur l&rsquo;immigration politique entre les deux guerres et\u00a0<b>\u00ab\u00a0<\/b><b>Le plomb dans l&rsquo;aile\u00a0\u00bb<\/b>\u00a0sur l&rsquo;immigration li\u00e9e aux &lsquo;ann\u00e9es de plomb&rsquo; et l&rsquo;ouverture offerte aux &lsquo;r\u00e9fugi\u00e9s&rsquo; par Fran\u00e7ois Mitterrand.<\/p>\n<hr \/>\n<p><a href=\"http:\/\/lamaggese.fr\/wp-content\/uploads\/2018\/02\/Capture-de\u0301cran-2018-02-10-a\u0300-15.24.21-PM.png\"><br \/>\n<img loading=\"lazy\" decoding=\"async\" class=\"aligncenter wp-image-244\" src=\"http:\/\/lamaggese.fr\/wp-content\/uploads\/2018\/02\/Capture-de\u0301cran-2018-02-10-a\u0300-15.24.21-PM-300x167.png\" alt=\"\" width=\"411\" height=\"229\" srcset=\"https:\/\/lamaggese.fr\/wp-content\/uploads\/2018\/02\/Capture-de\u0301cran-2018-02-10-a\u0300-15.24.21-PM-300x167.png 300w, https:\/\/lamaggese.fr\/wp-content\/uploads\/2018\/02\/Capture-de\u0301cran-2018-02-10-a\u0300-15.24.21-PM.png 647w\" sizes=\"auto, (max-width: 411px) 100vw, 411px\" \/><\/a><\/p>\n<p style=\"text-align: center;\"><a href=\"http:\/\/lamaggese.fr\/wp-content\/uploads\/2018\/02\/dossier-DU-plomb-dans-laile-29-1-2018.pdf\">TELECHARGEZ ICI LE DOSSIER COMPLET DU SPECTACLE<\/a><\/p>\n<p><strong>\u00ab\u00a0Le plomb dans l&rsquo;aile\u00a0\u00bb\u00a0 ou les ann\u00e9es de plomb vu de la France par la voix de ses protagonistes<\/strong><\/p>\n<p>&nbsp;<\/p>\n<p>Le projet \u00ab Sur le traces de l\u2019immigration italienne \u00bb cette fois-ci, s&rsquo;attaque aux t\u00e9moignages et chants collect\u00e9s sur l&rsquo;\u00e9migration des ann\u00e9es de plomb. A travers les paroles des t\u00e9moins nous allons interroger les raisons pour lesquelles tant de jeunes ont risqu\u00e9 leur vie, pour se mettre, avec la fougue de la jeunesse, au service de l&rsquo;Id\u00e9al qu\u2019ils croyaient si proche de sa r\u00e9alisation. Quel h\u00e9ritage nous laissent leurs cicatrices ? Quel sens a eu cette nouvelle vie en France ?<\/p>\n<p>Nous essayerons de mettre des mots sur le silence et la douleur d&rsquo;un arrachement en plein vol d&rsquo;une g\u00e9n\u00e9ration venue se reconstruire dans l\u2019anonymat, en France, gr\u00e2ce \u00e0 l&rsquo;ouverture donn\u00e9e par Mitterrand. C\u2019est une sorte de \u00ab Ch\u0153ur antique \u00bb qui portera la parole et les chants, pour pr\u00e9server au maximum l\u2019anonymat des t\u00e9moins qui ont \u00e9t\u00e9 impliqu\u00e9s, de la Lotta Continua au Brigate Rosse de Potere Operaio, en passant par le mouvement pacifiste des Indiani Metropolitani \u2026<\/p>\n<p>Les chants qui ont travers\u00e9 cette g\u00e9n\u00e9ration, Contessa, Valle Giulia, La ballata di Pinelli, Per i morti di Reggio Emilia&#8230;seront port\u00e9s par le Ch\u0153ur de l\u2019\u00c9migration ; les paroles des t\u00e9moins par les com\u00e9diens de la Cie : Simone Olivi, Margherita Trefoloni et Anna Andreotti (distribution en cours). La collecte des t\u00e9moignages est en cours !<\/p>\n<p>Face \u00e0 une Italie qui a encore du mal \u00e0 panser ses blessures, nous esp\u00e9rerons donner, en tant qu\u2019italiens de France, une parole peut \u00eatre d\u00e9rangeante mais aussi apaisante.<\/p>\n","protected":false},"excerpt":{"rendered":"<p>&nbsp; Cette ann\u00e9e et la prochaine, nous suivrons plut\u00f4t une perspective historique : sur la vague de l&rsquo;anniversaire de 68, nous proposons 2 spectacles-concerts :\u00a0\u00ab\u00a0Le long voyage de l&rsquo;Id\u00e9al\u00a0\u00bb\u00a0sur l&rsquo;immigration politique entre les deux guerres et\u00a0\u00ab\u00a0Le plomb dans l&rsquo;aile\u00a0\u00bb\u00a0sur l&rsquo;immigration li\u00e9e aux &lsquo;ann\u00e9es de plomb&rsquo; et l&rsquo;ouverture offerte aux &lsquo;r\u00e9fugi\u00e9s&rsquo; par Fran\u00e7ois Mitterrand. TELECHARGEZ ICI &hellip; <\/p>\n<p class=\"link-more\"><a href=\"https:\/\/lamaggese.fr\/index.php\/sur-les-traces-de-limmigration-italienne\/le-plomb-dans-laile\/\" class=\"more-link\">Continuer la lecture<span class=\"screen-reader-text\"> de &laquo;&nbsp;\u00ab\u00a0Le plomb dans l&rsquo;aile\u00a0\u00bb&nbsp;&raquo;<\/span><\/a><\/p>\n","protected":false},"author":1,"featured_media":0,"parent":45,"menu_order":0,"comment_status":"closed","ping_status":"closed","template":"","meta":{"footnotes":""},"class_list":["post-243","page","type-page","status-publish","hentry"],"_links":{"self":[{"href":"https:\/\/lamaggese.fr\/index.php\/wp-json\/wp\/v2\/pages\/243","targetHints":{"allow":["GET"]}}],"collection":[{"href":"https:\/\/lamaggese.fr\/index.php\/wp-json\/wp\/v2\/pages"}],"about":[{"href":"https:\/\/lamaggese.fr\/index.php\/wp-json\/wp\/v2\/types\/page"}],"author":[{"embeddable":true,"href":"https:\/\/lamaggese.fr\/index.php\/wp-json\/wp\/v2\/users\/1"}],"replies":[{"embeddable":true,"href":"https:\/\/lamaggese.fr\/index.php\/wp-json\/wp\/v2\/comments?post=243"}],"version-history":[{"count":1,"href":"https:\/\/lamaggese.fr\/index.php\/wp-json\/wp\/v2\/pages\/243\/revisions"}],"predecessor-version":[{"id":246,"href":"https:\/\/lamaggese.fr\/index.php\/wp-json\/wp\/v2\/pages\/243\/revisions\/246"}],"up":[{"embeddable":true,"href":"https:\/\/lamaggese.fr\/index.php\/wp-json\/wp\/v2\/pages\/45"}],"wp:attachment":[{"href":"https:\/\/lamaggese.fr\/index.php\/wp-json\/wp\/v2\/media?parent=243"}],"curies":[{"name":"wp","href":"https:\/\/api.w.org\/{rel}","templated":true}]}}