{"id":238,"date":"2018-02-10T15:22:41","date_gmt":"2018-02-10T14:22:41","guid":{"rendered":"http:\/\/lamaggese.fr\/?page_id=238"},"modified":"2026-03-26T20:57:57","modified_gmt":"2026-03-26T19:57:57","slug":"le-long-voyage-de-lideal","status":"publish","type":"page","link":"https:\/\/lamaggese.fr\/index.php\/le-long-voyage-de-lideal\/","title":{"rendered":"Sur les traces de l&rsquo;immigration &#8211; 9\u00e8me station \u00ab\u00a0Le long voyage de l&rsquo;Id\u00e9al\u00a0\u00bb"},"content":{"rendered":"\n<p>T\u00e9moignages et chants d&rsquo;Italien\u00b7ne\u00b7s venu\u00b7e\u00b7s vivre et changer la France<\/p>\n\n\n<hr \/>\n<p class=\"p1\">\u00c0 l\u2019occasion des 80 ans de la fin de la Seconde Guerre Mondiale, la compagnie Maggese a d\u00e9cid\u00e9 de reprendre le spectacle \u201cLe long voyage de l\u2019Id\u00e9al\u201d qui avait \u00e9t\u00e9 cr\u00e9e en mai et en juin 2018 au Th\u00e9\u00e2tre de Verdure de la Girandole et au Th\u00e9\u00e2tre Berthelot de Montreuil.<\/p>\n<hr \/>\n<p><a href=\"http:\/\/lamaggese.fr\/wp-content\/uploads\/2018\/02\/Capture-de\u0301cran-2018-02-10-a\u0300-15.19.09-PM.png\"><img loading=\"lazy\" decoding=\"async\" class=\" wp-image-239 aligncenter\" src=\"http:\/\/lamaggese.fr\/wp-content\/uploads\/2018\/02\/Capture-de\u0301cran-2018-02-10-a\u0300-15.19.09-PM-294x300.png\" alt=\"\" width=\"419\" height=\"428\" srcset=\"https:\/\/lamaggese.fr\/wp-content\/uploads\/2018\/02\/Capture-de\u0301cran-2018-02-10-a\u0300-15.19.09-PM-294x300.png 294w, https:\/\/lamaggese.fr\/wp-content\/uploads\/2018\/02\/Capture-de\u0301cran-2018-02-10-a\u0300-15.19.09-PM-768x785.png 768w, https:\/\/lamaggese.fr\/wp-content\/uploads\/2018\/02\/Capture-de\u0301cran-2018-02-10-a\u0300-15.19.09-PM.png 918w\" sizes=\"auto, (max-width: 419px) 100vw, 419px\" \/><\/a><\/p>\n<p>\n\n\n<div data-wp-interactive=\"core\/file\" class=\"wp-block-file\"><object data-wp-bind--hidden=\"!state.hasPdfPreview\" hidden class=\"wp-block-file__embed\" data=\"https:\/\/lamaggese.fr\/wp-content\/uploads\/2026\/03\/dossier_Le-long-voyage-de-lIdeal_Maggese_2026.pdf\" type=\"application\/pdf\" style=\"width:100%;height:600px\" aria-label=\"Contenu embarqu\u00e9 dossier_Le long voyage de l&apos;Id\u00e9al_Maggese_2026.\"><\/object><a id=\"wp-block-file--media-bfc5cf41-9b99-4bad-a799-a9878bc02689\" href=\"https:\/\/lamaggese.fr\/wp-content\/uploads\/2026\/03\/dossier_Le-long-voyage-de-lIdeal_Maggese_2026.pdf\">dossier_Le long voyage de l&rsquo;Id\u00e9al_Maggese_2026<\/a><a href=\"https:\/\/lamaggese.fr\/wp-content\/uploads\/2026\/03\/dossier_Le-long-voyage-de-lIdeal_Maggese_2026.pdf\" class=\"wp-block-file__button wp-element-button\" download aria-describedby=\"wp-block-file--media-bfc5cf41-9b99-4bad-a799-a9878bc02689\">T\u00e9l\u00e9charger<\/a><\/div>\n\n\n<p><span style=\"font-weight: 600;\">cr\u00e9ation, mise en sc\u00e8ne, direction musicale<\/span><\/p>\n<p><span style=\"font-weight: 300;\">Anna Andreotti<\/span><\/p>\n<p><span style=\"font-weight: 600;\">com\u00e9dien<\/span><a href=\"http:\/\/dien.ne\"><span style=\"font-weight: 600;\">\u00b7<\/span><\/a><span style=\"font-weight: 600;\">ne\u00b7<\/span><span style=\"font-weight: 600;\">s<\/span><\/p>\n<p><span style=\"font-weight: 300;\">Anna Andreotti, Alexis Emanuelli, Simone Olivi, Bruno Ouzeau, Margherita Trefoloni<\/span><\/p>\n<p><span style=\"font-weight: 600;\">accord\u00e9on<\/span><\/p>\n<p><span style=\"font-weight: 300;\">Samuel Zucca<\/span><\/p>\n<p><span style=\"font-weight: 600;\">cr\u00e9ation lumi\u00e8re<\/span><\/p>\n<p><span style=\"font-weight: 300;\">Samuel Zucca<\/span><\/p>\n<p><span style=\"font-weight: 600;\">guitare\/chant<\/span><\/p>\n<p><span style=\"font-weight: 300;\">Lolita Perazio, Eren Yildiran<\/span><\/p>\n<p><span style=\"font-weight: 300;\">Et le Ch\u0153ur de l\u2019\u00e9migration<\/span><\/p>\n<p><br \/><!-- \/wp:post-content --><\/p>\n<p><!-- wp:gallery --><\/p>\n<figure class=\"wp-block-gallery has-nested-images columns-default is-cropped\"><\/figure>\n<p><!-- wp:gallery {\"linkTo\":\"none\"} --><\/p>\n<figure class=\"wp-block-gallery has-nested-images columns-default is-cropped\"><!-- wp:image {\"id\":1603,\"sizeSlug\":\"large\",\"linkDestination\":\"none\"} -->\n<figure class=\"wp-block-image size-large\"><img loading=\"lazy\" decoding=\"async\" class=\"wp-image-1603\" src=\"https:\/\/lamaggese.fr\/wp-content\/uploads\/2025\/01\/dsc_3760_41579455440_o-1024x511.jpg\" alt=\"\" width=\"612\" height=\"306\" srcset=\"https:\/\/lamaggese.fr\/wp-content\/uploads\/2025\/01\/dsc_3760_41579455440_o-1024x511.jpg 1024w, https:\/\/lamaggese.fr\/wp-content\/uploads\/2025\/01\/dsc_3760_41579455440_o-300x150.jpg 300w, https:\/\/lamaggese.fr\/wp-content\/uploads\/2025\/01\/dsc_3760_41579455440_o-768x383.jpg 768w, https:\/\/lamaggese.fr\/wp-content\/uploads\/2025\/01\/dsc_3760_41579455440_o-1536x767.jpg 1536w, https:\/\/lamaggese.fr\/wp-content\/uploads\/2025\/01\/dsc_3760_41579455440_o-2048x1022.jpg 2048w\" sizes=\"auto, (max-width: 612px) 100vw, 612px\" \/><\/figure>\n<p><!-- \/wp:image --><\/p>\n<p><!-- wp:image {\"id\":1604,\"sizeSlug\":\"large\",\"linkDestination\":\"none\"} --><\/p>\n<figure class=\"wp-block-image size-large\"><img loading=\"lazy\" decoding=\"async\" width=\"1024\" height=\"779\" class=\"wp-image-1604 alignnone\" src=\"https:\/\/lamaggese.fr\/wp-content\/uploads\/2025\/01\/dsc_3784_43339672572_o-1024x779.jpg\" alt=\"\" srcset=\"https:\/\/lamaggese.fr\/wp-content\/uploads\/2025\/01\/dsc_3784_43339672572_o-1024x779.jpg 1024w, https:\/\/lamaggese.fr\/wp-content\/uploads\/2025\/01\/dsc_3784_43339672572_o-300x228.jpg 300w, https:\/\/lamaggese.fr\/wp-content\/uploads\/2025\/01\/dsc_3784_43339672572_o-768x584.jpg 768w, https:\/\/lamaggese.fr\/wp-content\/uploads\/2025\/01\/dsc_3784_43339672572_o-1536x1168.jpg 1536w, https:\/\/lamaggese.fr\/wp-content\/uploads\/2025\/01\/dsc_3784_43339672572_o-2048x1557.jpg 2048w\" sizes=\"auto, (max-width: 767px) 89vw, (max-width: 1000px) 54vw, (max-width: 1071px) 543px, 580px\" \/><\/figure>\n<p><!-- \/wp:image --><\/p>\n<p><!-- wp:image {\"id\":1605,\"sizeSlug\":\"large\",\"linkDestination\":\"none\"} --><\/p>\n<figure class=\"wp-block-image size-large\"><img loading=\"lazy\" decoding=\"async\" width=\"1024\" height=\"684\" class=\"wp-image-1605 alignnone\" src=\"https:\/\/lamaggese.fr\/wp-content\/uploads\/2025\/01\/dsc_7188_28518100957_o-1024x684.jpg\" alt=\"\" srcset=\"https:\/\/lamaggese.fr\/wp-content\/uploads\/2025\/01\/dsc_7188_28518100957_o-1024x684.jpg 1024w, https:\/\/lamaggese.fr\/wp-content\/uploads\/2025\/01\/dsc_7188_28518100957_o-300x200.jpg 300w, https:\/\/lamaggese.fr\/wp-content\/uploads\/2025\/01\/dsc_7188_28518100957_o-768x513.jpg 768w, https:\/\/lamaggese.fr\/wp-content\/uploads\/2025\/01\/dsc_7188_28518100957_o-1536x1025.jpg 1536w, https:\/\/lamaggese.fr\/wp-content\/uploads\/2025\/01\/dsc_7188_28518100957_o-2048x1367.jpg 2048w\" sizes=\"auto, (max-width: 767px) 89vw, (max-width: 1000px) 54vw, (max-width: 1071px) 543px, 580px\" \/><\/figure>\n<\/figure>\n<p><!-- \/wp:image --><\/p>\n<p><!-- wp:paragraph --><\/p>\n<p><!-- \/wp:paragraph --><!-- \/wp:gallery --><\/p>","protected":false},"excerpt":{"rendered":"<p>T\u00e9moignages et chants d&rsquo;Italien\u00b7ne\u00b7s venu\u00b7e\u00b7s vivre et changer la France \u00c0 l\u2019occasion des 80 ans de la fin de la Seconde Guerre Mondiale, la compagnie Maggese a d\u00e9cid\u00e9 de reprendre le spectacle \u201cLe long voyage de l\u2019Id\u00e9al\u201d qui avait \u00e9t\u00e9 cr\u00e9e en mai et en juin 2018 au Th\u00e9\u00e2tre de Verdure de la Girandole et &hellip; <\/p>\n<p class=\"link-more\"><a href=\"https:\/\/lamaggese.fr\/index.php\/le-long-voyage-de-lideal\/\" class=\"more-link\">Continuer la lecture<span class=\"screen-reader-text\"> de &laquo;&nbsp;Sur les traces de l&rsquo;immigration &#8211; 9\u00e8me station \u00ab\u00a0Le long voyage de l&rsquo;Id\u00e9al\u00a0\u00bb&nbsp;&raquo;<\/span><\/a><\/p>\n","protected":false},"author":1,"featured_media":0,"parent":0,"menu_order":0,"comment_status":"closed","ping_status":"closed","template":"","meta":{"footnotes":""},"class_list":["post-238","page","type-page","status-publish","hentry"],"_links":{"self":[{"href":"https:\/\/lamaggese.fr\/index.php\/wp-json\/wp\/v2\/pages\/238","targetHints":{"allow":["GET"]}}],"collection":[{"href":"https:\/\/lamaggese.fr\/index.php\/wp-json\/wp\/v2\/pages"}],"about":[{"href":"https:\/\/lamaggese.fr\/index.php\/wp-json\/wp\/v2\/types\/page"}],"author":[{"embeddable":true,"href":"https:\/\/lamaggese.fr\/index.php\/wp-json\/wp\/v2\/users\/1"}],"replies":[{"embeddable":true,"href":"https:\/\/lamaggese.fr\/index.php\/wp-json\/wp\/v2\/comments?post=238"}],"version-history":[{"count":10,"href":"https:\/\/lamaggese.fr\/index.php\/wp-json\/wp\/v2\/pages\/238\/revisions"}],"predecessor-version":[{"id":1807,"href":"https:\/\/lamaggese.fr\/index.php\/wp-json\/wp\/v2\/pages\/238\/revisions\/1807"}],"wp:attachment":[{"href":"https:\/\/lamaggese.fr\/index.php\/wp-json\/wp\/v2\/media?parent=238"}],"curies":[{"name":"wp","href":"https:\/\/api.w.org\/{rel}","templated":true}]}}