{"id":22,"date":"2017-01-16T14:06:24","date_gmt":"2017-01-16T13:06:24","guid":{"rendered":"http:\/\/lamaggese.fr\/?page_id=22"},"modified":"2025-09-04T11:59:15","modified_gmt":"2025-09-04T09:59:15","slug":"ateliers-de-chant-a-polimnia","status":"publish","type":"page","link":"https:\/\/lamaggese.fr\/index.php\/ateliers-de-chant-a-polimnia\/","title":{"rendered":"Ateliers de chant \u00e0 Polimnia"},"content":{"rendered":"\n<hr class=\"wp-block-separator has-css-opacity\"\/>\n\n\n\n<p>Venez rejoindre le&nbsp;<em>Gruppo di canto spontaneo<a href=\"https:\/\/www.polimnia.eu\/musique.php\"> Polimnia<\/a><\/em>&nbsp;pour apprendre les chants de travail, d\u2019amour, de lutte, les chants sacr\u00e9s et les berceuses de r\u00e9gions du Sud de l\u2019Italie.&nbsp;<\/p>\n\n\n\n<p>Cet atelier pratique se d\u00e9roule en italien et s\u2019adresse \u00e0 tous ceux qui aiment chanter et veulent d\u00e9couvrir plus intimement les identit\u00e9s culturelles des diff\u00e9rentes r\u00e9gions de l\u2019Italie.&nbsp;<\/p>\n\n\n\n<p>L\u2019approche musicale ouvre une porte d\u2019entr\u00e9e in\u00e9dite vers des aspects identitaires fondamentaux&nbsp;: pour comprendre les liens entre pass\u00e9 et pr\u00e9sent, pour mieux comprendre ce pays qui s\u2019appelle Italie&nbsp;!<\/p>\n\n\n\n<figure class=\"wp-block-image size-large\"><img loading=\"lazy\" decoding=\"async\" width=\"1024\" height=\"399\" src=\"https:\/\/lamaggese.fr\/wp-content\/uploads\/2022\/12\/Gruppo-di-Canto-Spontaneo-Polimnia-1-1024x399.jpg\" alt=\"\" class=\"wp-image-867\" srcset=\"https:\/\/lamaggese.fr\/wp-content\/uploads\/2022\/12\/Gruppo-di-Canto-Spontaneo-Polimnia-1-1024x399.jpg 1024w, https:\/\/lamaggese.fr\/wp-content\/uploads\/2022\/12\/Gruppo-di-Canto-Spontaneo-Polimnia-1-300x117.jpg 300w, https:\/\/lamaggese.fr\/wp-content\/uploads\/2022\/12\/Gruppo-di-Canto-Spontaneo-Polimnia-1-768x300.jpg 768w, https:\/\/lamaggese.fr\/wp-content\/uploads\/2022\/12\/Gruppo-di-Canto-Spontaneo-Polimnia-1-1536x599.jpg 1536w, https:\/\/lamaggese.fr\/wp-content\/uploads\/2022\/12\/Gruppo-di-Canto-Spontaneo-Polimnia-1.jpg 1541w\" sizes=\"auto, (max-width: 767px) 89vw, (max-width: 1000px) 54vw, (max-width: 1071px) 543px, 580px\" \/><\/figure>\n\n\n\n<ul class=\"wp-block-list\">\n<li>Pr\u00e9sentation du travail, \u00e0 travers l&rsquo;\u00e9coute de bandes originales&nbsp;: divers exemples de fa\u00e7on de chanter, diff\u00e9rentes langues, dialectes et sonorit\u00e9s propres aux diff\u00e9rentes r\u00e9gions du nord de l&rsquo;Italie. Prise de conscience du chant dans sa fonction rituelle (on chante pour endormir un enfant, pour rythmer le travail, pour protester, parce qu&rsquo;on est amoureux, parce que quelqu&rsquo;un est mort\u2026).<\/li>\n\n\n\n<li>Echauffement \u00e0 travers des exercices ludiques.<\/li>\n\n\n\n<li>Travail d&rsquo;analyse pratique des gestes vocaux quotidiens de chaque participant (comment on chante, comment on parle\u2026) \u00e0 la recherche de tout ce qui peut nous rapprocher de la voix de poitrine, timbr\u00e9e, typique de ce type de musique.<\/li>\n\n\n\n<li>Apprentissage de modes de la tradition orale italienne (monodique ou polyphonique) sous forme de transmission orale (un support papier sera donn\u00e9 aux participants mais avant tout on travaillera l&rsquo;oreille de chacun).<\/li>\n<\/ul>\n\n\n\n<p><\/p>\n\n\n\n<ul class=\"wp-block-list\">\n<li>Dirig\u00e9e par Anna Andreotti &amp; Margherita Trefoloni<\/li>\n<\/ul>\n\n\n<p><img loading=\"lazy\" decoding=\"async\" class=\"alignnone size-full wp-image-23\" src=\"http:\/\/lamaggese.fr\/wp-content\/uploads\/2017\/01\/nouveau-logo-4.jpg\" alt=\"\" width=\"176\" height=\"187\" \/><\/p>\n<p>Inscriptions et renseignements \u00a0:<\/p>\n<ul>\n<li>4 rue de Valence, 75005 Paris<\/li>\n<li>T\u00e9l :\u00a006 68 10 08 80<\/li>\n<li><a href=\"mailto:polimnia@free.fr\">polimnia@free.fr<\/a><\/li>\n<li><a href=\"https:\/\/www.polimnia.eu\/musique.php\">https:\/\/www.polimnia.eu\/musique.php<\/a><\/li>\n<\/ul>\n<p>Jeudi 18h00-20h30, 58 rue Madame Paris, 6\u00e8me<\/p>\n<p>Par semestre : 320\u20ac (<a href=\"https:\/\/www.polimnia.eu\/tarifs\">tarif r\u00e9duit<\/a> : 290\u20ac).<\/p>\n<p>2 semestres, 9 s\u00e9ances de 2h30 par semestre, plus une r\u00e9p\u00e9tition au 2<sup>\u00e8me<\/sup> semestre.<\/p>\n<p>Dates du premier semestre : 3\/10, 10\/10, 7\/11, 21\/11, 5\/12, 19\/12, 9\/01, 23\/01, 6\/02.<\/p>\n<p>Dates du deuxi\u00e8me semestre : 13\/02, 13\/03, 27\/03, 3\/04, 10\/04, 15\/05, 22\/05, 4\/06, 5\/<\/p>\n<blockquote>\n<div class=\"gmail_quote\">\n<blockquote class=\"gmail_quote\">\n<div>\n<div>\n<div dir=\"ltr\" lang=\"fr\" role=\"main\">\n<div>\n<table role=\"presentation\" border=\"0\" cellspacing=\"0\" cellpadding=\"0\" align=\"center\">\n<tbody>\n<tr>\n<td>\n<div>\n<table role=\"presentation\" border=\"0\" width=\"100%\" cellspacing=\"0\" cellpadding=\"0\">\n<tbody>\n<tr>\n<td align=\"left\">\n<div>\n<p><b><u>Dates 1er semestre<\/u> :\u00a0<\/b><\/p>\n<p><b>02\/10 ; 09\/10 ; 13\/11 ; 04\/12 ; 11\/12 ; 18\/12 ; 08\/01 ; 15\/01 ; 05\/02\u00a0<\/b><\/p>\n<p><b>(dates \u00e0 confirmer)<\/b><\/p>\n<p><b><u>Dates 2\u00e8me semestre<\/u> :\u00a0<\/b><\/p>\n<p><b>19\/02 ; 12\/03 ; 26\/03 ; 9\/04 ; 16\/04 ; 7\/05 ; 21\/05 ; 28\/05 ; 03\/06 et 04\/06<\/b><\/p>\n<p><b>(dates \u00e0 confirmer)<\/b><\/p>\n<\/div>\n<\/td>\n<\/tr>\n<\/tbody>\n<\/table>\n<\/div>\n<\/td>\n<\/tr>\n<\/tbody>\n<\/table>\n<\/div>\n<\/div>\n<\/div>\n<\/div>\n<\/blockquote>\n<\/div>\n<\/blockquote>\n\n\n<p><\/p>\n","protected":false},"excerpt":{"rendered":"<p>Venez rejoindre le&nbsp;Gruppo di canto spontaneo Polimnia&nbsp;pour apprendre les chants de travail, d\u2019amour, de lutte, les chants sacr\u00e9s et les berceuses de r\u00e9gions du Sud de l\u2019Italie.&nbsp; Cet atelier pratique se d\u00e9roule en italien et s\u2019adresse \u00e0 tous ceux qui aiment chanter et veulent d\u00e9couvrir plus intimement les identit\u00e9s culturelles des diff\u00e9rentes r\u00e9gions de l\u2019Italie.&nbsp; &hellip; <\/p>\n<p class=\"link-more\"><a href=\"https:\/\/lamaggese.fr\/index.php\/ateliers-de-chant-a-polimnia\/\" class=\"more-link\">Continuer la lecture<span class=\"screen-reader-text\"> de &laquo;&nbsp;Ateliers de chant \u00e0 Polimnia&nbsp;&raquo;<\/span><\/a><\/p>\n","protected":false},"author":1,"featured_media":0,"parent":0,"menu_order":0,"comment_status":"closed","ping_status":"closed","template":"","meta":{"footnotes":""},"class_list":["post-22","page","type-page","status-publish","hentry"],"_links":{"self":[{"href":"https:\/\/lamaggese.fr\/index.php\/wp-json\/wp\/v2\/pages\/22","targetHints":{"allow":["GET"]}}],"collection":[{"href":"https:\/\/lamaggese.fr\/index.php\/wp-json\/wp\/v2\/pages"}],"about":[{"href":"https:\/\/lamaggese.fr\/index.php\/wp-json\/wp\/v2\/types\/page"}],"author":[{"embeddable":true,"href":"https:\/\/lamaggese.fr\/index.php\/wp-json\/wp\/v2\/users\/1"}],"replies":[{"embeddable":true,"href":"https:\/\/lamaggese.fr\/index.php\/wp-json\/wp\/v2\/comments?post=22"}],"version-history":[{"count":5,"href":"https:\/\/lamaggese.fr\/index.php\/wp-json\/wp\/v2\/pages\/22\/revisions"}],"predecessor-version":[{"id":1700,"href":"https:\/\/lamaggese.fr\/index.php\/wp-json\/wp\/v2\/pages\/22\/revisions\/1700"}],"wp:attachment":[{"href":"https:\/\/lamaggese.fr\/index.php\/wp-json\/wp\/v2\/media?parent=22"}],"curies":[{"name":"wp","href":"https:\/\/api.w.org\/{rel}","templated":true}]}}