{"id":193,"date":"2018-02-10T14:01:43","date_gmt":"2018-02-10T13:01:43","guid":{"rendered":"http:\/\/lamaggese.fr\/?page_id=193"},"modified":"2024-11-05T15:10:51","modified_gmt":"2024-11-05T14:10:51","slug":"e-piu-non-canto-e-piu-non-ballo-ou-adieu-la-vie-adieu-lamour","status":"publish","type":"page","link":"https:\/\/lamaggese.fr\/index.php\/e-piu-non-canto-e-piu-non-ballo-ou-adieu-la-vie-adieu-lamour\/","title":{"rendered":"E pi\u00f9 non canto ou Adieu la vie Adieu l&rsquo;amour"},"content":{"rendered":"\n<figure class=\"wp-block-image size-large\"><img loading=\"lazy\" decoding=\"async\" width=\"1024\" height=\"570\" src=\"https:\/\/lamaggese.fr\/wp-content\/uploads\/2023\/07\/Capture-decran-2023-07-19-a-10.48.56-2-1024x570.png\" alt=\"\" class=\"wp-image-1107\" srcset=\"https:\/\/lamaggese.fr\/wp-content\/uploads\/2023\/07\/Capture-decran-2023-07-19-a-10.48.56-2-1024x570.png 1024w, https:\/\/lamaggese.fr\/wp-content\/uploads\/2023\/07\/Capture-decran-2023-07-19-a-10.48.56-2-300x167.png 300w, https:\/\/lamaggese.fr\/wp-content\/uploads\/2023\/07\/Capture-decran-2023-07-19-a-10.48.56-2-768x428.png 768w, https:\/\/lamaggese.fr\/wp-content\/uploads\/2023\/07\/Capture-decran-2023-07-19-a-10.48.56-2.png 1185w\" sizes=\"auto, (max-width: 767px) 89vw, (max-width: 1000px) 54vw, (max-width: 1071px) 543px, 580px\" \/><\/figure>\n\n\n\n<p class=\"has-text-align-center\"><strong>Th\u00e9\u00e2tre Musical <\/strong><\/p>\n\n\n\n<p class=\"has-text-align-left\"><br>Cr\u00e9ation et direction musicale Anna Andreotti, \u00e0 partir d&rsquo;une id\u00e9e de Francesca Perugini.<br>Un voyage \u00e0 la re-d\u00e9couverte de la Grande Guerre \u00e0 travers les m\u00e9moires familiales et les chants qui l&rsquo;ont d\u00e9nonc\u00e9e et qui ont permis aux soldats, \u00e0 leurs femmes, m\u00e8res et enfants de r\u00e9sister et de continuer \u00e0 r\u00eaver.<\/p>\n\n\n\n<p>Avec Anna Andreotti, Roberto Graiff, Angela Macciocchi, Francesca Perugini, Margherita Trefoloni, Valentino Receputi &amp; Filippo Marranci<\/p>\n\n\n\n<p>Concert-spectacle pour 7 voix<\/p>\n\n\n\n<figure class=\"wp-block-embed is-type-video is-provider-youtube wp-block-embed-youtube wp-embed-aspect-16-9 wp-has-aspect-ratio\"><div class=\"wp-block-embed__wrapper\">\n<iframe loading=\"lazy\" title=\"\u00c8 pi\u00f9 non canto ou adieu la vie, adieu l&#039;amour\" width=\"525\" height=\"295\" src=\"https:\/\/www.youtube.com\/embed\/Dnd-m5e18Q4?feature=oembed\" frameborder=\"0\" allow=\"accelerometer; autoplay; clipboard-write; encrypted-media; gyroscope; picture-in-picture; web-share\" referrerpolicy=\"strict-origin-when-cross-origin\" allowfullscreen><\/iframe>\n<\/div><\/figure>\n\n\n<\/p>\n<div class=\"wp-playlist wp-audio-playlist wp-playlist-light\">\n\t\t\t<div class=\"wp-playlist-current-item\"><\/div>\n\t\t<audio controls=\"controls\" preload=\"none\" width=\"503\"\n\t\t\t><\/audio>\n\t<div class=\"wp-playlist-next\"><\/div>\n\t<div class=\"wp-playlist-prev\"><\/div>\n\t<noscript>\n\t<ol>\n\t\t<li><a href='https:\/\/lamaggese.fr\/wp-content\/uploads\/2018\/02\/19.Ninna-nanna-e-piu\u0300-non-canto.mp3'>Ninna nanna<\/a><\/li><li><a href='https:\/\/lamaggese.fr\/wp-content\/uploads\/2018\/02\/29.Sulla-piazza-di-San-Marco-e-piu\u0300-non-canto.mp3'>Sulla piazza di San Marco<\/a><\/li><li><a href='https:\/\/lamaggese.fr\/wp-content\/uploads\/2018\/02\/2.Lettera-a-mamma-e-piu\u0300-non-canto.mp3'>Lettera a mamma<\/a><\/li>\t<\/ol>\n\t<\/noscript>\n\t<script type=\"application\/json\" class=\"wp-playlist-script\">{\"type\":\"audio\",\"tracklist\":true,\"tracknumbers\":true,\"images\":true,\"artists\":true,\"tracks\":[{\"src\":\"https:\/\/lamaggese.fr\/wp-content\/uploads\/2018\/02\/19.Ninna-nanna-e-piu\\u0300-non-canto.mp3\",\"type\":\"audio\/mpeg\",\"title\":\"Ninna nanna\",\"caption\":\"\",\"description\":\"\\u003Ci\\u003ENinna nanna\\u003C\/i\\u003E. Piste 19 sur 34.\",\"meta\":{\"length_formatted\":\"3:25\"},\"image\":{\"src\":\"https:\/\/lamaggese.fr\/wp-includes\/images\/media\/audio.svg\",\"width\":48,\"height\":64},\"thumb\":{\"src\":\"https:\/\/lamaggese.fr\/wp-includes\/images\/media\/audio.svg\",\"width\":48,\"height\":64}},{\"src\":\"https:\/\/lamaggese.fr\/wp-content\/uploads\/2018\/02\/29.Sulla-piazza-di-San-Marco-e-piu\\u0300-non-canto.mp3\",\"type\":\"audio\/mpeg\",\"title\":\"Sulla piazza di San Marco\",\"caption\":\"\",\"description\":\"\\u003Ci\\u003ESulla piazza di San Marco\\u003C\/i\\u003E. Piste 29 sur 34.\",\"meta\":{\"length_formatted\":\"4:12\"},\"image\":{\"src\":\"https:\/\/lamaggese.fr\/wp-includes\/images\/media\/audio.svg\",\"width\":48,\"height\":64},\"thumb\":{\"src\":\"https:\/\/lamaggese.fr\/wp-includes\/images\/media\/audio.svg\",\"width\":48,\"height\":64}},{\"src\":\"https:\/\/lamaggese.fr\/wp-content\/uploads\/2018\/02\/2.Lettera-a-mamma-e-piu\\u0300-non-canto.mp3\",\"type\":\"audio\/mpeg\",\"title\":\"Lettera a mamma\",\"caption\":\"\",\"description\":\"\\u003Ci\\u003ELettera a mamma\\u003C\/i\\u003E. Piste 2 sur 34.\",\"meta\":{\"length_formatted\":\"2:44\"},\"image\":{\"src\":\"https:\/\/lamaggese.fr\/wp-includes\/images\/media\/audio.svg\",\"width\":48,\"height\":64},\"thumb\":{\"src\":\"https:\/\/lamaggese.fr\/wp-includes\/images\/media\/audio.svg\",\"width\":48,\"height\":64}}]}<\/script>\n<\/div>\n\t\n<div id='gallery-1' class='gallery galleryid-193 gallery-columns-3 gallery-size-thumbnail'><figure class='gallery-item'>\n\t\t\t<div class='gallery-icon landscape'>\n\t\t\t\t<a href='https:\/\/lamaggese.fr\/wp-content\/uploads\/2023\/10\/Capture-decran-2023-10-16-a-15.16.16.png'><img loading=\"lazy\" decoding=\"async\" width=\"150\" height=\"150\" src=\"https:\/\/lamaggese.fr\/wp-content\/uploads\/2023\/10\/Capture-decran-2023-10-16-a-15.16.16-150x150.png\" class=\"attachment-thumbnail size-thumbnail\" alt=\"\" srcset=\"https:\/\/lamaggese.fr\/wp-content\/uploads\/2023\/10\/Capture-decran-2023-10-16-a-15.16.16-150x150.png 150w, https:\/\/lamaggese.fr\/wp-content\/uploads\/2023\/10\/Capture-decran-2023-10-16-a-15.16.16-100x100.png 100w\" sizes=\"auto, 100vw\" \/><\/a>\n\t\t\t<\/div><\/figure><figure class='gallery-item'>\n\t\t\t<div class='gallery-icon portrait'>\n\t\t\t\t<a href='https:\/\/lamaggese.fr\/wp-content\/uploads\/2023\/10\/Capture-decran-2023-10-16-a-15.30.17.png'><img loading=\"lazy\" decoding=\"async\" width=\"150\" height=\"150\" src=\"https:\/\/lamaggese.fr\/wp-content\/uploads\/2023\/10\/Capture-decran-2023-10-16-a-15.30.17-150x150.png\" class=\"attachment-thumbnail size-thumbnail\" alt=\"\" srcset=\"https:\/\/lamaggese.fr\/wp-content\/uploads\/2023\/10\/Capture-decran-2023-10-16-a-15.30.17-150x150.png 150w, https:\/\/lamaggese.fr\/wp-content\/uploads\/2023\/10\/Capture-decran-2023-10-16-a-15.30.17-100x100.png 100w\" sizes=\"auto, 100vw\" \/><\/a>\n\t\t\t<\/div><\/figure><figure class='gallery-item'>\n\t\t\t<div class='gallery-icon landscape'>\n\t\t\t\t<a href='https:\/\/lamaggese.fr\/wp-content\/uploads\/2023\/10\/Capture-decran-2023-10-16-a-15.29.43.png'><img loading=\"lazy\" decoding=\"async\" width=\"150\" height=\"150\" src=\"https:\/\/lamaggese.fr\/wp-content\/uploads\/2023\/10\/Capture-decran-2023-10-16-a-15.29.43-150x150.png\" class=\"attachment-thumbnail size-thumbnail\" alt=\"\" srcset=\"https:\/\/lamaggese.fr\/wp-content\/uploads\/2023\/10\/Capture-decran-2023-10-16-a-15.29.43-150x150.png 150w, https:\/\/lamaggese.fr\/wp-content\/uploads\/2023\/10\/Capture-decran-2023-10-16-a-15.29.43-100x100.png 100w\" sizes=\"auto, 100vw\" \/><\/a>\n\t\t\t<\/div><\/figure><figure class='gallery-item'>\n\t\t\t<div class='gallery-icon portrait'>\n\t\t\t\t<a href='https:\/\/lamaggese.fr\/wp-content\/uploads\/2023\/10\/Capture-decran-2023-10-16-a-15.28.56.png'><img loading=\"lazy\" decoding=\"async\" width=\"150\" height=\"150\" src=\"https:\/\/lamaggese.fr\/wp-content\/uploads\/2023\/10\/Capture-decran-2023-10-16-a-15.28.56-150x150.png\" class=\"attachment-thumbnail size-thumbnail\" alt=\"\" srcset=\"https:\/\/lamaggese.fr\/wp-content\/uploads\/2023\/10\/Capture-decran-2023-10-16-a-15.28.56-150x150.png 150w, https:\/\/lamaggese.fr\/wp-content\/uploads\/2023\/10\/Capture-decran-2023-10-16-a-15.28.56-100x100.png 100w\" sizes=\"auto, 100vw\" \/><\/a>\n\t\t\t<\/div><\/figure><figure class='gallery-item'>\n\t\t\t<div class='gallery-icon landscape'>\n\t\t\t\t<a href='https:\/\/lamaggese.fr\/wp-content\/uploads\/2023\/10\/Capture-decran-2023-10-16-a-15.29.34.png'><img loading=\"lazy\" decoding=\"async\" width=\"150\" height=\"150\" src=\"https:\/\/lamaggese.fr\/wp-content\/uploads\/2023\/10\/Capture-decran-2023-10-16-a-15.29.34-150x150.png\" class=\"attachment-thumbnail size-thumbnail\" alt=\"\" srcset=\"https:\/\/lamaggese.fr\/wp-content\/uploads\/2023\/10\/Capture-decran-2023-10-16-a-15.29.34-150x150.png 150w, https:\/\/lamaggese.fr\/wp-content\/uploads\/2023\/10\/Capture-decran-2023-10-16-a-15.29.34-100x100.png 100w\" sizes=\"auto, 100vw\" \/><\/a>\n\t\t\t<\/div><\/figure><figure class='gallery-item'>\n\t\t\t<div class='gallery-icon portrait'>\n\t\t\t\t<a href='https:\/\/lamaggese.fr\/wp-content\/uploads\/2023\/10\/Capture-decran-2023-10-16-a-15.28.42.png'><img loading=\"lazy\" decoding=\"async\" width=\"150\" height=\"150\" src=\"https:\/\/lamaggese.fr\/wp-content\/uploads\/2023\/10\/Capture-decran-2023-10-16-a-15.28.42-150x150.png\" class=\"attachment-thumbnail size-thumbnail\" alt=\"\" srcset=\"https:\/\/lamaggese.fr\/wp-content\/uploads\/2023\/10\/Capture-decran-2023-10-16-a-15.28.42-150x150.png 150w, https:\/\/lamaggese.fr\/wp-content\/uploads\/2023\/10\/Capture-decran-2023-10-16-a-15.28.42-100x100.png 100w\" sizes=\"auto, 100vw\" \/><\/a>\n\t\t\t<\/div><\/figure><figure class='gallery-item'>\n\t\t\t<div class='gallery-icon portrait'>\n\t\t\t\t<a href='https:\/\/lamaggese.fr\/wp-content\/uploads\/2023\/10\/Capture-decran-2023-10-16-a-15.30.10.png'><img loading=\"lazy\" decoding=\"async\" width=\"150\" height=\"150\" src=\"https:\/\/lamaggese.fr\/wp-content\/uploads\/2023\/10\/Capture-decran-2023-10-16-a-15.30.10-150x150.png\" class=\"attachment-thumbnail size-thumbnail\" alt=\"\" srcset=\"https:\/\/lamaggese.fr\/wp-content\/uploads\/2023\/10\/Capture-decran-2023-10-16-a-15.30.10-150x150.png 150w, https:\/\/lamaggese.fr\/wp-content\/uploads\/2023\/10\/Capture-decran-2023-10-16-a-15.30.10-100x100.png 100w\" sizes=\"auto, 100vw\" \/><\/a>\n\t\t\t<\/div><\/figure><figure class='gallery-item'>\n\t\t\t<div class='gallery-icon portrait'>\n\t\t\t\t<a href='https:\/\/lamaggese.fr\/wp-content\/uploads\/2023\/10\/Capture-decran-2023-10-16-a-15.29.04.png'><img loading=\"lazy\" decoding=\"async\" width=\"150\" height=\"150\" src=\"https:\/\/lamaggese.fr\/wp-content\/uploads\/2023\/10\/Capture-decran-2023-10-16-a-15.29.04-150x150.png\" class=\"attachment-thumbnail size-thumbnail\" alt=\"\" srcset=\"https:\/\/lamaggese.fr\/wp-content\/uploads\/2023\/10\/Capture-decran-2023-10-16-a-15.29.04-150x150.png 150w, https:\/\/lamaggese.fr\/wp-content\/uploads\/2023\/10\/Capture-decran-2023-10-16-a-15.29.04-100x100.png 100w\" sizes=\"auto, 100vw\" \/><\/a>\n\t\t\t<\/div><\/figure><figure class='gallery-item'>\n\t\t\t<div class='gallery-icon portrait'>\n\t\t\t\t<a href='https:\/\/lamaggese.fr\/wp-content\/uploads\/2023\/10\/Capture-decran-2023-10-16-a-15.29.52.png'><img loading=\"lazy\" decoding=\"async\" width=\"150\" height=\"150\" src=\"https:\/\/lamaggese.fr\/wp-content\/uploads\/2023\/10\/Capture-decran-2023-10-16-a-15.29.52-150x150.png\" class=\"attachment-thumbnail size-thumbnail\" alt=\"\" srcset=\"https:\/\/lamaggese.fr\/wp-content\/uploads\/2023\/10\/Capture-decran-2023-10-16-a-15.29.52-150x150.png 150w, https:\/\/lamaggese.fr\/wp-content\/uploads\/2023\/10\/Capture-decran-2023-10-16-a-15.29.52-100x100.png 100w\" sizes=\"auto, 100vw\" \/><\/a>\n\t\t\t<\/div><\/figure><figure class='gallery-item'>\n\t\t\t<div class='gallery-icon landscape'>\n\t\t\t\t<a href='https:\/\/lamaggese.fr\/wp-content\/uploads\/2018\/02\/Capture-de\u0301cran-2018-02-10-a\u0300-14.15.11-PM.png'><img loading=\"lazy\" decoding=\"async\" width=\"150\" height=\"150\" src=\"https:\/\/lamaggese.fr\/wp-content\/uploads\/2018\/02\/Capture-de\u0301cran-2018-02-10-a\u0300-14.15.11-PM-150x150.png\" class=\"attachment-thumbnail size-thumbnail\" alt=\"\" srcset=\"https:\/\/lamaggese.fr\/wp-content\/uploads\/2018\/02\/Capture-de\u0301cran-2018-02-10-a\u0300-14.15.11-PM-150x150.png 150w, https:\/\/lamaggese.fr\/wp-content\/uploads\/2018\/02\/Capture-de\u0301cran-2018-02-10-a\u0300-14.15.11-PM-100x100.png 100w\" sizes=\"auto, 100vw\" \/><\/a>\n\t\t\t<\/div><\/figure><figure class='gallery-item'>\n\t\t\t<div class='gallery-icon landscape'>\n\t\t\t\t<a href='https:\/\/lamaggese.fr\/wp-content\/uploads\/2018\/02\/Capture-de\u0301cran-2018-02-10-a\u0300-14.15.01-PM.png'><img loading=\"lazy\" decoding=\"async\" width=\"150\" height=\"150\" src=\"https:\/\/lamaggese.fr\/wp-content\/uploads\/2018\/02\/Capture-de\u0301cran-2018-02-10-a\u0300-14.15.01-PM-150x150.png\" class=\"attachment-thumbnail size-thumbnail\" alt=\"\" srcset=\"https:\/\/lamaggese.fr\/wp-content\/uploads\/2018\/02\/Capture-de\u0301cran-2018-02-10-a\u0300-14.15.01-PM-150x150.png 150w, https:\/\/lamaggese.fr\/wp-content\/uploads\/2018\/02\/Capture-de\u0301cran-2018-02-10-a\u0300-14.15.01-PM-100x100.png 100w\" sizes=\"auto, 100vw\" \/><\/a>\n\t\t\t<\/div><\/figure><figure class='gallery-item'>\n\t\t\t<div class='gallery-icon landscape'>\n\t\t\t\t<a href='https:\/\/lamaggese.fr\/wp-content\/uploads\/2018\/02\/Acr35783251012544-2513022.jpg'><img loading=\"lazy\" decoding=\"async\" width=\"150\" height=\"150\" src=\"https:\/\/lamaggese.fr\/wp-content\/uploads\/2018\/02\/Acr35783251012544-2513022-150x150.jpg\" class=\"attachment-thumbnail size-thumbnail\" alt=\"\" srcset=\"https:\/\/lamaggese.fr\/wp-content\/uploads\/2018\/02\/Acr35783251012544-2513022-150x150.jpg 150w, https:\/\/lamaggese.fr\/wp-content\/uploads\/2018\/02\/Acr35783251012544-2513022-100x100.jpg 100w\" sizes=\"auto, 100vw\" \/><\/a>\n\t\t\t<\/div><\/figure><figure class='gallery-item'>\n\t\t\t<div class='gallery-icon landscape'>\n\t\t\t\t<a href='https:\/\/lamaggese.fr\/wp-content\/uploads\/2018\/02\/Capture-de\u0301cran-2018-02-10-a\u0300-14.13.25-PM.png'><img loading=\"lazy\" decoding=\"async\" width=\"150\" height=\"150\" src=\"https:\/\/lamaggese.fr\/wp-content\/uploads\/2018\/02\/Capture-de\u0301cran-2018-02-10-a\u0300-14.13.25-PM-150x150.png\" class=\"attachment-thumbnail size-thumbnail\" alt=\"\" srcset=\"https:\/\/lamaggese.fr\/wp-content\/uploads\/2018\/02\/Capture-de\u0301cran-2018-02-10-a\u0300-14.13.25-PM-150x150.png 150w, https:\/\/lamaggese.fr\/wp-content\/uploads\/2018\/02\/Capture-de\u0301cran-2018-02-10-a\u0300-14.13.25-PM-100x100.png 100w\" sizes=\"auto, 100vw\" \/><\/a>\n\t\t\t<\/div><\/figure><figure class='gallery-item'>\n\t\t\t<div class='gallery-icon landscape'>\n\t\t\t\t<a href='https:\/\/lamaggese.fr\/wp-content\/uploads\/2018\/02\/Capture-de\u0301cran-2018-02-10-a\u0300-14.12.37-PM.png'><img loading=\"lazy\" decoding=\"async\" width=\"150\" height=\"150\" src=\"https:\/\/lamaggese.fr\/wp-content\/uploads\/2018\/02\/Capture-de\u0301cran-2018-02-10-a\u0300-14.12.37-PM-150x150.png\" class=\"attachment-thumbnail size-thumbnail\" alt=\"\" srcset=\"https:\/\/lamaggese.fr\/wp-content\/uploads\/2018\/02\/Capture-de\u0301cran-2018-02-10-a\u0300-14.12.37-PM-150x150.png 150w, https:\/\/lamaggese.fr\/wp-content\/uploads\/2018\/02\/Capture-de\u0301cran-2018-02-10-a\u0300-14.12.37-PM-100x100.png 100w\" sizes=\"auto, 100vw\" \/><\/a>\n\t\t\t<\/div><\/figure>\n\t\t<\/div>\n\n<p>Production Maggese<br \/>Contacts : 06 68 10 08 80 \u2013 06 01 80 43 27<br \/>projet.epiunoncanto@gmail.com<br \/>www.lamaggese.fr<\/p>\n<\/p>\n\n\n<p>T\u00e9l\u00e9charger le dossier de presse du spectacle <strong>ICI<\/strong>&nbsp;<\/p>\n\n\n\n<div data-wp-interactive=\"core\/file\" class=\"wp-block-file\"><object data-wp-bind--hidden=\"!state.hasPdfPreview\" hidden class=\"wp-block-file__embed\" data=\"https:\/\/lamaggese.fr\/wp-content\/uploads\/2023\/11\/dossier-artistique-E-piu-non-canto.pdf\" type=\"application\/pdf\" style=\"width:100%;height:600px\" aria-label=\"Contenu embarqu\u00e9 dossier E-piu-non-canto.\"><\/object><a id=\"wp-block-file--media-e63b0be8-de90-4425-be95-ab77bc30950e\" href=\"https:\/\/lamaggese.fr\/wp-content\/uploads\/2023\/11\/dossier-artistique-E-piu-non-canto.pdf\">dossier E-piu-non-canto<\/a><a href=\"https:\/\/lamaggese.fr\/wp-content\/uploads\/2023\/11\/dossier-artistique-E-piu-non-canto.pdf\" class=\"wp-block-file__button wp-element-button\" download aria-describedby=\"wp-block-file--media-e63b0be8-de90-4425-be95-ab77bc30950e\">T\u00e9l\u00e9charger<\/a><\/div>\n","protected":false},"excerpt":{"rendered":"<p>Th\u00e9\u00e2tre Musical Cr\u00e9ation et direction musicale Anna Andreotti, \u00e0 partir d&rsquo;une id\u00e9e de Francesca Perugini.Un voyage \u00e0 la re-d\u00e9couverte de la Grande Guerre \u00e0 travers les m\u00e9moires familiales et les chants qui l&rsquo;ont d\u00e9nonc\u00e9e et qui ont permis aux soldats, \u00e0 leurs femmes, m\u00e8res et enfants de r\u00e9sister et de continuer \u00e0 r\u00eaver. Avec Anna &hellip; <\/p>\n<p class=\"link-more\"><a href=\"https:\/\/lamaggese.fr\/index.php\/e-piu-non-canto-e-piu-non-ballo-ou-adieu-la-vie-adieu-lamour\/\" class=\"more-link\">Continuer la lecture<span class=\"screen-reader-text\"> de &laquo;&nbsp;E pi\u00f9 non canto ou Adieu la vie Adieu l&rsquo;amour&nbsp;&raquo;<\/span><\/a><\/p>\n","protected":false},"author":1,"featured_media":0,"parent":0,"menu_order":0,"comment_status":"closed","ping_status":"closed","template":"","meta":{"footnotes":""},"class_list":["post-193","page","type-page","status-publish","hentry"],"_links":{"self":[{"href":"https:\/\/lamaggese.fr\/index.php\/wp-json\/wp\/v2\/pages\/193","targetHints":{"allow":["GET"]}}],"collection":[{"href":"https:\/\/lamaggese.fr\/index.php\/wp-json\/wp\/v2\/pages"}],"about":[{"href":"https:\/\/lamaggese.fr\/index.php\/wp-json\/wp\/v2\/types\/page"}],"author":[{"embeddable":true,"href":"https:\/\/lamaggese.fr\/index.php\/wp-json\/wp\/v2\/users\/1"}],"replies":[{"embeddable":true,"href":"https:\/\/lamaggese.fr\/index.php\/wp-json\/wp\/v2\/comments?post=193"}],"version-history":[{"count":13,"href":"https:\/\/lamaggese.fr\/index.php\/wp-json\/wp\/v2\/pages\/193\/revisions"}],"predecessor-version":[{"id":1540,"href":"https:\/\/lamaggese.fr\/index.php\/wp-json\/wp\/v2\/pages\/193\/revisions\/1540"}],"wp:attachment":[{"href":"https:\/\/lamaggese.fr\/index.php\/wp-json\/wp\/v2\/media?parent=193"}],"curies":[{"name":"wp","href":"https:\/\/api.w.org\/{rel}","templated":true}]}}