{"id":116,"date":"2017-01-16T15:35:40","date_gmt":"2017-01-16T14:35:40","guid":{"rendered":"http:\/\/lamaggese.fr\/?page_id=116"},"modified":"2022-05-24T11:36:27","modified_gmt":"2022-05-24T09:36:27","slug":"historique-des-spectacles","status":"publish","type":"page","link":"https:\/\/lamaggese.fr\/index.php\/historique-des-spectacles\/","title":{"rendered":"Historique des spectacles"},"content":{"rendered":"\n<div class=\"wp-block-columns is-layout-flex wp-container-core-columns-is-layout-9d6595d7 wp-block-columns-is-layout-flex\">\n<div class=\"wp-block-column is-layout-flow wp-block-column-is-layout-flow\">\n<p>L<a href=\"https:\/\/lamaggese.fr\/index.php\/laissez-moi-chanter\/\" data-type=\"page\" data-id=\"37\">aissez-moi chanter<\/a><\/p>\n<\/div>\n\n\n\n<div class=\"wp-block-column is-layout-flow wp-block-column-is-layout-flow\">\n<p><a href=\"https:\/\/lamaggese.fr\/index.php\/puisque-tu-es-une-fille\/\" data-type=\"page\" data-id=\"40\">Puisque tu es une fille<\/a><\/p>\n<\/div>\n\n\n\n<div class=\"wp-block-column is-layout-flow wp-block-column-is-layout-flow\">\n<p><a href=\"https:\/\/lamaggese.fr\/index.php\/charivari\/\" data-type=\"page\" data-id=\"60\">Charivari<\/a><\/p>\n<\/div>\n<\/div>\n\n\n\n<div class=\"wp-block-columns is-layout-flex wp-container-core-columns-is-layout-9d6595d7 wp-block-columns-is-layout-flex\">\n<div class=\"wp-block-column is-layout-flow wp-block-column-is-layout-flow\">\n<p>C&rsquo;est l&rsquo;aube de nouveau<\/p>\n<\/div>\n\n\n\n<div class=\"wp-block-column is-layout-flow wp-block-column-is-layout-flow\">\n<p><a href=\"https:\/\/lamaggese.fr\/index.php\/etc-etc\/\" data-type=\"page\" data-id=\"62\">Etc, Etc&#8230;<\/a><\/p>\n<\/div>\n\n\n\n<div class=\"wp-block-column is-layout-flow wp-block-column-is-layout-flow\">\n<p>L&rsquo;homme cheval<\/p>\n<\/div>\n<\/div>\n\n\n\n<div class=\"wp-block-columns is-layout-flex wp-container-core-columns-is-layout-9d6595d7 wp-block-columns-is-layout-flex\">\n<div class=\"wp-block-column is-layout-flow wp-block-column-is-layout-flow\">\n<p>M<a href=\"https:\/\/lamaggese.fr\/index.php\/monologue-de-tita\/\" data-type=\"page\" data-id=\"68\">onologue de Tita<\/a><\/p>\n<\/div>\n\n\n\n<div class=\"wp-block-column is-layout-flow wp-block-column-is-layout-flow\">\n<p><a href=\"https:\/\/lamaggese.fr\/index.php\/monologue-pour-un-abre\/\" data-type=\"page\" data-id=\"71\">Monologue pour un arbre<\/a><\/p>\n<\/div>\n\n\n\n<div class=\"wp-block-column is-layout-flow wp-block-column-is-layout-flow\">\n<p><a href=\"https:\/\/lamaggese.fr\/index.php\/le-pied-dans-lengrenage\/\" data-type=\"page\" data-id=\"66\">Le pied dans l&rsquo;engrenage<\/a><\/p>\n<\/div>\n<\/div>\n\n\n\n<div class=\"wp-block-columns is-layout-flex wp-container-core-columns-is-layout-9d6595d7 wp-block-columns-is-layout-flex\">\n<div class=\"wp-block-column is-layout-flow wp-block-column-is-layout-flow\">\n<p><a href=\"https:\/\/lamaggese.fr\/index.php\/breviaire-de-memoire-culinaire\/\" data-type=\"page\" data-id=\"553\">Br\u00e9viaire de m\u00e9moire culinaire<\/a><\/p>\n<\/div>\n\n\n\n<div class=\"wp-block-column is-layout-flow wp-block-column-is-layout-flow\">\n<p><a href=\"https:\/\/lamaggese.fr\/index.php\/debordement\/\" data-type=\"page\" data-id=\"555\">D\u00e9bordement<\/a><\/p>\n<\/div>\n\n\n\n<div class=\"wp-block-column is-layout-flow wp-block-column-is-layout-flow\">\n<p><a href=\"https:\/\/lamaggese.fr\/index.php\/rites-de-passage\/\" data-type=\"page\" data-id=\"75\">Rite de passage<\/a><\/p>\n<\/div>\n<\/div>\n\n\n\n<div class=\"wp-block-columns is-layout-flex wp-container-core-columns-is-layout-9d6595d7 wp-block-columns-is-layout-flex\">\n<div class=\"wp-block-column is-layout-flow wp-block-column-is-layout-flow\">\n<p><a href=\"https:\/\/lamaggese.fr\/index.php\/vera-que-di-di-lune\/\" data-type=\"page\" data-id=\"77\">Ver\u00e0 que di di lune<\/a><\/p>\n<\/div>\n\n\n\n<div class=\"wp-block-column is-layout-flow wp-block-column-is-layout-flow\">\n<p><a href=\"https:\/\/lamaggese.fr\/index.php\/per-lina\/\" data-type=\"page\" data-id=\"73\">Per -Lina! <\/a><\/p>\n<\/div>\n\n\n\n<div class=\"wp-block-column is-layout-flow wp-block-column-is-layout-flow\">\n<p><\/p>\n<\/div>\n<\/div>\n\n\n\n<p><\/p>\n","protected":false},"excerpt":{"rendered":"<p>Laissez-moi chanter Puisque tu es une fille Charivari C&rsquo;est l&rsquo;aube de nouveau Etc, Etc&#8230; L&rsquo;homme cheval Monologue de Tita Monologue pour un arbre Le pied dans l&rsquo;engrenage Br\u00e9viaire de m\u00e9moire culinaire D\u00e9bordement Rite de passage Ver\u00e0 que di di lune Per -Lina!<\/p>\n","protected":false},"author":1,"featured_media":0,"parent":0,"menu_order":0,"comment_status":"closed","ping_status":"closed","template":"","meta":{"footnotes":""},"class_list":["post-116","page","type-page","status-publish","hentry"],"_links":{"self":[{"href":"https:\/\/lamaggese.fr\/index.php\/wp-json\/wp\/v2\/pages\/116","targetHints":{"allow":["GET"]}}],"collection":[{"href":"https:\/\/lamaggese.fr\/index.php\/wp-json\/wp\/v2\/pages"}],"about":[{"href":"https:\/\/lamaggese.fr\/index.php\/wp-json\/wp\/v2\/types\/page"}],"author":[{"embeddable":true,"href":"https:\/\/lamaggese.fr\/index.php\/wp-json\/wp\/v2\/users\/1"}],"replies":[{"embeddable":true,"href":"https:\/\/lamaggese.fr\/index.php\/wp-json\/wp\/v2\/comments?post=116"}],"version-history":[{"count":7,"href":"https:\/\/lamaggese.fr\/index.php\/wp-json\/wp\/v2\/pages\/116\/revisions"}],"predecessor-version":[{"id":612,"href":"https:\/\/lamaggese.fr\/index.php\/wp-json\/wp\/v2\/pages\/116\/revisions\/612"}],"wp:attachment":[{"href":"https:\/\/lamaggese.fr\/index.php\/wp-json\/wp\/v2\/media?parent=116"}],"curies":[{"name":"wp","href":"https:\/\/api.w.org\/{rel}","templated":true}]}}