{"id":1135,"date":"2023-08-03T15:14:33","date_gmt":"2023-08-03T13:14:33","guid":{"rendered":"https:\/\/lamaggese.fr\/?page_id=1135"},"modified":"2024-01-09T11:33:19","modified_gmt":"2024-01-09T10:33:19","slug":"rencontres-mars-a-septembre-2022","status":"publish","type":"page","link":"https:\/\/lamaggese.fr\/index.php\/rencontres-mars-a-septembre-2022\/","title":{"rendered":"Nos rencontres 2022"},"content":{"rendered":"\n<p><\/p>\n\n\n\n<hr class=\"wp-block-separator has-text-color has-vivid-red-color has-css-opacity has-vivid-red-background-color has-background is-style-wide\"\/>\n\n\n\n<p class=\"has-text-align-center\"><strong>Rencontre de chant traditionnel italien <span>\u00e0 Montreuil du 23 au 25 septembre<\/span><\/strong><span><br><\/span><\/p>\n\n\n\n<figure class=\"wp-block-gallery has-nested-images columns-default is-cropped wp-block-gallery-1 is-layout-flex wp-block-gallery-is-layout-flex\">\n<figure class=\"wp-block-image size-large\"><img loading=\"lazy\" decoding=\"async\" width=\"1024\" height=\"578\" data-id=\"1299\" src=\"https:\/\/lamaggese.fr\/wp-content\/uploads\/2024\/01\/IMG_0373-1024x578.jpg\" alt=\"\" class=\"wp-image-1299\" srcset=\"https:\/\/lamaggese.fr\/wp-content\/uploads\/2024\/01\/IMG_0373-1024x578.jpg 1024w, https:\/\/lamaggese.fr\/wp-content\/uploads\/2024\/01\/IMG_0373-300x169.jpg 300w, https:\/\/lamaggese.fr\/wp-content\/uploads\/2024\/01\/IMG_0373-768x433.jpg 768w, https:\/\/lamaggese.fr\/wp-content\/uploads\/2024\/01\/IMG_0373-1536x866.jpg 1536w, https:\/\/lamaggese.fr\/wp-content\/uploads\/2024\/01\/IMG_0373.jpg 1872w\" sizes=\"auto, (max-width: 767px) 89vw, (max-width: 1000px) 54vw, (max-width: 1071px) 543px, 580px\" \/><\/figure>\n\n\n\n<figure class=\"wp-block-image size-full\"><img loading=\"lazy\" decoding=\"async\" width=\"802\" height=\"503\" data-id=\"1298\" src=\"https:\/\/lamaggese.fr\/wp-content\/uploads\/2024\/01\/Capture-decran-2022-07-25-a-10.46.10.png\" alt=\"\" class=\"wp-image-1298\" srcset=\"https:\/\/lamaggese.fr\/wp-content\/uploads\/2024\/01\/Capture-decran-2022-07-25-a-10.46.10.png 802w, https:\/\/lamaggese.fr\/wp-content\/uploads\/2024\/01\/Capture-decran-2022-07-25-a-10.46.10-300x188.png 300w, https:\/\/lamaggese.fr\/wp-content\/uploads\/2024\/01\/Capture-decran-2022-07-25-a-10.46.10-768x482.png 768w\" sizes=\"auto, (max-width: 767px) 89vw, (max-width: 1000px) 54vw, (max-width: 1071px) 543px, 580px\" \/><\/figure>\n\n\n\n<figure class=\"wp-block-image size-large\"><img loading=\"lazy\" decoding=\"async\" width=\"1024\" height=\"681\" data-id=\"1297\" src=\"https:\/\/lamaggese.fr\/wp-content\/uploads\/2024\/01\/IMG_0370-1024x681.jpg\" alt=\"\" class=\"wp-image-1297\" srcset=\"https:\/\/lamaggese.fr\/wp-content\/uploads\/2024\/01\/IMG_0370-1024x681.jpg 1024w, https:\/\/lamaggese.fr\/wp-content\/uploads\/2024\/01\/IMG_0370-300x200.jpg 300w, https:\/\/lamaggese.fr\/wp-content\/uploads\/2024\/01\/IMG_0370-768x511.jpg 768w, https:\/\/lamaggese.fr\/wp-content\/uploads\/2024\/01\/IMG_0370.jpg 1345w\" sizes=\"auto, (max-width: 767px) 89vw, (max-width: 1000px) 54vw, (max-width: 1071px) 543px, 580px\" \/><\/figure>\n<\/figure>\n\n\n\n<hr class=\"wp-block-separator has-text-color has-vivid-red-color has-css-opacity has-vivid-red-background-color has-background is-style-wide\"\/>\n\n\n\n<p class=\"has-text-align-center\"><strong>Rencontre de chant traditionnel italien \u00e0 Montreuil du 25 au 27 mars<\/strong><\/p>\n\n\n\n<figure class=\"wp-block-gallery has-nested-images columns-default is-cropped wp-block-gallery-2 is-layout-flex wp-block-gallery-is-layout-flex\">\n<figure class=\"wp-block-image size-large\"><img loading=\"lazy\" decoding=\"async\" width=\"1024\" height=\"768\" data-id=\"1300\" src=\"https:\/\/lamaggese.fr\/wp-content\/uploads\/2024\/01\/a00bdb06-5f4e-44fd-9842-e7965cff09c1.jpg\" alt=\"\" class=\"wp-image-1300\" srcset=\"https:\/\/lamaggese.fr\/wp-content\/uploads\/2024\/01\/a00bdb06-5f4e-44fd-9842-e7965cff09c1.jpg 1024w, https:\/\/lamaggese.fr\/wp-content\/uploads\/2024\/01\/a00bdb06-5f4e-44fd-9842-e7965cff09c1-300x225.jpg 300w, https:\/\/lamaggese.fr\/wp-content\/uploads\/2024\/01\/a00bdb06-5f4e-44fd-9842-e7965cff09c1-768x576.jpg 768w\" sizes=\"auto, (max-width: 767px) 89vw, (max-width: 1000px) 54vw, (max-width: 1071px) 543px, 580px\" \/><\/figure>\n\n\n\n<figure class=\"wp-block-image size-large\"><img loading=\"lazy\" decoding=\"async\" width=\"507\" height=\"339\" data-id=\"1301\" src=\"https:\/\/lamaggese.fr\/wp-content\/uploads\/2024\/01\/Capture-decran-2022-03-01-a-09.07.03.png\" alt=\"\" class=\"wp-image-1301\" srcset=\"https:\/\/lamaggese.fr\/wp-content\/uploads\/2024\/01\/Capture-decran-2022-03-01-a-09.07.03.png 507w, https:\/\/lamaggese.fr\/wp-content\/uploads\/2024\/01\/Capture-decran-2022-03-01-a-09.07.03-300x201.png 300w\" sizes=\"auto, (max-width: 507px) 100vw, 507px\" \/><\/figure>\n<\/figure>\n\n\n\n<hr class=\"wp-block-separator has-text-color has-vivid-red-color has-css-opacity has-vivid-red-background-color has-background is-style-wide\"\/>\n\n\n\n<p class=\"has-text-align-center\"><strong>Rencontre de chant traditionnel italien du 22 au 24 avril \u00e0 Rome<\/strong><\/p>\n\n\n\n<p class=\"has-text-align-center\">Avec Giovanna Marini<\/p>\n\n\n\n<figure class=\"wp-block-embed is-type-video is-provider-youtube wp-block-embed-youtube wp-embed-aspect-16-9 wp-has-aspect-ratio\"><div class=\"wp-block-embed__wrapper\">\n<iframe loading=\"lazy\" title=\"Rencontre de chant traditionnel italien avec Giovanna Marini - Rome - avril 2022\" width=\"525\" height=\"295\" src=\"https:\/\/www.youtube.com\/embed\/B2lUuE99IaA?feature=oembed\" frameborder=\"0\" allow=\"accelerometer; autoplay; clipboard-write; encrypted-media; gyroscope; picture-in-picture; web-share\" referrerpolicy=\"strict-origin-when-cross-origin\" allowfullscreen><\/iframe>\n<\/div><\/figure>\n\n\n\n<hr class=\"wp-block-separator has-text-color has-vivid-red-color has-css-opacity has-vivid-red-background-color has-background is-style-wide\"\/>\n\n\n\n<p class=\"has-text-align-center\"><strong>Rencontre de chant traditionnel italien du 24 au 30 juin \u00e0 Madi\u00e8res<\/strong><\/p>\n\n\n\n<figure class=\"wp-block-embed is-type-video is-provider-youtube wp-block-embed-youtube wp-embed-aspect-16-9 wp-has-aspect-ratio\"><div class=\"wp-block-embed__wrapper\">\n<iframe loading=\"lazy\" title=\"Rencontre de chants traditionnels italiens avec Anna Andreotti &amp; Margherita Trefoloni \u00e0 Madi\u00e8res\" width=\"525\" height=\"295\" src=\"https:\/\/www.youtube.com\/embed\/bDLsLLjxAdM?feature=oembed\" frameborder=\"0\" allow=\"accelerometer; autoplay; clipboard-write; encrypted-media; gyroscope; picture-in-picture; web-share\" referrerpolicy=\"strict-origin-when-cross-origin\" allowfullscreen><\/iframe>\n<\/div><\/figure>\n\n\n\n<hr class=\"wp-block-separator has-text-color has-vivid-red-color has-css-opacity has-vivid-red-background-color has-background is-style-wide\"\/>\n\n\n\n<p class=\"has-text-align-center\"><strong>Rencontre de chant traditionnel italien du 31 ao\u00fbt au 5 septembre \u00e0 Genova<\/strong><\/p>\n\n\n\n<p class=\"has-text-align-center\"><strong>\u00c0 la d\u00e9couverte du Trallalero<\/strong><\/p>\n\n\n\n<figure class=\"wp-block-embed is-type-video is-provider-youtube wp-block-embed-youtube wp-embed-aspect-16-9 wp-has-aspect-ratio\"><div class=\"wp-block-embed__wrapper\">\n<iframe loading=\"lazy\" title=\"Rencontre de chants traditionnels italiens \u00e0 la d\u00e9couverte du Trallalero\" width=\"525\" height=\"295\" src=\"https:\/\/www.youtube.com\/embed\/Lims0njaE_0?feature=oembed\" frameborder=\"0\" allow=\"accelerometer; autoplay; clipboard-write; encrypted-media; gyroscope; picture-in-picture; web-share\" referrerpolicy=\"strict-origin-when-cross-origin\" allowfullscreen><\/iframe>\n<\/div><\/figure>\n","protected":false},"excerpt":{"rendered":"<p>Rencontre de chant traditionnel italien \u00e0 Montreuil du 23 au 25 septembre Rencontre de chant traditionnel italien \u00e0 Montreuil du 25 au 27 mars Rencontre de chant traditionnel italien du 22 au 24 avril \u00e0 Rome Avec Giovanna Marini Rencontre de chant traditionnel italien du 24 au 30 juin \u00e0 Madi\u00e8res Rencontre de chant traditionnel &hellip; <\/p>\n<p class=\"link-more\"><a href=\"https:\/\/lamaggese.fr\/index.php\/rencontres-mars-a-septembre-2022\/\" class=\"more-link\">Continuer la lecture<span class=\"screen-reader-text\"> de &laquo;&nbsp;Nos rencontres 2022&nbsp;&raquo;<\/span><\/a><\/p>\n","protected":false},"author":1,"featured_media":0,"parent":0,"menu_order":0,"comment_status":"closed","ping_status":"closed","template":"","meta":{"footnotes":""},"class_list":["post-1135","page","type-page","status-publish","hentry"],"_links":{"self":[{"href":"https:\/\/lamaggese.fr\/index.php\/wp-json\/wp\/v2\/pages\/1135","targetHints":{"allow":["GET"]}}],"collection":[{"href":"https:\/\/lamaggese.fr\/index.php\/wp-json\/wp\/v2\/pages"}],"about":[{"href":"https:\/\/lamaggese.fr\/index.php\/wp-json\/wp\/v2\/types\/page"}],"author":[{"embeddable":true,"href":"https:\/\/lamaggese.fr\/index.php\/wp-json\/wp\/v2\/users\/1"}],"replies":[{"embeddable":true,"href":"https:\/\/lamaggese.fr\/index.php\/wp-json\/wp\/v2\/comments?post=1135"}],"version-history":[{"count":4,"href":"https:\/\/lamaggese.fr\/index.php\/wp-json\/wp\/v2\/pages\/1135\/revisions"}],"predecessor-version":[{"id":1302,"href":"https:\/\/lamaggese.fr\/index.php\/wp-json\/wp\/v2\/pages\/1135\/revisions\/1302"}],"wp:attachment":[{"href":"https:\/\/lamaggese.fr\/index.php\/wp-json\/wp\/v2\/media?parent=1135"}],"curies":[{"name":"wp","href":"https:\/\/api.w.org\/{rel}","templated":true}]}}