{"id":1049,"date":"2023-05-22T12:10:45","date_gmt":"2023-05-22T10:10:45","guid":{"rendered":"https:\/\/lamaggese.fr\/?page_id=1049"},"modified":"2023-11-29T12:15:21","modified_gmt":"2023-11-29T11:15:21","slug":"festival-quand-la-maggese-se-remet-a-chanter","status":"publish","type":"page","link":"https:\/\/lamaggese.fr\/index.php\/festival-quand-la-maggese-se-remet-a-chanter\/","title":{"rendered":"Festival \u00ab\u00a0Quand la Maggese se remet \u00e0 chanter !\u00a0\u00bb"},"content":{"rendered":"\n<hr class=\"wp-block-separator has-alpha-channel-opacity\"\/>\n\n\n\n<figure class=\"wp-block-embed is-type-video is-provider-youtube wp-block-embed-youtube wp-embed-aspect-16-9 wp-has-aspect-ratio\"><div class=\"wp-block-embed__wrapper\">\n<iframe loading=\"lazy\" title=\"Festival &quot;Quand la Maggese se remet \u00e0 chanter&quot; 1\u00e8re \u00e9dition\" width=\"525\" height=\"295\" src=\"https:\/\/www.youtube.com\/embed\/TZ_aNrtlL-E?feature=oembed\" frameborder=\"0\" allow=\"accelerometer; autoplay; clipboard-write; encrypted-media; gyroscope; picture-in-picture; web-share\" referrerpolicy=\"strict-origin-when-cross-origin\" allowfullscreen><\/iframe>\n<\/div><\/figure>\n\n\n\n<p><em>\u00ab\u00a0Nous avons d\u00e9cid\u00e9 de&nbsp;<\/em><strong><em>f\u00eater notre r\u00e9sistance<\/em><\/strong><em>, notre&nbsp;<\/em><strong><em>passion<\/em><\/strong><em>, notre curiosit\u00e9, notre bouillonnement, notre amour pour l\u2019Italie,&nbsp;<\/em><strong><em>\u00ab\u00a0notre vitalit\u00e9 d\u00e9sesp\u00e9r\u00e9e\u00a0\u00bb, comme le disait Pasolini ;&nbsp;<\/em><\/strong><em>notre envie de d\u00e9fendre le langage oral, que ce soit la parole comme le chant, notre envie de jouer, de chanter et encore jouer et encore chanter avec vous !<\/em><\/p>\n\n\n\n<p><em>Voici&nbsp;<\/em><strong><em>notre voyage&nbsp;<\/em><\/strong><em>\u00e9tal\u00e9 sur une petite semaine de&nbsp;<\/em><strong><em>d\u00e9couvertes multiples&nbsp;<\/em><\/strong><em>avec des&nbsp;<\/em><strong><em>spectacles&nbsp;<\/em><\/strong><em>qui, pour certains, ont 10 ans et pour d\u2019autres sont en cours, en recherche d\u2019\u00e9criture ou de producteur !!!<\/em><\/p>\n\n\n\n<p>Nous serons&nbsp;<em>heureux de&nbsp;<\/em><strong><em>partager notre univers si sp\u00e9cifique&nbsp;<\/em><\/strong><em>li\u00e9 \u00e0 une identit\u00e9 culturelle bien d\u00e9finie qui devient<\/em> <em>universel avec le public.<br>Vous y trouverez musiques, chants, textes, t\u00e9moignages, po\u00e8mes, ateliers de<\/em> <em>chants. Mais aussi \u00e0 manger et \u00e0 boire.&nbsp;<\/em><strong><em>Nous avons h\u00e2te&nbsp;<\/em><\/strong><em>de partager tout cela<\/em> <em>avec vous.<br>On vous attend !!\u00a0\u00bb<\/em><\/p>\n\n\n\n<hr class=\"wp-block-separator has-alpha-channel-opacity\"\/>\n\n\n\n<figure class=\"wp-block-gallery has-nested-images columns-default is-cropped wp-block-gallery-1 is-layout-flex wp-block-gallery-is-layout-flex\">\n<figure class=\"wp-block-image size-full\"><img loading=\"lazy\" decoding=\"async\" width=\"490\" height=\"647\" data-id=\"1091\" src=\"https:\/\/lamaggese.fr\/wp-content\/uploads\/2023\/07\/Capture-decran-2023-07-19-a-10.49.09.png\" alt=\"\" class=\"wp-image-1091\" srcset=\"https:\/\/lamaggese.fr\/wp-content\/uploads\/2023\/07\/Capture-decran-2023-07-19-a-10.49.09.png 490w, https:\/\/lamaggese.fr\/wp-content\/uploads\/2023\/07\/Capture-decran-2023-07-19-a-10.49.09-227x300.png 227w\" sizes=\"auto, (max-width: 490px) 100vw, 490px\" \/><\/figure>\n\n\n\n<figure class=\"wp-block-image size-full\"><img loading=\"lazy\" decoding=\"async\" width=\"845\" height=\"647\" data-id=\"1092\" src=\"https:\/\/lamaggese.fr\/wp-content\/uploads\/2023\/07\/Capture-decran-2023-07-19-a-10.49.47.png\" alt=\"\" class=\"wp-image-1092\" srcset=\"https:\/\/lamaggese.fr\/wp-content\/uploads\/2023\/07\/Capture-decran-2023-07-19-a-10.49.47.png 845w, https:\/\/lamaggese.fr\/wp-content\/uploads\/2023\/07\/Capture-decran-2023-07-19-a-10.49.47-300x230.png 300w, https:\/\/lamaggese.fr\/wp-content\/uploads\/2023\/07\/Capture-decran-2023-07-19-a-10.49.47-768x588.png 768w\" sizes=\"auto, (max-width: 767px) 89vw, (max-width: 1000px) 54vw, (max-width: 1071px) 543px, 580px\" \/><\/figure>\n\n\n\n<figure class=\"wp-block-image size-full\"><img loading=\"lazy\" decoding=\"async\" width=\"860\" height=\"619\" data-id=\"1103\" src=\"https:\/\/lamaggese.fr\/wp-content\/uploads\/2023\/07\/Capture-decran-2023-07-19-a-10.47.38-1.png\" alt=\"\" class=\"wp-image-1103\" srcset=\"https:\/\/lamaggese.fr\/wp-content\/uploads\/2023\/07\/Capture-decran-2023-07-19-a-10.47.38-1.png 860w, https:\/\/lamaggese.fr\/wp-content\/uploads\/2023\/07\/Capture-decran-2023-07-19-a-10.47.38-1-300x216.png 300w, https:\/\/lamaggese.fr\/wp-content\/uploads\/2023\/07\/Capture-decran-2023-07-19-a-10.47.38-1-768x553.png 768w\" sizes=\"auto, (max-width: 767px) 89vw, (max-width: 1000px) 54vw, (max-width: 1071px) 543px, 580px\" \/><\/figure>\n\n\n\n<figure class=\"wp-block-image size-full\"><img loading=\"lazy\" decoding=\"async\" width=\"902\" height=\"648\" data-id=\"1094\" src=\"https:\/\/lamaggese.fr\/wp-content\/uploads\/2023\/07\/Capture-decran-2023-07-19-a-10.48.06.png\" alt=\"\" class=\"wp-image-1094\" srcset=\"https:\/\/lamaggese.fr\/wp-content\/uploads\/2023\/07\/Capture-decran-2023-07-19-a-10.48.06.png 902w, https:\/\/lamaggese.fr\/wp-content\/uploads\/2023\/07\/Capture-decran-2023-07-19-a-10.48.06-300x216.png 300w, https:\/\/lamaggese.fr\/wp-content\/uploads\/2023\/07\/Capture-decran-2023-07-19-a-10.48.06-768x552.png 768w\" sizes=\"auto, (max-width: 767px) 89vw, (max-width: 1000px) 54vw, (max-width: 1071px) 543px, 580px\" \/><\/figure>\n\n\n\n<figure class=\"wp-block-image size-large\"><img loading=\"lazy\" decoding=\"async\" width=\"881\" height=\"653\" data-id=\"1095\" src=\"https:\/\/lamaggese.fr\/wp-content\/uploads\/2023\/07\/Capture-decran-2023-07-19-a-10.49.34.png\" alt=\"\" class=\"wp-image-1095\" srcset=\"https:\/\/lamaggese.fr\/wp-content\/uploads\/2023\/07\/Capture-decran-2023-07-19-a-10.49.34.png 881w, https:\/\/lamaggese.fr\/wp-content\/uploads\/2023\/07\/Capture-decran-2023-07-19-a-10.49.34-300x222.png 300w, https:\/\/lamaggese.fr\/wp-content\/uploads\/2023\/07\/Capture-decran-2023-07-19-a-10.49.34-768x569.png 768w\" sizes=\"auto, (max-width: 767px) 89vw, (max-width: 1000px) 54vw, (max-width: 1071px) 543px, 580px\" \/><\/figure>\n\n\n\n<figure class=\"wp-block-image size-large\"><img loading=\"lazy\" decoding=\"async\" width=\"481\" height=\"627\" data-id=\"1096\" src=\"https:\/\/lamaggese.fr\/wp-content\/uploads\/2023\/07\/Capture-decran-2023-07-19-a-10.49.17.png\" alt=\"\" class=\"wp-image-1096\" srcset=\"https:\/\/lamaggese.fr\/wp-content\/uploads\/2023\/07\/Capture-decran-2023-07-19-a-10.49.17.png 481w, https:\/\/lamaggese.fr\/wp-content\/uploads\/2023\/07\/Capture-decran-2023-07-19-a-10.49.17-230x300.png 230w\" sizes=\"auto, (max-width: 481px) 100vw, 481px\" \/><\/figure>\n\n\n\n<figure class=\"wp-block-image size-large\"><img loading=\"lazy\" decoding=\"async\" width=\"1024\" height=\"570\" data-id=\"1097\" src=\"https:\/\/lamaggese.fr\/wp-content\/uploads\/2023\/07\/Capture-decran-2023-07-19-a-10.48.56-1024x570.png\" alt=\"\" class=\"wp-image-1097\" srcset=\"https:\/\/lamaggese.fr\/wp-content\/uploads\/2023\/07\/Capture-decran-2023-07-19-a-10.48.56-1024x570.png 1024w, https:\/\/lamaggese.fr\/wp-content\/uploads\/2023\/07\/Capture-decran-2023-07-19-a-10.48.56-300x167.png 300w, https:\/\/lamaggese.fr\/wp-content\/uploads\/2023\/07\/Capture-decran-2023-07-19-a-10.48.56-768x428.png 768w, https:\/\/lamaggese.fr\/wp-content\/uploads\/2023\/07\/Capture-decran-2023-07-19-a-10.48.56.png 1185w\" sizes=\"auto, (max-width: 767px) 89vw, (max-width: 1000px) 54vw, (max-width: 1071px) 543px, 580px\" \/><\/figure>\n\n\n\n<figure class=\"wp-block-image size-large\"><img loading=\"lazy\" decoding=\"async\" width=\"885\" height=\"652\" data-id=\"1098\" src=\"https:\/\/lamaggese.fr\/wp-content\/uploads\/2023\/07\/Capture-decran-2023-07-19-a-10.48.44.png\" alt=\"\" class=\"wp-image-1098\" srcset=\"https:\/\/lamaggese.fr\/wp-content\/uploads\/2023\/07\/Capture-decran-2023-07-19-a-10.48.44.png 885w, https:\/\/lamaggese.fr\/wp-content\/uploads\/2023\/07\/Capture-decran-2023-07-19-a-10.48.44-300x221.png 300w, https:\/\/lamaggese.fr\/wp-content\/uploads\/2023\/07\/Capture-decran-2023-07-19-a-10.48.44-768x566.png 768w\" sizes=\"auto, (max-width: 767px) 89vw, (max-width: 1000px) 54vw, (max-width: 1071px) 543px, 580px\" \/><\/figure>\n\n\n\n<figure class=\"wp-block-image size-large\"><img loading=\"lazy\" decoding=\"async\" width=\"867\" height=\"643\" data-id=\"1099\" src=\"https:\/\/lamaggese.fr\/wp-content\/uploads\/2023\/07\/Capture-decran-2023-07-19-a-10.49.25.png\" alt=\"\" class=\"wp-image-1099\" srcset=\"https:\/\/lamaggese.fr\/wp-content\/uploads\/2023\/07\/Capture-decran-2023-07-19-a-10.49.25.png 867w, https:\/\/lamaggese.fr\/wp-content\/uploads\/2023\/07\/Capture-decran-2023-07-19-a-10.49.25-300x222.png 300w, https:\/\/lamaggese.fr\/wp-content\/uploads\/2023\/07\/Capture-decran-2023-07-19-a-10.49.25-768x570.png 768w\" sizes=\"auto, (max-width: 767px) 89vw, (max-width: 1000px) 54vw, (max-width: 1071px) 543px, 580px\" \/><\/figure>\n\n\n\n<figure class=\"wp-block-image size-full\"><img loading=\"lazy\" decoding=\"async\" width=\"495\" height=\"670\" data-id=\"1102\" src=\"https:\/\/lamaggese.fr\/wp-content\/uploads\/2023\/07\/Capture-decran-2023-07-19-a-10.47.26-1.png\" alt=\"\" class=\"wp-image-1102\" srcset=\"https:\/\/lamaggese.fr\/wp-content\/uploads\/2023\/07\/Capture-decran-2023-07-19-a-10.47.26-1.png 495w, https:\/\/lamaggese.fr\/wp-content\/uploads\/2023\/07\/Capture-decran-2023-07-19-a-10.47.26-1-222x300.png 222w\" sizes=\"auto, (max-width: 495px) 100vw, 495px\" \/><\/figure>\n\n\n\n<figure class=\"wp-block-image size-large\"><img loading=\"lazy\" decoding=\"async\" width=\"505\" height=\"671\" data-id=\"1101\" src=\"https:\/\/lamaggese.fr\/wp-content\/uploads\/2023\/07\/Capture-decran-2023-06-26-a-10.57.32-2.png\" alt=\"\" class=\"wp-image-1101\" srcset=\"https:\/\/lamaggese.fr\/wp-content\/uploads\/2023\/07\/Capture-decran-2023-06-26-a-10.57.32-2.png 505w, https:\/\/lamaggese.fr\/wp-content\/uploads\/2023\/07\/Capture-decran-2023-06-26-a-10.57.32-2-226x300.png 226w\" sizes=\"auto, (max-width: 505px) 100vw, 505px\" \/><\/figure>\n<\/figure>\n\n\n\n<hr class=\"wp-block-separator has-alpha-channel-opacity\"\/>\n\n\n\n<div data-wp-interactive=\"core\/file\" class=\"wp-block-file\"><object data-wp-bind--hidden=\"!state.hasPdfPreview\" hidden class=\"wp-block-file__embed\" data=\"https:\/\/lamaggese.fr\/wp-content\/uploads\/2023\/05\/programmation-2.pdf\" type=\"application\/pdf\" style=\"width:100%;height:600px\" aria-label=\"Contenu embarqu\u00e9 programmation-2.\"><\/object><a id=\"wp-block-file--media-3969d9a4-32b0-4384-96a3-1eaa1f487d65\" href=\"https:\/\/lamaggese.fr\/wp-content\/uploads\/2023\/05\/programmation-2.pdf\">programmation-2<\/a><a href=\"https:\/\/lamaggese.fr\/wp-content\/uploads\/2023\/05\/programmation-2.pdf\" class=\"wp-block-file__button wp-element-button\" download aria-describedby=\"wp-block-file--media-3969d9a4-32b0-4384-96a3-1eaa1f487d65\">T\u00e9l\u00e9charger<\/a><\/div>\n","protected":false},"excerpt":{"rendered":"<p>\u00ab\u00a0Nous avons d\u00e9cid\u00e9 de&nbsp;f\u00eater notre r\u00e9sistance, notre&nbsp;passion, notre curiosit\u00e9, notre bouillonnement, notre amour pour l\u2019Italie,&nbsp;\u00ab\u00a0notre vitalit\u00e9 d\u00e9sesp\u00e9r\u00e9e\u00a0\u00bb, comme le disait Pasolini ;&nbsp;notre envie de d\u00e9fendre le langage oral, que ce soit la parole comme le chant, notre envie de jouer, de chanter et encore jouer et encore chanter avec vous ! Voici&nbsp;notre voyage&nbsp;\u00e9tal\u00e9 sur une &hellip; <\/p>\n<p class=\"link-more\"><a href=\"https:\/\/lamaggese.fr\/index.php\/festival-quand-la-maggese-se-remet-a-chanter\/\" class=\"more-link\">Continuer la lecture<span class=\"screen-reader-text\"> de &laquo;&nbsp;Festival \u00ab\u00a0Quand la Maggese se remet \u00e0 chanter !\u00a0\u00bb&nbsp;&raquo;<\/span><\/a><\/p>\n","protected":false},"author":1,"featured_media":0,"parent":0,"menu_order":0,"comment_status":"closed","ping_status":"closed","template":"","meta":{"footnotes":""},"class_list":["post-1049","page","type-page","status-publish","hentry"],"_links":{"self":[{"href":"https:\/\/lamaggese.fr\/index.php\/wp-json\/wp\/v2\/pages\/1049","targetHints":{"allow":["GET"]}}],"collection":[{"href":"https:\/\/lamaggese.fr\/index.php\/wp-json\/wp\/v2\/pages"}],"about":[{"href":"https:\/\/lamaggese.fr\/index.php\/wp-json\/wp\/v2\/types\/page"}],"author":[{"embeddable":true,"href":"https:\/\/lamaggese.fr\/index.php\/wp-json\/wp\/v2\/users\/1"}],"replies":[{"embeddable":true,"href":"https:\/\/lamaggese.fr\/index.php\/wp-json\/wp\/v2\/comments?post=1049"}],"version-history":[{"count":7,"href":"https:\/\/lamaggese.fr\/index.php\/wp-json\/wp\/v2\/pages\/1049\/revisions"}],"predecessor-version":[{"id":1240,"href":"https:\/\/lamaggese.fr\/index.php\/wp-json\/wp\/v2\/pages\/1049\/revisions\/1240"}],"wp:attachment":[{"href":"https:\/\/lamaggese.fr\/index.php\/wp-json\/wp\/v2\/media?parent=1049"}],"curies":[{"name":"wp","href":"https:\/\/api.w.org\/{rel}","templated":true}]}}